{"id":308,"date":"2025-08-06T16:57:04","date_gmt":"2025-08-06T16:57:04","guid":{"rendered":"https:\/\/ktech1.k-tech-services.com\/info314\/?page_id=308"},"modified":"2025-08-12T02:29:37","modified_gmt":"2025-08-12T02:29:37","slug":"rd","status":"publish","type":"page","link":"https:\/\/ktech1.k-tech-services.com\/info314\/rd\/","title":{"rendered":"R&#038;D"},"content":{"rendered":"  <div id=\"page-header-739556861\" class=\"page-header-wrapper\">\n  <div class=\"page-title dark featured-title\">\n\n        <div class=\"page-title-bg\">\n      <div class=\"title-bg fill bg-fill\"\n        data-parallax-container=\".page-title\"\n        data-parallax-background\n        data-parallax=\"-\">\n      <\/div>\n      <div class=\"title-overlay fill\"><\/div>\n    <\/div>\n    \n    <div class=\"page-title-inner container align-center text-center flex-row-col medium-flex-wrap\" >\n              <div class=\"title-wrapper flex-col\">\n          <h1 class=\"entry-title mb-0\">\n            R&#038;D          <\/h1>\n        <\/div>\n                <div class=\"page-title-sub op-7 flex-col\">\n          <p class=\"lead\">Gi\u1ea5c m\u01a1 c\u1ee7a Chin Yang \u2013 Mang \u0111\u1ebfn cu\u1ed9c s\u1ed1ng ti\u1ec7n nghi, n\u00e2ng cao ch\u1ea5t l\u01b0\u1ee3ng s\u1ed1ng v\u00e0 ch\u1ea1m t\u1edbi th\u1ebf gi\u1edbi - Ch\u00fang t\u00f4i s\u1ebd ki\u1ebfn t\u1ea1o t\u01b0\u01a1ng lai th\u00f4ng qua thi\u1ebft k\u1ebf \u0111\u1eb9p, ph\u00e1t tri\u1ec3n v\u1eadt li\u1ec7u m\u1edbi, v\u00e0 lu\u00f4n \u0111\u1eb7t kh\u00e1ch h\u00e0ng c\u00f9ng m\u00f4i tr\u01b0\u1eddng l\u00ean h\u00e0ng \u0111\u1ea7u.<\/p>\n        <\/div>\n                    <div class=\"title-content flex-col\">\n              <\/div>\n    <\/div>\n\n     \n<style>\n#page-header-739556861 .page-title-inner {\n  min-height: 300px;\n}\n#page-header-739556861 .title-bg {\n  background-image: url(https:\/\/ktech1.k-tech-services.com\/info314\/wp-content\/uploads\/2025\/08\/bg-sub-04.jpg);\n}\n<\/style>\n  <\/div>\n    <\/div>\n  \n\n\t<section class=\"section\" id=\"section_2041937990\">\n\t\t<div class=\"section-bg fill\" >\n\t\t\t\t\t\t\t\t\t\n\t\t\t\n\n\t\t<\/div>\n\n\t\t\n\n\t\t<div class=\"section-content relative\">\n\t\t\t\n<div class=\"row\"  id=\"row-1124430554\">\n\n\t<div id=\"col-2134970035\" class=\"col small-12 large-12\"  >\n\t\t\t\t<div class=\"col-inner\"  >\n\t\t\t\n\t\t\t\n<div class=\"container section-title-container custom-title\" ><h2 class=\"section-title section-title-normal\"><b aria-hidden=\"true\"><\/b><span class=\"section-title-main\" >V\u01b0\u1ee3t qua gi\u1edbi h\u1ea1n \u0111\u1ed5i m\u1edbi c\u1ee7a h\u1ec7 th\u1ed1ng ph\u00e1t tri\u1ec3n s\u00e0n<\/span><b aria-hidden=\"true\"><\/b><\/h2><\/div>\n<p data-start=\"79\" data-end=\"226\"><strong data-start=\"79\" data-end=\"138\">V\u01b0\u1ee3t qua gi\u1edbi h\u1ea1n \u0111\u1ed5i m\u1edbi trong h\u1ec7 th\u1ed1ng ph\u00e1t tri\u1ec3n s\u00e0n<\/strong>, Chin Yang l\u00e0 m\u1ed9t c\u00f4ng ty \u0111\u01b0\u1ee3c ch\u1ee9ng nh\u1eadn l\u00e0 vi\u1ec7n nghi\u00ean c\u1ee9u tr\u1ef1c thu\u1ed9c doanh nghi\u1ec7p.<\/p>\n<p data-start=\"228\" data-end=\"454\">L\u00e0 trung t\u00e2m nghi\u00ean c\u1ee9u to\u00e0n di\u1ec7n trong l\u0129nh v\u1ef1c t\u00edch h\u1ee3p PVC, ch\u00fang t\u00f4i \u0111ang kh\u00f4ng ng\u1eebng c\u1ee7ng c\u1ed1 n\u0103ng l\u1ef1c v\u1ec1 v\u1eadt li\u1ec7u m\u1edbi v\u00e0 c\u00f4ng ngh\u1ec7 s\u1ea3n ph\u1ea9m m\u1edbi, bao g\u1ed3m c\u00e1c lo\u1ea1i v\u1eadt li\u1ec7u tr\u1ea3i s\u00e0n d\u1ea1ng t\u1ea5m th\u1ebf h\u1ec7 ti\u1ebfp theo v\u00e0 da nh\u00e2n t\u1ea1o.<\/p>\n<p data-start=\"456\" data-end=\"665\">\u0110\u1ec3 tr\u1edf th\u00e0nh c\u00f4ng ty h\u00f3a ch\u1ea5t h\u00e0ng \u0111\u1ea7u, ch\u00fang t\u00f4i s\u1ebd n\u1ed7 l\u1ef1c h\u1ebft m\u00ecnh trong vi\u1ec7c ph\u00e1t tri\u1ec3n c\u00e1c c\u00f4ng ngh\u1ec7 d\u1ef1a tr\u00ean v\u1eadt li\u1ec7u thay th\u1ebf th\u00e2n thi\u1ec7n v\u1edbi m\u00f4i tr\u01b0\u1eddng v\u00e0 ph\u1ee5c v\u1ee5 cho c\u00e1c ng\u00e0nh c\u00f4ng nghi\u1ec7p c\u1ee7a t\u01b0\u01a1ng lai.<\/p>\n<h3 data-start=\"456\" data-end=\"665\">[ Nghi\u00ean c\u1ee9u ch\u00ednh t\u1ea1i Ph\u00f2ng R&amp;D \/ Ph\u00e1t tri\u1ec3n V\u1eadt li\u1ec7u v\u00e0 S\u1ea3n ph\u1ea9m M\u1edbi ]<\/h3>\n<div class=\"row row-small\"  id=\"row-1093363242\">\n\n\t<div id=\"col-1990433773\" class=\"col medium-6 small-12 large-6\"  >\n\t\t\t\t<div class=\"col-inner\"  >\n\t\t\t\n\t\t\t\n\t<div class=\"img has-hover x md-x lg-x y md-y lg-y\" id=\"image_1114252356\">\n\t\t\t\t\t\t\t\t<div class=\"img-inner dark\" >\n\t\t\t<img loading=\"lazy\" decoding=\"async\" width=\"960\" height=\"725\" src=\"https:\/\/ktech1.k-tech-services.com\/info314\/wp-content\/uploads\/2025\/08\/img-rnd01.jpg\" class=\"attachment-original size-original\" alt=\"\" srcset=\"https:\/\/ktech1.k-tech-services.com\/info314\/wp-content\/uploads\/2025\/08\/img-rnd01.jpg 960w, https:\/\/ktech1.k-tech-services.com\/info314\/wp-content\/uploads\/2025\/08\/img-rnd01-600x453.jpg 600w, https:\/\/ktech1.k-tech-services.com\/info314\/wp-content\/uploads\/2025\/08\/img-rnd01-300x227.jpg 300w, https:\/\/ktech1.k-tech-services.com\/info314\/wp-content\/uploads\/2025\/08\/img-rnd01-768x580.jpg 768w\" sizes=\"auto, (max-width: 960px) 100vw, 960px\" \/>\t\t\t\t\t\t\n\t\t\t\t\t<\/div>\n\t\t\t\t\t\t\t\t\n<style>\n#image_1114252356 {\n  width: 100%;\n}\n<\/style>\n\t<\/div>\n\t\n<h3 data-start=\"79\" data-end=\"117\"><strong data-start=\"83\" data-end=\"117\">Nghi\u00ean c\u1ee9u v\u00e0 Ph\u00e1t tri\u1ec3n Ch\u00ednh<\/strong><\/h3>\n<ul data-start=\"119\" data-end=\"608\">\n<li data-start=\"119\" data-end=\"174\">\n<p data-start=\"121\" data-end=\"174\">Nghi\u00ean c\u1ee9u v\u00e0 ph\u00e1t tri\u1ec3n v\u1eadt li\u1ec7u ph\u1ee7 s\u00e0n ch\u1ee9c n\u0103ng<\/p>\n<\/li>\n<li data-start=\"175\" data-end=\"233\">\n<p data-start=\"177\" data-end=\"233\">Nghi\u00ean c\u1ee9u v\u00e0 ph\u00e1t tri\u1ec3n th\u1ea3m x\u1ed1p d\u00e0y v\u00e0 c\u00f3 \u0111\u1ed9 n\u00e9n cao<\/p>\n<\/li>\n<li data-start=\"234\" data-end=\"331\">\n<p data-start=\"236\" data-end=\"331\">Nghi\u00ean c\u1ee9u v\u00e0 ph\u00e1t tri\u1ec3n th\u1ea3m gi\u1ea3m ti\u1ebfng \u1ed3n s\u00e0n nh\u00e0 th\u00e2n thi\u1ec7n v\u1edbi m\u00f4i tr\u01b0\u1eddng (PU-form + TPU)<\/p>\n<\/li>\n<li data-start=\"332\" data-end=\"391\">\n<p data-start=\"334\" data-end=\"391\">Nghi\u00ean c\u1ee9u v\u00e0 ph\u00e1t tri\u1ec3n v\u1eadt li\u1ec7u n\u1ed9i th\u1ea5t nh\u1eb9 cho \u00f4 t\u00f4<\/p>\n<\/li>\n<li data-start=\"392\" data-end=\"478\">\n<p data-start=\"394\" data-end=\"478\">Nghi\u00ean c\u1ee9u v\u00e0 ph\u00e1t tri\u1ec3n v\u1eadt li\u1ec7u th\u00e2n thi\u1ec7n v\u1edbi m\u00f4i tr\u01b0\u1eddng cho xe \u00f4 t\u00f4 th\u1ebf h\u1ec7 m\u1edbi<\/p>\n<\/li>\n<li data-start=\"479\" data-end=\"514\">\n<p data-start=\"481\" data-end=\"514\">Tham gia c\u00e1c d\u1ef1 \u00e1n c\u1ea5p qu\u1ed1c gia<\/p>\n<\/li>\n<li data-start=\"515\" data-end=\"608\">\n<p data-start=\"517\" data-end=\"608\">\u0110\u1ea3m b\u1ea3o ph\u00e1t tri\u1ec3n c\u00f4ng ngh\u1ec7 m\u1edbi th\u00f4ng qua li\u00ean k\u1ebft gi\u1eefa ph\u00f2ng th\u00ed nghi\u1ec7m v\u00e0 doanh nghi\u1ec7p<\/p>\n<\/li>\n<\/ul>\n\t\t<\/div>\n\t\t\t\t\t<\/div>\n\n\t\n\n\t<div id=\"col-1516840753\" class=\"col medium-6 small-12 large-6\"  >\n\t\t\t\t<div class=\"col-inner\"  >\n\t\t\t\n\t\t\t\n\t<div class=\"img has-hover x md-x lg-x y md-y lg-y\" id=\"image_2110852038\">\n\t\t\t\t\t\t\t\t<div class=\"img-inner dark\" >\n\t\t\t<img loading=\"lazy\" decoding=\"async\" width=\"960\" height=\"725\" src=\"https:\/\/ktech1.k-tech-services.com\/info314\/wp-content\/uploads\/2025\/08\/img-rnd02.jpg\" class=\"attachment-original size-original\" alt=\"\" srcset=\"https:\/\/ktech1.k-tech-services.com\/info314\/wp-content\/uploads\/2025\/08\/img-rnd02.jpg 960w, https:\/\/ktech1.k-tech-services.com\/info314\/wp-content\/uploads\/2025\/08\/img-rnd02-600x453.jpg 600w, https:\/\/ktech1.k-tech-services.com\/info314\/wp-content\/uploads\/2025\/08\/img-rnd02-300x227.jpg 300w, https:\/\/ktech1.k-tech-services.com\/info314\/wp-content\/uploads\/2025\/08\/img-rnd02-768x580.jpg 768w\" sizes=\"auto, (max-width: 960px) 100vw, 960px\" \/>\t\t\t\t\t\t\n\t\t\t\t\t<\/div>\n\t\t\t\t\t\t\t\t\n<style>\n#image_2110852038 {\n  width: 100%;\n}\n<\/style>\n\t<\/div>\n\t\n<h3 data-start=\"106\" data-end=\"137\"><strong data-start=\"110\" data-end=\"137\">B\u1eb1ng S\u00e1ng Ch\u1ebf C\u00f4ng Ngh\u1ec7<\/strong><\/h3>\n<ul data-start=\"139\" data-end=\"1231\">\n<li data-start=\"139\" data-end=\"273\">\n<p data-start=\"141\" data-end=\"273\"><strong data-start=\"141\" data-end=\"174\">[B\u1eb1ng s\u00e1ng ch\u1ebf s\u1ed1 10-1499071]<\/strong> V\u1eadt li\u1ec7u l\u00e1t s\u00e0n th\u00e2n thi\u1ec7n v\u1edbi m\u00f4i tr\u01b0\u1eddng v\u00e0 ph\u01b0\u01a1ng ph\u00e1p s\u1ea3n xu\u1ea5t s\u1eed d\u1ee5ng s\u1ee3i ph\u1ee7 kh\u00f4ng \u0111\u1ed9c h\u1ea1i<\/p>\n<\/li>\n<li data-start=\"274\" data-end=\"372\">\n<p data-start=\"276\" data-end=\"372\"><strong data-start=\"276\" data-end=\"309\">[B\u1eb1ng s\u00e1ng ch\u1ebf s\u1ed1 10-1131127]<\/strong> V\u1eadt li\u1ec7u s\u00e0n PVC d\u00f9ng cho th\u1ea3m s\u01b0\u1edfi n\u01b0\u1edbc ho\u1eb7c th\u1ea3m s\u01b0\u1edfi \u0111i\u1ec7n<\/p>\n<\/li>\n<li data-start=\"373\" data-end=\"486\">\n<p data-start=\"375\" data-end=\"486\"><strong data-start=\"375\" data-end=\"408\">[B\u1eb1ng s\u00e1ng ch\u1ebf s\u1ed1 10-1395714]<\/strong> V\u1eadt li\u1ec7u l\u00e1t s\u00e0n th\u00e2n thi\u1ec7n v\u1edbi m\u00f4i tr\u01b0\u1eddng tr\u00ean n\u1ec1n polyolefin thay th\u1ebf PVC<\/p>\n<\/li>\n<li data-start=\"487\" data-end=\"568\">\n<p data-start=\"489\" data-end=\"568\"><strong data-start=\"489\" data-end=\"522\">[B\u1eb1ng s\u00e1ng ch\u1ebf s\u1ed1 10-1395718]<\/strong> Nh\u1ef1a polyurethane g\u1ed1c n\u01b0\u1edbc d\u00f9ng cho keo d\u00e1n<\/p>\n<\/li>\n<li data-start=\"569\" data-end=\"654\">\n<p data-start=\"571\" data-end=\"654\"><strong data-start=\"571\" data-end=\"604\">[B\u1eb1ng s\u00e1ng ch\u1ebf s\u1ed1 10-0583471]<\/strong> Da nh\u00e2n t\u1ea1o s\u1eed d\u1ee5ng nh\u1ef1a polyurethane nhi\u1ec7t d\u1ebbo<\/p>\n<\/li>\n<li data-start=\"655\" data-end=\"720\">\n<p data-start=\"657\" data-end=\"720\"><strong data-start=\"657\" data-end=\"690\">[B\u1eb1ng s\u00e1ng ch\u1ebf s\u1ed1 10-0838820]<\/strong> Nh\u1ef1a polyurethane nhi\u1ec7t d\u1ebbo<\/p>\n<\/li>\n<li data-start=\"721\" data-end=\"809\">\n<p data-start=\"723\" data-end=\"809\"><strong data-start=\"723\" data-end=\"756\">[B\u1eb1ng s\u00e1ng ch\u1ebf s\u1ed1 10-1873347]<\/strong> M\u00e0ng ch\u1ed1ng ch\u00e1y polyolefin v\u00e0 ph\u01b0\u01a1ng ph\u00e1p s\u1ea3n xu\u1ea5t<\/p>\n<\/li>\n<li data-start=\"810\" data-end=\"910\">\n<p data-start=\"812\" data-end=\"910\"><strong data-start=\"812\" data-end=\"845\">[B\u1eb1ng s\u00e1ng ch\u1ebf s\u1ed1 10-0600841]<\/strong> V\u1eadt li\u1ec7u l\u00e1t s\u00e0n s\u1eed d\u1ee5ng c\u00f4ng th\u1ee9c nh\u1ef1a polyurethane nhi\u1ec7t d\u1ebbo<\/p>\n<\/li>\n<li data-start=\"911\" data-end=\"987\">\n<p data-start=\"913\" data-end=\"987\"><strong data-start=\"913\" data-end=\"946\">[B\u1eb1ng s\u00e1ng ch\u1ebf s\u1ed1 10-1448098]<\/strong> Nh\u1ef1a nhi\u1ec7t d\u1ebbo v\u00e0 ph\u01b0\u01a1ng ph\u00e1p s\u1ea3n xu\u1ea5t<\/p>\n<\/li>\n<li data-start=\"988\" data-end=\"1120\">\n<p data-start=\"990\" data-end=\"1120\"><strong data-start=\"990\" data-end=\"1023\">[B\u1eb1ng s\u00e1ng ch\u1ebf s\u1ed1 10-1327871]<\/strong> Ph\u01b0\u01a1ng ph\u00e1p s\u1ea3n xu\u1ea5t v\u1eadt li\u1ec7u l\u00e1t s\u00e0n c\u00f3 hi\u1ec7u qu\u1ea3 ti\u1ebft ki\u1ec7m n\u0103ng l\u01b0\u1ee3ng v\u00e0 ch\u1ed1ng b\u1ee9c x\u1ea1 \u0111i\u1ec7n t\u1eeb<\/p>\n<\/li>\n<li data-start=\"1121\" data-end=\"1231\">\n<p data-start=\"1123\" data-end=\"1231\"><strong data-start=\"1123\" data-end=\"1156\">[B\u1eb1ng s\u00e1ng ch\u1ebf s\u1ed1 10-2188273]<\/strong> Ph\u01b0\u01a1ng ph\u00e1p s\u1ea3n xu\u1ea5t v\u1eadt li\u1ec7u s\u00e0n d\u1ea1ng t\u1ea5m t\u1ea3n nhi\u1ec7t ki\u1ec3u khu\u1ebfch t\u00e1n nhi\u1ec7t<\/p>\n<\/li>\n<\/ul>\n\t\t<\/div>\n\t\t\t\t\t<\/div>\n\n\t\n<\/div>\n<div class=\"text-center\"><div class=\"is-divider divider clearfix\" style=\"max-width:98%;height:1px;background-color:rgb(130, 130, 130);\"><\/div><\/div>\n<div class=\"row row-small\"  id=\"row-750753880\">\n\n\t<div id=\"col-1047142929\" class=\"col small-12 large-12\"  >\n\t\t\t\t<div class=\"col-inner\"  >\n\t\t\t\n\t\t\t\n<h3>[ C\u00e1c Nghi\u00ean C\u1ee9u \/ Ph\u00e1t Tri\u1ec3n Thi\u1ebft K\u1ebf Ch\u00ednh t\u1eeb Ph\u00f2ng Nghi\u00ean C\u1ee9u &amp; Ph\u00e1t Tri\u1ec3n (R&amp;D) ]<\/h3>\n\t\t<\/div>\n\t\t\t\t\t<\/div>\n\n\t\n\n\t<div id=\"col-294258699\" class=\"col medium-6 small-12 large-6\"  >\n\t\t\t\t<div class=\"col-inner\"  >\n\t\t\t\n\t\t\t\n\t<div class=\"img has-hover x md-x lg-x y md-y lg-y\" id=\"image_578438391\">\n\t\t\t\t\t\t\t\t<div class=\"img-inner dark\" >\n\t\t\t<img loading=\"lazy\" decoding=\"async\" width=\"960\" height=\"725\" src=\"https:\/\/ktech1.k-tech-services.com\/info314\/wp-content\/uploads\/2025\/08\/img-rnd03.jpg\" class=\"attachment-original size-original\" alt=\"\" srcset=\"https:\/\/ktech1.k-tech-services.com\/info314\/wp-content\/uploads\/2025\/08\/img-rnd03.jpg 960w, https:\/\/ktech1.k-tech-services.com\/info314\/wp-content\/uploads\/2025\/08\/img-rnd03-600x453.jpg 600w, https:\/\/ktech1.k-tech-services.com\/info314\/wp-content\/uploads\/2025\/08\/img-rnd03-300x227.jpg 300w, https:\/\/ktech1.k-tech-services.com\/info314\/wp-content\/uploads\/2025\/08\/img-rnd03-768x580.jpg 768w\" sizes=\"auto, (max-width: 960px) 100vw, 960px\" \/>\t\t\t\t\t\t\n\t\t\t\t\t<\/div>\n\t\t\t\t\t\t\t\t\n<style>\n#image_578438391 {\n  width: 100%;\n}\n<\/style>\n\t<\/div>\n\t\n<h3 data-start=\"70\" data-end=\"108\"><strong data-start=\"74\" data-end=\"108\">Thi\u1ebft K\u1ebf Hoa V\u0103n &amp; M\u00e0u S\u1eafc S\u00e0n<\/strong><\/h3>\n<ul data-start=\"110\" data-end=\"339\">\n<li data-start=\"110\" data-end=\"271\">\n<p data-start=\"112\" data-end=\"271\">Ph\u00e1t tri\u1ec3n thi\u1ebft k\u1ebf trang tr\u00ed b\u1ec1 m\u1eb7t v\u00e0 hoa v\u0103n d\u1eadp n\u1ed5i cho v\u1eadt li\u1ec7u l\u00e1t s\u00e0n trong nh\u00e0 v\u00e0 ngo\u00e0i tr\u1eddi s\u1eed d\u1ee5ng trong d\u00e2n d\u1ee5ng<br data-start=\"235\" data-end=\"238\" \/><em data-start=\"240\" data-end=\"269\">(G\u1ed7, \u0110\u00e1, V\u1ea3i, hoa v\u0103n tr\u01a1n)<\/em><\/p>\n<\/li>\n<li data-start=\"272\" data-end=\"339\">\n<p data-start=\"274\" data-end=\"339\">Nghi\u00ean c\u1ee9u v\u00e0 ph\u00e1t tri\u1ec3n li\u00ean t\u1ee5c m\u00e0u s\u1eafc theo t\u1eebng m\u1eabu hoa v\u0103n<\/p>\n<\/li>\n<\/ul>\n<hr data-start=\"341\" data-end=\"344\" \/>\n<h3 data-start=\"346\" data-end=\"392\"><strong data-start=\"350\" data-end=\"392\">Thi\u1ebft K\u1ebf Hoa V\u0103n &amp; M\u00e0u S\u1eafc Da Nh\u00e2n T\u1ea1o<\/strong><\/h3>\n<ul data-start=\"394\" data-end=\"597\">\n<li data-start=\"394\" data-end=\"507\">\n<p data-start=\"396\" data-end=\"507\">Ph\u00e1t tri\u1ec3n thi\u1ebft k\u1ebf hoa v\u0103n d\u1eadp n\u1ed5i v\u00e0 m\u00e0u s\u1eafc cho da nh\u00e2n t\u1ea1o d\u00f9ng trong gh\u1ebf \u00f4 t\u00f4, \u1ed1p c\u1eeda v\u00e0 b\u1ea3ng \u0111i\u1ec1u khi\u1ec3n<\/p>\n<\/li>\n<li data-start=\"508\" data-end=\"597\">\n<p data-start=\"510\" data-end=\"597\">Ph\u00e1t tri\u1ec3n thi\u1ebft k\u1ebf hoa v\u0103n d\u1eadp n\u1ed5i v\u00e0 m\u00e0u s\u1eafc cho da nh\u00e2n t\u1ea1o s\u1eed d\u1ee5ng trong n\u1ed9i th\u1ea5t<\/p>\n<\/li>\n<\/ul>\n\t\t<\/div>\n\t\t\t\t\t<\/div>\n\n\t\n\n\t<div id=\"col-496986956\" class=\"col medium-6 small-12 large-6\"  >\n\t\t\t\t<div class=\"col-inner\"  >\n\t\t\t\n\t\t\t\n\t<div class=\"img has-hover x md-x lg-x y md-y lg-y\" id=\"image_1074972095\">\n\t\t\t\t\t\t\t\t<div class=\"img-inner dark\" >\n\t\t\t<img loading=\"lazy\" decoding=\"async\" width=\"960\" height=\"725\" src=\"https:\/\/ktech1.k-tech-services.com\/info314\/wp-content\/uploads\/2025\/08\/img-rnd04.jpg\" class=\"attachment-original size-original\" alt=\"\" srcset=\"https:\/\/ktech1.k-tech-services.com\/info314\/wp-content\/uploads\/2025\/08\/img-rnd04.jpg 960w, https:\/\/ktech1.k-tech-services.com\/info314\/wp-content\/uploads\/2025\/08\/img-rnd04-600x453.jpg 600w, https:\/\/ktech1.k-tech-services.com\/info314\/wp-content\/uploads\/2025\/08\/img-rnd04-300x227.jpg 300w, https:\/\/ktech1.k-tech-services.com\/info314\/wp-content\/uploads\/2025\/08\/img-rnd04-768x580.jpg 768w\" sizes=\"auto, (max-width: 960px) 100vw, 960px\" \/>\t\t\t\t\t\t\n\t\t\t\t\t<\/div>\n\t\t\t\t\t\t\t\t\n<style>\n#image_1074972095 {\n  width: 100%;\n}\n<\/style>\n\t<\/div>\n\t\n<h3 data-start=\"89\" data-end=\"115\"><strong data-start=\"93\" data-end=\"115\">Ph\u00e2n T\u00edch Xu H\u01b0\u1edbng<\/strong><\/h3>\n<ul data-start=\"117\" data-end=\"195\">\n<li data-start=\"117\" data-end=\"195\">\n<p data-start=\"119\" data-end=\"195\">Nghi\u00ean c\u1ee9u thi\u1ebft k\u1ebf d\u1ef1a tr\u00ean ph\u00e2n t\u00edch v\u0103n h\u00f3a nh\u00e0 \u1edf v\u00e0 c\u00e1c xu h\u01b0\u1edbng th\u1ea9m m\u1ef9<\/p>\n<\/li>\n<\/ul>\n<hr data-start=\"197\" data-end=\"200\" \/>\n<h3 data-start=\"202\" data-end=\"242\"><strong data-start=\"206\" data-end=\"242\">Qu\u1ea3ng B\u00e1 v\u00e0 X\u00fac Ti\u1ebfn Th\u01b0\u01a1ng Hi\u1ec7u<\/strong><\/h3>\n<ul data-start=\"244\" data-end=\"417\">\n<li data-start=\"244\" data-end=\"318\">\n<p data-start=\"246\" data-end=\"318\">Ph\u00e1t tri\u1ec3n thi\u1ebft k\u1ebf qu\u1ea3ng c\u00e1o truy\u1ec1n th\u00f4ng v\u00e0 c\u00e1c \u1ee9ng d\u1ee5ng th\u01b0\u01a1ng hi\u1ec7u<\/p>\n<\/li>\n<li data-start=\"319\" data-end=\"417\">\n<p data-start=\"321\" data-end=\"417\">Thi\u1ebft k\u1ebf v\u00e0 ph\u00e1t tri\u1ec3n c\u00e1c t\u00e0i li\u1ec7u gi\u1edbi thi\u1ec7u: s\u00e1ch m\u1eabu, catalog, brochure v\u00e0 giao di\u1ec7n website<\/p>\n<\/li>\n<\/ul>\n\t\t<\/div>\n\t\t\t\t\t<\/div>\n\n\t\n<\/div>\n\t\t<\/div>\n\t\t\t\t\t<\/div>\n\n\t\n<\/div>\n\t\t<\/div>\n\n\t\t\n<style>\n#section_2041937990 {\n  padding-top: 30px;\n  padding-bottom: 30px;\n}\n<\/style>\n\t<\/section>\n\t\n","protected":false},"excerpt":{"rendered":"","protected":false},"author":1,"featured_media":0,"parent":0,"menu_order":0,"comment_status":"closed","ping_status":"closed","template":"","meta":{"_acf_changed":false,"footnotes":""},"class_list":["post-308","page","type-page","status-publish","hentry"],"acf":[],"_links":{"self":[{"href":"https:\/\/ktech1.k-tech-services.com\/info314\/wp-json\/wp\/v2\/pages\/308","targetHints":{"allow":["GET"]}}],"collection":[{"href":"https:\/\/ktech1.k-tech-services.com\/info314\/wp-json\/wp\/v2\/pages"}],"about":[{"href":"https:\/\/ktech1.k-tech-services.com\/info314\/wp-json\/wp\/v2\/types\/page"}],"author":[{"embeddable":true,"href":"https:\/\/ktech1.k-tech-services.com\/info314\/wp-json\/wp\/v2\/users\/1"}],"replies":[{"embeddable":true,"href":"https:\/\/ktech1.k-tech-services.com\/info314\/wp-json\/wp\/v2\/comments?post=308"}],"version-history":[{"count":10,"href":"https:\/\/ktech1.k-tech-services.com\/info314\/wp-json\/wp\/v2\/pages\/308\/revisions"}],"predecessor-version":[{"id":789,"href":"https:\/\/ktech1.k-tech-services.com\/info314\/wp-json\/wp\/v2\/pages\/308\/revisions\/789"}],"wp:attachment":[{"href":"https:\/\/ktech1.k-tech-services.com\/info314\/wp-json\/wp\/v2\/media?parent=308"}],"curies":[{"name":"wp","href":"https:\/\/api.w.org\/{rel}","templated":true}]}}