{"id":507,"date":"2025-08-07T08:16:24","date_gmt":"2025-08-07T08:16:24","guid":{"rendered":"https:\/\/ktech1.k-tech-services.com\/info314\/?page_id=507"},"modified":"2025-08-07T15:43:03","modified_gmt":"2025-08-07T15:43:03","slug":"san-pham","status":"publish","type":"page","link":"https:\/\/ktech1.k-tech-services.com\/info314\/san-pham\/","title":{"rendered":"S\u1ea3n ph\u1ea9m"},"content":{"rendered":"  <div id=\"page-header-955922781\" class=\"page-header-wrapper\">\n  <div class=\"page-title dark featured-title\">\n\n        <div class=\"page-title-bg\">\n      <div class=\"title-bg fill bg-fill\"\n        data-parallax-container=\".page-title\"\n        data-parallax-background\n        data-parallax=\"-\">\n      <\/div>\n      <div class=\"title-overlay fill\"><\/div>\n    <\/div>\n    \n    <div class=\"page-title-inner container align-center text-center flex-row-col medium-flex-wrap\" >\n              <div class=\"title-wrapper flex-col\">\n          <h1 class=\"entry-title mb-0\">\n            S\u1ea3n ph\u1ea9m          <\/h1>\n        <\/div>\n                    <div class=\"title-content flex-col\">\n        <div class=\"title-breadcrumbs pb-half pt-half\"><nav class=\"woocommerce-breadcrumb breadcrumbs uppercase\" aria-label=\"Breadcrumb\">Trang ch\u1ee7<\/nav><\/div>      <\/div>\n    <\/div>\n\n     \n<style>\n#page-header-955922781 .page-title-inner {\n  min-height: 200px;\n}\n#page-header-955922781 .title-bg {\n  background-image: url(https:\/\/ktech1.k-tech-services.com\/info314\/wp-content\/uploads\/2025\/08\/bg-sub-02.jpg);\n}\n<\/style>\n  <\/div>\n    <\/div>\n  \n\n\t<section class=\"section section-products-home\" id=\"section_1347458634\">\n\t\t<div class=\"section-bg fill\" >\n\t\t\t\t\t\t\t\t\t\n\t\t\t\n\n\t\t<\/div>\n\n\t\t\n\n\t\t<div class=\"section-content relative\">\n\t\t\t\n<div class=\"row row-collapse\" style=\"max-width:98%\" id=\"row-117167363\">\n\n\t<div id=\"col-865896407\" class=\"col small-12 large-12\"  >\n\t\t\t\t<div class=\"col-inner\"  >\n\t\t\t\n\t\t\t\n<div class=\"container section-title-container mb-0\" ><h3 class=\"section-title section-title-normal\"><b aria-hidden=\"true\"><\/b><span class=\"section-title-main\" style=\"font-size:140%;color:rgb(15, 50, 109);\">S\u1ea2N PH\u1ea8M<\/span><b aria-hidden=\"true\"><\/b><\/h3><\/div>\n\t\t<\/div>\n\t\t\t\t\t<\/div>\n\n\t\n<\/div>\n<div class=\"row row-collapse border-radius-8\" style=\"max-width:98%\" id=\"row-283481782\">\n\n\t<div id=\"col-696646695\" class=\"col medium-6 small-12 large-6\"  >\n\t\t\t\t<div class=\"col-inner\"  >\n\t\t\t\n\t\t\t\n<div class=\"slider-wrapper relative\" id=\"slider-2041858134\" >\n    <div class=\"slider slider-nav-circle slider-nav-large slider-nav-light slider-style-normal slider-show-nav\"\n        data-flickity-options='{\n            \"cellAlign\": \"center\",\n            \"imagesLoaded\": true,\n            \"lazyLoad\": 1,\n            \"freeScroll\": false,\n            \"wrapAround\": true,\n            \"autoPlay\": 6000,\n            \"pauseAutoPlayOnHover\" : true,\n            \"prevNextButtons\": true,\n            \"contain\" : true,\n            \"adaptiveHeight\" : true,\n            \"dragThreshold\" : 10,\n            \"percentPosition\": true,\n            \"pageDots\": false,\n            \"rightToLeft\": false,\n            \"draggable\": true,\n            \"selectedAttraction\": 0.1,\n            \"parallax\" : 0,\n            \"friction\": 0.6        }'\n        >\n        \n\t<div class=\"img has-hover x md-x lg-x y md-y lg-y\" id=\"image_259902468\">\n\t\t\t\t\t\t\t\t<div class=\"img-inner image-cover dark\" style=\"padding-top:75%;\">\n\t\t\t<img loading=\"lazy\" decoding=\"async\" width=\"2000\" height=\"1000\" src=\"https:\/\/ktech1.k-tech-services.com\/info314\/wp-content\/uploads\/2025\/08\/bg-main-visual-03-1.jpg\" class=\"attachment-original size-original\" alt=\"\" srcset=\"https:\/\/ktech1.k-tech-services.com\/info314\/wp-content\/uploads\/2025\/08\/bg-main-visual-03-1.jpg 2000w, https:\/\/ktech1.k-tech-services.com\/info314\/wp-content\/uploads\/2025\/08\/bg-main-visual-03-1-600x300.jpg 600w, https:\/\/ktech1.k-tech-services.com\/info314\/wp-content\/uploads\/2025\/08\/bg-main-visual-03-1-300x150.jpg 300w, https:\/\/ktech1.k-tech-services.com\/info314\/wp-content\/uploads\/2025\/08\/bg-main-visual-03-1-1024x512.jpg 1024w, https:\/\/ktech1.k-tech-services.com\/info314\/wp-content\/uploads\/2025\/08\/bg-main-visual-03-1-768x384.jpg 768w, https:\/\/ktech1.k-tech-services.com\/info314\/wp-content\/uploads\/2025\/08\/bg-main-visual-03-1-1536x768.jpg 1536w\" sizes=\"auto, (max-width: 2000px) 100vw, 2000px\" \/>\t\t\t\t\t\t\n\t\t\t\t\t<\/div>\n\t\t\t\t\t\t\t\t\n<style>\n#image_259902468 {\n  width: 100%;\n}\n<\/style>\n\t<\/div>\n\t\n     <\/div>\n\n     <div class=\"loading-spin dark large centered\"><\/div>\n\n\t<\/div>\n\n\n\t\t<\/div>\n\t\t\t\t\t<\/div>\n\n\t\n\n\t<div id=\"col-1223443286\" class=\"col h-100 medium-6 small-12 large-6\"  >\n\t\t\t\t<div class=\"col-inner text-left\" style=\"background-color:#0f326d;\" >\n\t\t\t\n\t\t\t\n<div class=\"container section-title-container mb-0\" ><h3 class=\"section-title section-title-normal\"><b aria-hidden=\"true\"><\/b><span class=\"section-title-main\" style=\"color:rgb(255, 255, 255);\">V\u1eadt li\u1ec7u s\u00e0n Jinyang Chemical m\u01a1 v\u1ec1 m\u1ed9t kh\u00f4ng gian s\u1ed1ng \u0111\u1eb7c bi\u1ec7t<\/span><b aria-hidden=\"true\"><\/b><\/h3><\/div>\n\t<div id=\"text-2654537422\" class=\"text\">\n\t\t\n<p>\u0110\u1ed1i v\u1edbi nh\u1eefng ng\u01b0\u1eddi ti\u00eau d\u00f9ng hi\u1ec7n \u0111\u1ea1i quan t\u00e2m s\u00e2u s\u1eafc \u0111\u1ebfn vi\u1ec7c c\u1ea3i t\u1ea1o nh\u00e0 c\u1eeda v\u00e0 t\u00ecm ki\u1ebfm th\u00f4ng tin, vi\u1ec7c l\u1ef1a ch\u1ecdn v\u1eadt li\u1ec7u l\u00e1t s\u00e0n l\u00e0 m\u1ed9t kh\u00eda c\u1ea1nh quan tr\u1ecdng c\u1ee7a thi\u1ebft k\u1ebf n\u1ed9i th\u1ea5t. Jinyang Chemical \u0111\u00e1p \u1ee9ng nhu c\u1ea7u c\u1ee7a ng\u01b0\u1eddi ti\u00eau d\u00f9ng t\u00ecm ki\u1ebfm s\u1ef1 \u0111a d\u1ea1ng v\u1ec1 ki\u1ec3u d\u00e1ng v\u00e0 m\u00e0u s\u1eafc, \u0111\u1ed3ng th\u1eddi gi\u1ea3i quy\u1ebft c\u00e1c ch\u1ee9c n\u0103ng c\u01a1 b\u1ea3n c\u1ee7a s\u00e0n nh\u00e0, ch\u1eb3ng h\u1ea1n nh\u01b0 hi\u1ec7u qu\u1ea3 s\u01b0\u1edfi \u1ea5m, v\u1ec7 sinh v\u00e0 gi\u1ea3m ti\u1ebfng \u1ed3n.<br \/>\nV\u1edbi thi\u1ebft k\u1ebf t\u1ef1 nhi\u00ean g\u1ee3i nh\u1edb \u0111\u1ebfn g\u1ed7 v\u00e0 v\u1eadt li\u1ec7u t\u1ef1 nhi\u00ean, s\u1ea3n ph\u1ea9m c\u1ee7a Jin Yang Chemical mang \u0111\u1ebfn \u0111\u1ed9 b\u1ec1n v\u01b0\u1ee3t tr\u1ed9i v\u00e0 s\u00e0n nh\u00e0 \u0111\u1eb9p, b\u1ec1n l\u00e2u. Tr\u1ea3i nghi\u1ec7m thi\u1ebft k\u1ebf tinh t\u1ebf v\u00e0 tr\u1ea3i nghi\u1ec7m \u0111i l\u1ea1i tho\u1ea3i m\u00e1i v\u1edbi c\u00e1c s\u1ea3n ph\u1ea9m c\u1ee7a Jin Yang Chemical, \u0111\u01b0\u1ee3c l\u1eafp \u0111\u1eb7t trong nhi\u1ec1u kh\u00f4ng gian nh\u00e0 \u1edf kh\u00e1c nhau.<br \/>\nS\u00e0n nh\u00e0 c\u1ee7a Jin Yang Chemical, \u0111\u01b0\u1ee3c t\u1ea1o n\u00ean t\u1eeb c\u00f4ng ngh\u1ec7 l\u00e2u \u0111\u1eddi, ch\u1ea5t l\u01b0\u1ee3ng v\u00e0 nhi\u1ec1u m\u1eabu thi\u1ebft k\u1ebf h\u1ee3p th\u1eddi trang, s\u1ebd l\u00e0m cho kh\u00f4ng gian c\u1ee7a b\u1ea1n tr\u1edf n\u00ean t\u1ecfa s\u00e1ng h\u01a1n n\u1eefa.<\/p>\n\t\t\n<style>\n#text-2654537422 {\n  color: rgb(255,255,255);\n}\n#text-2654537422 > * {\n  color: rgb(255,255,255);\n}\n<\/style>\n\t<\/div>\n\t\n<a href=\"\/info314\/product\/ecogreen4-5-residential\/\" class=\"button white is-outline lowercase\" style=\"border-radius:99px;\">\n\t\t<span>Xem th\u00eam<\/span>\n\t<\/a>\n\n\t\t<\/div>\n\t\t\t\t\t<\/div>\n\n\t\n<\/div>\n\t<div id=\"gap-96581922\" class=\"gap-element clearfix\" style=\"display:block; height:auto;\">\n\t\t\n<style>\n#gap-96581922 {\n  padding-top: 30px;\n}\n<\/style>\n\t<\/div>\n\t\n<div class=\"row row-collapse border-radius-8\" style=\"max-width:98%\" id=\"row-2017368815\">\n\n\t<div id=\"col-281282115\" class=\"col h-100 medium-6 small-12 large-6\"  >\n\t\t\t\t<div class=\"col-inner text-left\" style=\"background-color:#0f326d;\" >\n\t\t\t\n\t\t\t\n<div class=\"container section-title-container mb-0\" ><h3 class=\"section-title section-title-normal\"><b aria-hidden=\"true\"><\/b><span class=\"section-title-main\" style=\"color:rgb(255, 255, 255);\">Da nh\u00e2n t\u1ea1o cao c\u1ea5p c\u1ee7a Jin Yang Chemical c\u00f3 nhi\u1ec1u m\u00e0u s\u1eafc kh\u00e1c nhau.<\/span><b aria-hidden=\"true\"><\/b><\/h3><\/div>\n\t<div id=\"text-1389776985\" class=\"text\">\n\t\t\n<p>Ch\u00fang t\u00f4i s\u1ea3n xu\u1ea5t da gi\u1ea3 v\u1edbi c\u1ea3m gi\u00e1c g\u1ea7n gi\u1ed1ng da th\u1eadt h\u01a1n, m\u1ec1m m\u1ea1i, ho\u00e0n thi\u1ec7n sang tr\u1ecdng v\u00e0 \u0111a d\u1ea1ng m\u00e0u s\u1eafc. \u0110\u01b0\u1ee3c s\u1eed d\u1ee5ng trong gh\u1ebf \u00f4 t\u00f4, \u1ed1p c\u1eeda, b\u1ea3ng \u0111i\u1ec1u khi\u1ec3n, m\u00e1y bay, t\u00e0u th\u1ee7y v\u00e0 \u0111\u1ed3 n\u1ed9i th\u1ea5t, da gi\u1ea3 mang \u0111\u1ebfn thi\u1ebft k\u1ebf t\u1ef1 nhi\u00ean t\u01b0\u01a1ng t\u1ef1 da th\u1eadt, \u0111\u1ed3ng th\u1eddi v\u1eabn duy tr\u00ec ch\u1ea5t l\u01b0\u1ee3ng v\u00e0 \u0111\u1ed9 b\u1ec1n v\u01b0\u1ee3t tr\u1ed9i, bao g\u1ed3m \u0111\u1ed9 \u0111\u00e0n h\u1ed3i, kh\u1ea3 n\u0103ng ph\u1ee5c h\u1ed3i h\u00ecnh d\u1ea1ng, \u0111\u1ed9 b\u1ec1n k\u00e9o, \u0111\u1ed9 gi\u00e3n d\u00e0i v\u00e0 c\u1ea3m gi\u00e1c s\u1edd tay.<br \/>\nDa nh\u00e2n t\u1ea1o kh\u1eafc ph\u1ee5c \u0111\u01b0\u1ee3c nh\u1eefng nh\u01b0\u1ee3c \u0111i\u1ec3m c\u1ee7a da t\u1ef1 nhi\u00ean nh\u01b0 d\u1ec5 b\u1ecb gi\u1eb7t b\u1eb1ng n\u01b0\u1edbc, tho\u00e1ng kh\u00ed, d\u1ec5 nhu\u1ed9m m\u00e0u v\u00e0 ch\u1ea5t b\u1ea3o qu\u1ea3n, l\u00e0 s\u1ea3n ph\u1ea9m kh\u00e1c bi\u1ec7t, c\u00f3 \u0111\u1ed9 b\u1ec1n v\u01b0\u1ee3t tr\u1ed9i, t\u1ea1o n\u00ean kh\u00f4ng gian tho\u1ea3i m\u00e1i, th\u00e2n thi\u1ec7n v\u1edbi m\u00f4i tr\u01b0\u1eddng v\u00e0 h\u1ee3p th\u1eddi trang h\u01a1n.<br \/>\nCh\u00fang t\u00f4i s\u1ebd ti\u1ebfp t\u1ee5c ph\u1ea5n \u0111\u1ea5u c\u1ea3i thi\u1ec7n ch\u1ea5t l\u01b0\u1ee3ng th\u00f4ng qua chuy\u00ean m\u00f4n c\u00f4ng ngh\u1ec7 l\u00e2u \u0111\u1eddi v\u00e0 ho\u1ea1t \u0111\u1ed9ng nghi\u00ean c\u1ee9u v\u00e0 ph\u00e1t tri\u1ec3n m\u1eabu m\u00e3 \u0111a d\u1ea1ng c\u1ee7a Jinyang Chemical.<\/p>\n\t\t\n<style>\n#text-1389776985 {\n  color: rgb(255,255,255);\n}\n#text-1389776985 > * {\n  color: rgb(255,255,255);\n}\n<\/style>\n\t<\/div>\n\t\n<a href=\"\/info314\/product\/da-nhan-tao-cho-noi-that-o-to\/\" class=\"button white is-outline lowercase\" style=\"border-radius:99px;\">\n\t\t<span>Xem th\u00eam<\/span>\n\t<\/a>\n\n\t\t<\/div>\n\t\t\t\t\t<\/div>\n\n\t\n\n\t<div id=\"col-363462281\" class=\"col medium-6 small-12 large-6\"  >\n\t\t\t\t<div class=\"col-inner\"  >\n\t\t\t\n\t\t\t\n<div class=\"slider-wrapper relative\" id=\"slider-1642481632\" >\n    <div class=\"slider slider-nav-circle slider-nav-large slider-nav-light slider-style-normal slider-show-nav\"\n        data-flickity-options='{\n            \"cellAlign\": \"center\",\n            \"imagesLoaded\": true,\n            \"lazyLoad\": 1,\n            \"freeScroll\": false,\n            \"wrapAround\": true,\n            \"autoPlay\": 6000,\n            \"pauseAutoPlayOnHover\" : true,\n            \"prevNextButtons\": true,\n            \"contain\" : true,\n            \"adaptiveHeight\" : true,\n            \"dragThreshold\" : 10,\n            \"percentPosition\": true,\n            \"pageDots\": false,\n            \"rightToLeft\": false,\n            \"draggable\": true,\n            \"selectedAttraction\": 0.1,\n            \"parallax\" : 0,\n            \"friction\": 0.6        }'\n        >\n        \n\t<div class=\"img has-hover x md-x lg-x y md-y lg-y\" id=\"image_1608596929\">\n\t\t\t\t\t\t\t\t<div class=\"img-inner image-cover dark\" style=\"padding-top:75%;\">\n\t\t\t<img loading=\"lazy\" decoding=\"async\" width=\"965\" height=\"500\" src=\"https:\/\/ktech1.k-tech-services.com\/info314\/wp-content\/uploads\/2025\/08\/bg-product-choice-02.jpg\" class=\"attachment-original size-original\" alt=\"\" srcset=\"https:\/\/ktech1.k-tech-services.com\/info314\/wp-content\/uploads\/2025\/08\/bg-product-choice-02.jpg 965w, https:\/\/ktech1.k-tech-services.com\/info314\/wp-content\/uploads\/2025\/08\/bg-product-choice-02-600x311.jpg 600w, https:\/\/ktech1.k-tech-services.com\/info314\/wp-content\/uploads\/2025\/08\/bg-product-choice-02-300x155.jpg 300w, https:\/\/ktech1.k-tech-services.com\/info314\/wp-content\/uploads\/2025\/08\/bg-product-choice-02-768x398.jpg 768w\" sizes=\"auto, (max-width: 965px) 100vw, 965px\" \/>\t\t\t\t\t\t\n\t\t\t\t\t<\/div>\n\t\t\t\t\t\t\t\t\n<style>\n#image_1608596929 {\n  width: 100%;\n}\n<\/style>\n\t<\/div>\n\t\n     <\/div>\n\n     <div class=\"loading-spin dark large centered\"><\/div>\n\n\t<\/div>\n\n\n\t\t<\/div>\n\t\t\t\t\t<\/div>\n\n\t\n<\/div>\n\t<div id=\"gap-243698811\" class=\"gap-element clearfix\" style=\"display:block; height:auto;\">\n\t\t\n<style>\n#gap-243698811 {\n  padding-top: 30px;\n}\n<\/style>\n\t<\/div>\n\t\n<div class=\"row row-collapse border-radius-8\" style=\"max-width:98%\" id=\"row-620177391\">\n\n\t<div id=\"col-2096863713\" class=\"col medium-6 small-12 large-6\"  >\n\t\t\t\t<div class=\"col-inner\"  >\n\t\t\t\n\t\t\t\n<div class=\"slider-wrapper relative\" id=\"slider-381885540\" >\n    <div class=\"slider slider-nav-circle slider-nav-large slider-nav-light slider-style-normal slider-show-nav\"\n        data-flickity-options='{\n            \"cellAlign\": \"center\",\n            \"imagesLoaded\": true,\n            \"lazyLoad\": 1,\n            \"freeScroll\": false,\n            \"wrapAround\": true,\n            \"autoPlay\": 6000,\n            \"pauseAutoPlayOnHover\" : true,\n            \"prevNextButtons\": true,\n            \"contain\" : true,\n            \"adaptiveHeight\" : true,\n            \"dragThreshold\" : 10,\n            \"percentPosition\": true,\n            \"pageDots\": false,\n            \"rightToLeft\": false,\n            \"draggable\": true,\n            \"selectedAttraction\": 0.1,\n            \"parallax\" : 0,\n            \"friction\": 0.6        }'\n        >\n        \n\t<div class=\"img has-hover x md-x lg-x y md-y lg-y\" id=\"image_1551106358\">\n\t\t\t\t\t\t\t\t<div class=\"img-inner image-cover dark\" style=\"padding-top:75%;\">\n\t\t\t<img loading=\"lazy\" decoding=\"async\" width=\"965\" height=\"500\" src=\"https:\/\/ktech1.k-tech-services.com\/info314\/wp-content\/uploads\/2025\/08\/bg-product-choice-03.jpg\" class=\"attachment-original size-original\" alt=\"\" srcset=\"https:\/\/ktech1.k-tech-services.com\/info314\/wp-content\/uploads\/2025\/08\/bg-product-choice-03.jpg 965w, https:\/\/ktech1.k-tech-services.com\/info314\/wp-content\/uploads\/2025\/08\/bg-product-choice-03-600x311.jpg 600w, https:\/\/ktech1.k-tech-services.com\/info314\/wp-content\/uploads\/2025\/08\/bg-product-choice-03-300x155.jpg 300w, https:\/\/ktech1.k-tech-services.com\/info314\/wp-content\/uploads\/2025\/08\/bg-product-choice-03-768x398.jpg 768w\" sizes=\"auto, (max-width: 965px) 100vw, 965px\" \/>\t\t\t\t\t\t\n\t\t\t\t\t<\/div>\n\t\t\t\t\t\t\t\t\n<style>\n#image_1551106358 {\n  width: 100%;\n}\n<\/style>\n\t<\/div>\n\t\n     <\/div>\n\n     <div class=\"loading-spin dark large centered\"><\/div>\n\n\t<\/div>\n\n\n\t\t<\/div>\n\t\t\t\t\t<\/div>\n\n\t\n\n\t<div id=\"col-1250092357\" class=\"col h-100 medium-6 small-12 large-6\"  >\n\t\t\t\t<div class=\"col-inner text-left\" style=\"background-color:#0f326d;\" >\n\t\t\t\n\t\t\t\n<div class=\"container section-title-container mb-0\" ><h3 class=\"section-title section-title-normal\"><b aria-hidden=\"true\"><\/b><span class=\"section-title-main\" style=\"color:rgb(255, 255, 255);\">B\u1ea1t che Jinyang Chemical: \u0110\u1ed9 b\u1ec1n tuy\u1ec7t v\u1eddi v\u00e0 m\u00e0u s\u1eafc s\u1ed1ng \u0111\u1ed9ng<\/span><b aria-hidden=\"true\"><\/b><\/h3><\/div>\n\t<div id=\"text-533089734\" class=\"text\">\n\t\t\n<p>Jinyang Tarpaulin l\u00e0 \u0111\u01a1n v\u1ecb d\u1eabn \u0111\u1ea7u th\u1ecb tr\u01b0\u1eddng v\u1ea3i l\u1ec1u b\u1ea1t trong n\u01b0\u1edbc v\u00e0 qu\u1ed1c t\u1ebf trong nhi\u1ec1u n\u0103m qua, lu\u00f4n theo \u0111u\u1ed5i ch\u1ea5t l\u01b0\u1ee3ng cao nh\u1ea5t th\u00f4ng qua c\u00f4ng ngh\u1ec7 x\u1eed l\u00fd PVC ti\u00ean ti\u1ebfn v\u00e0 quy tr\u00ecnh ki\u1ec3m so\u00e1t ch\u1ea5t l\u01b0\u1ee3ng ch\u1eb7t ch\u1ebd. Ch\u00fang t\u00f4i n\u1ed7 l\u1ef1c mang \u0111\u1ebfn cho ng\u01b0\u1eddi d\u00f9ng s\u1ef1 h\u00e0i l\u00f2ng tuy\u1ec7t \u0111\u1ed1i v\u1edbi m\u1ee9c gi\u00e1 h\u1ee3p l\u00fd.<br \/>\nB\u1ea1t che c\u00f3 nhi\u1ec1u m\u00e0u s\u1eafc, kh\u1ea3 n\u0103ng ch\u1ed1ng ch\u1ecbu th\u1eddi ti\u1ebft tuy\u1ec7t v\u1eddi, \u0111\u1ed9 b\u1ec1n k\u00e9o v\u00e0 \u0111\u1ed9 b\u1ec1n x\u00e9 cao, c\u00f3 th\u1ec3 s\u1eed d\u1ee5ng l\u00e2u d\u00e0i v\u00e0 kh\u1ea3 n\u0103ng t\u1ef1 l\u00e0m s\u1ea1ch tuy\u1ec7t v\u1eddi.<br \/>\nB\u1ea1t Jinyang v\u1edbi \u0111\u1ed9 b\u1ec1n v\u01b0\u1ee3t tr\u1ed9i v\u00e0 m\u00e0u s\u1eafc s\u1ed1ng \u0111\u1ed9ng l\u00e0 s\u1ef1 l\u1ef1a ch\u1ecdn tuy\u1ec7t v\u1eddi cho nh\u1eefng ai t\u00ecm ki\u1ebfm m\u1ed9t m\u00f4i tr\u01b0\u1eddng \u0111\u1eb9p.<\/p>\n\t\t\n<style>\n#text-533089734 {\n  color: rgb(255,255,255);\n}\n#text-533089734 > * {\n  color: rgb(255,255,255);\n}\n<\/style>\n\t<\/div>\n\t\n<a href=\"\/info314\/product\/vai-bat-det-q-knit\/\" class=\"button white is-outline lowercase\" style=\"border-radius:99px;\">\n\t\t<span>Xem th\u00eam<\/span>\n\t<\/a>\n\n\t\t<\/div>\n\t\t\t\t\t<\/div>\n\n\t\n<\/div>\n\t\t<\/div>\n\n\t\t\n<style>\n#section_1347458634 {\n  padding-top: 30px;\n  padding-bottom: 30px;\n}\n<\/style>\n\t<\/section>\n\t\n","protected":false},"excerpt":{"rendered":"","protected":false},"author":1,"featured_media":0,"parent":0,"menu_order":0,"comment_status":"closed","ping_status":"closed","template":"page-blank.php","meta":{"_acf_changed":false,"footnotes":""},"class_list":["post-507","page","type-page","status-publish","hentry"],"acf":[],"_links":{"self":[{"href":"https:\/\/ktech1.k-tech-services.com\/info314\/wp-json\/wp\/v2\/pages\/507","targetHints":{"allow":["GET"]}}],"collection":[{"href":"https:\/\/ktech1.k-tech-services.com\/info314\/wp-json\/wp\/v2\/pages"}],"about":[{"href":"https:\/\/ktech1.k-tech-services.com\/info314\/wp-json\/wp\/v2\/types\/page"}],"author":[{"embeddable":true,"href":"https:\/\/ktech1.k-tech-services.com\/info314\/wp-json\/wp\/v2\/users\/1"}],"replies":[{"embeddable":true,"href":"https:\/\/ktech1.k-tech-services.com\/info314\/wp-json\/wp\/v2\/comments?post=507"}],"version-history":[{"count":8,"href":"https:\/\/ktech1.k-tech-services.com\/info314\/wp-json\/wp\/v2\/pages\/507\/revisions"}],"predecessor-version":[{"id":563,"href":"https:\/\/ktech1.k-tech-services.com\/info314\/wp-json\/wp\/v2\/pages\/507\/revisions\/563"}],"wp:attachment":[{"href":"https:\/\/ktech1.k-tech-services.com\/info314\/wp-json\/wp\/v2\/media?parent=507"}],"curies":[{"name":"wp","href":"https:\/\/api.w.org\/{rel}","templated":true}]}}