{"id":570,"date":"2025-08-08T02:33:48","date_gmt":"2025-08-08T02:33:48","guid":{"rendered":"https:\/\/ktech1.k-tech-services.com\/info314\/?page_id=570"},"modified":"2026-02-04T08:31:33","modified_gmt":"2026-02-04T08:31:33","slug":"ho-tro","status":"publish","type":"page","link":"https:\/\/ktech1.k-tech-services.com\/info314\/ho-tro\/","title":{"rendered":"H\u1ed7 tr\u1ee3"},"content":{"rendered":"  <div id=\"page-header-1138578847\" class=\"page-header-wrapper\">\n  <div class=\"page-title dark featured-title\">\n\n        <div class=\"page-title-bg\">\n      <div class=\"title-bg fill bg-fill\"\n        data-parallax-container=\".page-title\"\n        data-parallax-background\n        data-parallax=\"-\">\n      <\/div>\n      <div class=\"title-overlay fill\"><\/div>\n    <\/div>\n    \n    <div class=\"page-title-inner container align-center text-center flex-row-col medium-flex-wrap\" >\n              <div class=\"title-wrapper flex-col\">\n          <h1 class=\"entry-title mb-0\">\n            H\u1ed7 tr\u1ee3          <\/h1>\n        <\/div>\n                    <div class=\"title-content flex-col\">\n        <div class=\"title-breadcrumbs pb-half pt-half\"><nav class=\"woocommerce-breadcrumb breadcrumbs uppercase\" aria-label=\"Breadcrumb\">Trang ch\u1ee7<\/nav><\/div>      <\/div>\n    <\/div>\n\n     \n<style>\n#page-header-1138578847 .page-title-inner {\n  min-height: 200px;\n}\n#page-header-1138578847 .title-bg {\n  background-image: url(https:\/\/ktech1.k-tech-services.com\/info314\/wp-content\/uploads\/2025\/08\/bg-sub-05.jpg);\n}\n<\/style>\n  <\/div>\n    <\/div>\n  \n\n\t<section class=\"section\" id=\"section_1193062263\">\n\t\t<div class=\"section-bg fill\" >\n\t\t\t\t\t\t\t\t\t\n\t\t\t\n\n\t\t<\/div>\n\n\t\t\n\n\t\t<div class=\"section-content relative\">\n\t\t\t\n<div class=\"row custom-row-contact\"  id=\"row-368764217\">\n\n\t<div id=\"col-1642213035\" class=\"col custom-background-contact medium-6 small-12 large-6\"  >\n\t\t\t\t<div class=\"col-inner\"  >\n\t\t\t\n\t\t\t\n<div class=\"container section-title-container text-capitalize custom-title\" ><h2 class=\"section-title section-title-normal\"><b aria-hidden=\"true\"><\/b><span class=\"section-title-main\" style=\"font-size:120%;\">Y\u00eau c\u1ea7u c\u1ee7a kh\u00e1ch h\u00e0ng<\/span><b aria-hidden=\"true\"><\/b><\/h2><\/div>\n<p data-start=\"40\" data-end=\"221\">C\u00e1c lo\u1ea1i v\u1eadt li\u1ec7u l\u00e1t s\u00e0n v\u00f4 c\u00f9ng gi\u00e1 tr\u1ecb v\u00e0 h\u1ea5p d\u1eabn c\u1ee7a Chin Yang Chemical Corporation mang \u0111\u1ebfn gi\u1ea3i ph\u00e1p ph\u00f9 h\u1ee3p cho m\u1ed9t l\u1ed1i s\u1ed1ng \u0111\u1ea7y m\u00e0u s\u1eafc, n\u0103ng \u0111\u1ed9ng v\u00e0 ti\u1ebft ki\u1ec7m chi ph\u00ed.<\/p>\n<p data-start=\"223\" data-end=\"314\">S\u1ef1 k\u1ebft h\u1ee3p gi\u1eefa m\u00e0u s\u1eafc v\u00e0 l\u1ef1a ch\u1ecdn v\u1eadt li\u1ec7u t\u1ea1o n\u00ean m\u1ed9t c\u1ea3m quan cao v\u1ec1 v\u0103n h\u00f3a s\u1ed1ng.<\/p>\n\t\t<\/div>\n\t\t\t\t\t<\/div>\n\n\t\n\n\t<div id=\"col-909390738\" class=\"col custom-form-contact medium-6 small-12 large-6\"  >\n\t\t\t\t<div class=\"col-inner\"  >\n\t\t\t\n\t\t\t\n\n<div class=\"wpcf7 no-js\" id=\"wpcf7-f584-o1\" lang=\"vi\" dir=\"ltr\" data-wpcf7-id=\"584\">\n<div class=\"screen-reader-response\"><p role=\"status\" aria-live=\"polite\" aria-atomic=\"true\"><\/p> <ul><\/ul><\/div>\n<form action=\"\/info314\/wp-json\/wp\/v2\/pages\/570#wpcf7-f584-o1\" method=\"post\" class=\"wpcf7-form init\" aria-label=\"Form li\u00ean h\u1ec7\" novalidate=\"novalidate\" data-status=\"init\">\n<fieldset class=\"hidden-fields-container\"><input type=\"hidden\" name=\"_wpcf7\" value=\"584\" \/><input type=\"hidden\" name=\"_wpcf7_version\" value=\"6.1.5\" \/><input type=\"hidden\" name=\"_wpcf7_locale\" value=\"vi\" \/><input type=\"hidden\" name=\"_wpcf7_unit_tag\" value=\"wpcf7-f584-o1\" \/><input type=\"hidden\" name=\"_wpcf7_container_post\" value=\"0\" \/><input type=\"hidden\" name=\"_wpcf7_posted_data_hash\" value=\"\" \/>\n<\/fieldset>\n<div class=\"row\">\n\t<div class=\"col medium-6 small-12\">\n\t\t<p><label>T\u00ean *<\/label><br \/>\n<span class=\"wpcf7-form-control-wrap\" data-name=\"your-name\"><input size=\"40\" maxlength=\"400\" class=\"wpcf7-form-control wpcf7-text wpcf7-validates-as-required wide\" aria-required=\"true\" aria-invalid=\"false\" placeholder=\"T\u00ean c\u1ee7a b\u1ea1n\" value=\"\" type=\"text\" name=\"your-name\" \/><\/span>\n\t\t<\/p>\n\t<\/div>\n\t<div class=\"col medium-6 small-12\">\n\t\t<p><label>S\u1ed1 \u0111i\u1ec7n tho\u1ea1i*<\/label><br \/>\n<span class=\"wpcf7-form-control-wrap\" data-name=\"your-tel\"><input size=\"40\" maxlength=\"400\" class=\"wpcf7-form-control wpcf7-tel wpcf7-validates-as-required wpcf7-text wpcf7-validates-as-tel wide\" aria-required=\"true\" aria-invalid=\"false\" placeholder=\"S\u1ed1 \u0111i\u1ec7n tho\u1ea1i\" value=\"\" type=\"tel\" name=\"your-tel\" \/><\/span>\n\t\t<\/p>\n\t<\/div>\n<\/div>\n<div class=\"row\">\n\t<div class=\"col medium-6 small-12\">\n\t\t<p><label>C\u00f4ng ty<\/label><br \/>\n<span class=\"wpcf7-form-control-wrap\" data-name=\"your-company\"><input size=\"40\" maxlength=\"400\" class=\"wpcf7-form-control wpcf7-text wide\" aria-invalid=\"false\" placeholder=\"C\u00f4ng ty\" value=\"\" type=\"text\" name=\"your-company\" \/><\/span>\n\t\t<\/p>\n\t<\/div>\n\t<div class=\"col medium-6 small-12\">\n\t\t<p><label>Email *<\/label><br \/>\n<span class=\"wpcf7-form-control-wrap\" data-name=\"your-email\"><input size=\"40\" maxlength=\"400\" class=\"wpcf7-form-control wpcf7-email wpcf7-validates-as-required wpcf7-text wpcf7-validates-as-email wide\" aria-required=\"true\" aria-invalid=\"false\" placeholder=\"Email\" value=\"\" type=\"email\" name=\"your-email\" \/><\/span>\n\t\t<\/p>\n\t<\/div>\n<\/div>\n<div>\n\t<p><label>\u0110\u1ecba ch\u1ec9<\/label><br \/>\n<span class=\"wpcf7-form-control-wrap\" data-name=\"your-location\"><input size=\"40\" maxlength=\"400\" class=\"wpcf7-form-control wpcf7-text wide\" aria-invalid=\"false\" placeholder=\"\u0110\u1ecba ch\u1ec9\" value=\"\" type=\"text\" name=\"your-location\" \/><\/span>\n\t<\/p>\n<\/div>\n<div>\n\t<p><label>S\u1ea3n ph\u1ea9m<\/label><br \/>\n<span class=\"wpcf7-form-control-wrap\" data-name=\"your-products\"><input size=\"40\" maxlength=\"400\" class=\"wpcf7-form-control wpcf7-text wide\" aria-invalid=\"false\" placeholder=\"S\u1ea3n ph\u1ea9m\" value=\"\" type=\"text\" name=\"your-products\" \/><\/span>\n\t<\/p>\n<\/div>\n<div>\n\t<p><label>Y\u00eau c\u1ea7u kh\u00e1c<\/label><br \/>\n<span class=\"wpcf7-form-control-wrap\" data-name=\"other_request\"><input size=\"40\" maxlength=\"400\" class=\"wpcf7-form-control wpcf7-text wide\" aria-invalid=\"false\" placeholder=\"Y\u00eau c\u1ea7u kh\u00e1c\" value=\"\" type=\"text\" name=\"other_request\" \/><\/span>\n\t<\/p>\n<\/div>\n<div>\n\t<p><input class=\"wpcf7-form-control wpcf7-submit has-spinner button\" type=\"submit\" value=\"G\u1eedi ngay\" \/>\n\t<\/p>\n<\/div><div class=\"wpcf7-response-output\" aria-hidden=\"true\"><\/div>\n<\/form>\n<\/div>\n\n\t\t<\/div>\n\t\t\t\t\t<\/div>\n\n\t\n\n\t<div id=\"col-779925972\" class=\"col medium-6 small-12 large-6\"  >\n\t\t\t\t<div class=\"col-inner text-center\"  >\n\t\t\t\n\t\t\t\n\n<p><iframe src=\"https:\/\/www.google.com\/maps\/embed?pb=!1m23!1m8!1m3!1d7869.699247744967!2d106.75777553097346!3d10.971146556208643!3m2!1i1024!2i768!4f13.1!4m12!3e6!4m4!1s0x3174da3b8c6402d1%3A0x927ec4163b6eba3d!3m2!1d10.9753738!2d106.75305379999999!4m5!1s0x3174da3b8c6402d1%3A0x927ec4163b6eba3d!2zWFFHMys1NjMgVmluYSBGb2FtIENvIEx0ZCwgVGjDoWkgSG_DoCwgVMOibiBVecOqbiwgQsOsbmggRMawxqFuZw!3m2!1d10.9753738!2d106.75305379999999!5e0!3m2!1svi!2s!4v1764920480769!5m2!1svi!2s\" width=\"100%\" height=\"450\" style=\"border:0;\" allowfullscreen=\"\" loading=\"lazy\" referrerpolicy=\"no-referrer-when-downgrade\"><\/iframe><br \/>\n\n\t\t<\/div>\n\t\t\t\t\t<\/div>\n\n\t\n\n\t<div id=\"col-1612858671\" class=\"col medium-6 small-12 large-6\"  >\n\t\t\t\t<div class=\"col-inner\"  >\n\t\t\t\n\t\t\t\n<div class=\"container section-title-container text-capitalize mb-0 custom-title\" ><h2 class=\"section-title section-title-normal\"><b aria-hidden=\"true\"><\/b><span class=\"section-title-main\" style=\"font-size:120%;color:rgb(15, 50, 109);\">V\u0103n ph\u00f2ng B\u00ecnh D\u01b0\u01a1ng<\/span><b aria-hidden=\"true\"><\/b><\/h2><\/div>\n<p>Th\u00e1i Ho\u00e0, T\u00e2n Uy\u00ean, B\u00ecnh D\u01b0\u01a1ng<\/p>\n\t<div class=\"ux-menu stack stack-col justify-start\">\n\t\t\n\t<div class=\"ux-menu-link flex menu-item\">\n\t\t<a class=\"ux-menu-link__link flex\" href=\"tel:0316572545\" >\n\t\t\t<i class=\"ux-menu-link__icon text-center icon-phone\" aria-hidden=\"true\"><\/i>\t\t\t<span class=\"ux-menu-link__text\">\n\t\t\t\tS\u1ed1 \u0111i\u1ec7n tho\u1ea1i:  031-657-2545\t\t\t<\/span>\n\t\t<\/a>\n\t<\/div>\n\t\n\t<div class=\"ux-menu-link flex menu-item\">\n\t\t<a class=\"ux-menu-link__link flex\" href=\"https:\/\/ktech1.k-tech-services.com\/info314\" >\n\t\t\t<i class=\"ux-menu-link__icon text-center icon-shopping-cart\" aria-hidden=\"true\"><\/i>\t\t\t<span class=\"ux-menu-link__text\">\n\t\t\t\tFax: 031-657-2551\t\t\t<\/span>\n\t\t<\/a>\n\t<\/div>\n\t\n\t<div class=\"ux-menu-link flex menu-item\">\n\t\t<a class=\"ux-menu-link__link flex\" href=\"https:\/\/ktech1.k-tech-services.com\/info314\" >\n\t\t\t<i class=\"ux-menu-link__icon text-center icon-envelop\" aria-hidden=\"true\"><\/i>\t\t\t<span class=\"ux-menu-link__text\">\n\t\t\t\tE-mail: vinafoam@vinafoam.com\t\t\t<\/span>\n\t\t<\/a>\n\t<\/div>\n\t\n\t<\/div>\n\t\n\t\t<\/div>\n\t\t\t\t\t<\/div>\n\n\t\n<\/div>\n\t\t<\/div>\n\n\t\t\n<style>\n#section_1193062263 {\n  padding-top: 30px;\n  padding-bottom: 30px;\n}\n<\/style>\n\t<\/section>\n\t\n","protected":false},"excerpt":{"rendered":"","protected":false},"author":1,"featured_media":0,"parent":0,"menu_order":0,"comment_status":"closed","ping_status":"closed","template":"","meta":{"_acf_changed":false,"footnotes":""},"class_list":["post-570","page","type-page","status-publish","hentry"],"acf":[],"_links":{"self":[{"href":"https:\/\/ktech1.k-tech-services.com\/info314\/wp-json\/wp\/v2\/pages\/570","targetHints":{"allow":["GET"]}}],"collection":[{"href":"https:\/\/ktech1.k-tech-services.com\/info314\/wp-json\/wp\/v2\/pages"}],"about":[{"href":"https:\/\/ktech1.k-tech-services.com\/info314\/wp-json\/wp\/v2\/types\/page"}],"author":[{"embeddable":true,"href":"https:\/\/ktech1.k-tech-services.com\/info314\/wp-json\/wp\/v2\/users\/1"}],"replies":[{"embeddable":true,"href":"https:\/\/ktech1.k-tech-services.com\/info314\/wp-json\/wp\/v2\/comments?post=570"}],"version-history":[{"count":24,"href":"https:\/\/ktech1.k-tech-services.com\/info314\/wp-json\/wp\/v2\/pages\/570\/revisions"}],"predecessor-version":[{"id":1000,"href":"https:\/\/ktech1.k-tech-services.com\/info314\/wp-json\/wp\/v2\/pages\/570\/revisions\/1000"}],"wp:attachment":[{"href":"https:\/\/ktech1.k-tech-services.com\/info314\/wp-json\/wp\/v2\/media?parent=570"}],"curies":[{"name":"wp","href":"https:\/\/api.w.org\/{rel}","templated":true}]}}