{"id":802,"date":"2025-09-11T08:13:48","date_gmt":"2025-09-11T08:13:48","guid":{"rendered":"https:\/\/ktech1.k-tech-services.com\/info314\/?post_type=product&#038;p=802"},"modified":"2025-09-11T08:13:49","modified_gmt":"2025-09-11T08:13:49","slug":"mut-ep-dan-nhiet","status":"publish","type":"product","link":"https:\/\/ktech1.k-tech-services.com\/info314\/product\/mut-ep-dan-nhiet\/","title":{"rendered":"M\u00fat \u00e9p d\u00e1n nhi\u1ec7t"},"content":{"rendered":"<p data-start=\"0\" data-end=\"12\"><strong data-start=\"0\" data-end=\"12\">\u0110\u1eb7c t\u00ednh<\/strong><\/p>\n<ul data-start=\"13\" data-end=\"265\">\n<li data-start=\"13\" data-end=\"169\">\n<p data-start=\"15\" data-end=\"169\">C\u00f3 \u0111\u1ed9 b\u00e1m d\u00ednh r\u1ea5t t\u1ed1t khi <strong data-start=\"42\" data-end=\"88\">gia nhi\u1ec7t b\u1eb1ng ng\u1ecdn l\u1eeda (flame lamination)<\/strong>, ph\u00f9 h\u1ee3p \u0111\u1ec3 <strong data-start=\"101\" data-end=\"120\">\u00e9p\/c\u00e1n laminate<\/strong> v\u1edbi nhi\u1ec1u v\u1eadt li\u1ec7u nh\u01b0 <strong data-start=\"144\" data-end=\"168\">v\u1ea3i may m\u1eb7c, s\u1ee3i d\u1ec7t<\/strong>.<\/p>\n<\/li>\n<li data-start=\"170\" data-end=\"265\">\n<p data-start=\"172\" data-end=\"265\">C\u00f3 th\u1ec3 s\u1ea3n xu\u1ea5t <strong data-start=\"188\" data-end=\"236\">foam d\u00e1n laminate \u0111\u00e1p \u1ee9ng y\u00eau c\u1ea7u ch\u1ed1ng ch\u00e1y<\/strong>, v\u00e0 <strong data-start=\"241\" data-end=\"264\">foam LF \u0111\u1ed9 c\u1ee9ng cao<\/strong>.<\/p>\n<\/li>\n<\/ul>\n<p data-start=\"267\" data-end=\"279\"><strong data-start=\"267\" data-end=\"279\">\u1ee8ng d\u1ee5ng<\/strong><\/p>\n<ul data-start=\"280\" data-end=\"363\">\n<li data-start=\"280\" data-end=\"363\">\n<p data-start=\"282\" data-end=\"363\"><strong data-start=\"282\" data-end=\"298\">B\u1ecdc gh\u1ebf \u00f4 t\u00f4<\/strong>, qu\u1ea7n \u00e1o, <strong data-start=\"309\" data-end=\"321\">t\u00fai x\u00e1ch<\/strong>, <strong data-start=\"323\" data-end=\"335\">g\u0103ng tay<\/strong>, <strong data-start=\"337\" data-end=\"347\">\u0111\u1ed3 l\u1eb7n<\/strong> (wetsuit), v.v.<\/p>\n<\/li>\n<\/ul>\n<p data-start=\"365\" data-end=\"382\"><strong data-start=\"365\" data-end=\"382\">V\u00ed d\u1ee5 s\u1eed d\u1ee5ng<\/strong><\/p>\n<ul data-start=\"383\" data-end=\"497\" data-is-last-node=\"\" data-is-only-node=\"\">\n<li data-start=\"383\" data-end=\"497\" data-is-last-node=\"\">\n<p data-start=\"385\" data-end=\"497\" data-is-last-node=\"\"><strong data-start=\"385\" data-end=\"411\">V\u1eadt li\u1ec7u n\u1ed9i th\u1ea5t \u00f4 t\u00f4<\/strong>, qu\u1ea7n \u00e1o &amp; t\u00fai x\u00e1ch, <strong data-start=\"433\" data-end=\"452\">\u0111\u1ed3 d\u00f9ng nh\u00e0 b\u1ebfp<\/strong>, <strong data-start=\"454\" data-end=\"496\">v\u1eadt li\u1ec7u b\u1ecbt k\u00edn v\u00e1ch ng\u0103n (partition)<\/strong>.<\/p>\n<\/li>\n<\/ul>\n","protected":false},"excerpt":{"rendered":"<p>\u0110\u1eb7c t\u00ednh C\u00f3 \u0111\u1ed9 b\u00e1m d\u00ednh r\u1ea5t t\u1ed1t khi gia nhi\u1ec7t b\u1eb1ng ng\u1ecdn l\u1eeda (flame lamination), ph\u00f9 h\u1ee3p \u0111\u1ec3 \u00e9p\/c\u00e1n laminate v\u1edbi nhi\u1ec1u v\u1eadt li\u1ec7u nh\u01b0 v\u1ea3i may m\u1eb7c, s\u1ee3i d\u1ec7t. C\u00f3 th\u1ec3 s\u1ea3n xu\u1ea5t foam d\u00e1n laminate \u0111\u00e1p \u1ee9ng y\u00eau c\u1ea7u ch\u1ed1ng ch\u00e1y, v\u00e0 foam LF \u0111\u1ed9 c\u1ee9ng cao. \u1ee8ng d\u1ee5ng B\u1ecdc gh\u1ebf \u00f4&#8230;<\/p>\n","protected":false},"featured_media":805,"comment_status":"open","ping_status":"closed","template":"","meta":{"_acf_changed":false},"product_brand":[],"product_cat":[70],"product_tag":[],"class_list":{"0":"post-802","1":"product","2":"type-product","3":"status-publish","4":"has-post-thumbnail","6":"product_cat-mut-xop","8":"first","9":"instock","10":"shipping-taxable","11":"product-type-simple"},"acf":[],"_links":{"self":[{"href":"https:\/\/ktech1.k-tech-services.com\/info314\/wp-json\/wp\/v2\/product\/802","targetHints":{"allow":["GET"]}}],"collection":[{"href":"https:\/\/ktech1.k-tech-services.com\/info314\/wp-json\/wp\/v2\/product"}],"about":[{"href":"https:\/\/ktech1.k-tech-services.com\/info314\/wp-json\/wp\/v2\/types\/product"}],"replies":[{"embeddable":true,"href":"https:\/\/ktech1.k-tech-services.com\/info314\/wp-json\/wp\/v2\/comments?post=802"}],"wp:featuredmedia":[{"embeddable":true,"href":"https:\/\/ktech1.k-tech-services.com\/info314\/wp-json\/wp\/v2\/media\/805"}],"wp:attachment":[{"href":"https:\/\/ktech1.k-tech-services.com\/info314\/wp-json\/wp\/v2\/media?parent=802"}],"wp:term":[{"taxonomy":"product_brand","embeddable":true,"href":"https:\/\/ktech1.k-tech-services.com\/info314\/wp-json\/wp\/v2\/product_brand?post=802"},{"taxonomy":"product_cat","embeddable":true,"href":"https:\/\/ktech1.k-tech-services.com\/info314\/wp-json\/wp\/v2\/product_cat?post=802"},{"taxonomy":"product_tag","embeddable":true,"href":"https:\/\/ktech1.k-tech-services.com\/info314\/wp-json\/wp\/v2\/product_tag?post=802"}],"curies":[{"name":"wp","href":"https:\/\/api.w.org\/{rel}","templated":true}]}}