{"id":820,"date":"2025-09-11T08:53:50","date_gmt":"2025-09-11T08:53:50","guid":{"rendered":"https:\/\/ktech1.k-tech-services.com\/info314\/?post_type=product&#038;p=820"},"modified":"2025-09-11T08:53:50","modified_gmt":"2025-09-11T08:53:50","slug":"mut-chiu-tai-cao","status":"publish","type":"product","link":"https:\/\/ktech1.k-tech-services.com\/info314\/product\/mut-chiu-tai-cao\/","title":{"rendered":"M\u00fat ch\u1ecbu t\u1ea3i cao"},"content":{"rendered":"<p data-start=\"47\" data-end=\"61\"><strong data-start=\"47\" data-end=\"59\">\u0110\u1eb7c t\u00ednh<\/strong><\/p>\n<ul data-start=\"62\" data-end=\"358\">\n<li data-start=\"62\" data-end=\"137\">\n<p data-start=\"64\" data-end=\"137\"><strong data-start=\"64\" data-end=\"83\">\u0110\u1ed9 c\u1ee9ng n\u00e9n cao<\/strong> v\u00e0 <strong data-start=\"87\" data-end=\"116\">r\u1ea5t d\u1ec5 gia c\u00f4ng\/c\u1eaft khu\u00f4n<\/strong> so v\u1edbi m\u00fat th\u01b0\u1eddng.<\/p>\n<\/li>\n<li data-start=\"138\" data-end=\"229\">\n<p data-start=\"140\" data-end=\"229\"><strong data-start=\"140\" data-end=\"161\">\u0110\u1ed9 b\u1ec1n c\u01a1 h\u1ecdc cao<\/strong>, l\u1ef1c k\u00e9o v\u00e0 \u0111\u1ed9 \u0111\u00e0n h\u1ed3i t\u1ed1t, ch\u1ecbu t\u1ea3i \u1ed5n \u0111\u1ecbnh trong th\u1eddi gian d\u00e0i.<\/p>\n<\/li>\n<li data-start=\"230\" data-end=\"358\">\n<p data-start=\"232\" data-end=\"358\">Th\u01b0\u1eddng d\u00f9ng l\u00e0m <strong data-start=\"248\" data-end=\"270\">v\u1eadt li\u1ec7u gi\u1ea3m ch\u1ea5n<\/strong>, n\u1ed5i b\u1eadt v\u1edbi <strong data-start=\"284\" data-end=\"334\">\u0111\u1ed9 bi\u1ebfn d\u1ea1ng n\u00e9n v\u0129nh vi\u1ec5n th\u1ea5p (h\u1ed3i ph\u1ee5c t\u1ed1t)<\/strong> v\u00e0 <strong data-start=\"338\" data-end=\"357\">\u0111\u1ed9 c\u1ee9ng n\u00e9n l\u1edbn<\/strong>.<\/p>\n<\/li>\n<\/ul>\n<p data-start=\"360\" data-end=\"374\"><strong data-start=\"360\" data-end=\"372\">\u1ee8ng d\u1ee5ng<\/strong><\/p>\n<ul data-start=\"375\" data-end=\"467\">\n<li data-start=\"375\" data-end=\"467\">\n<p data-start=\"377\" data-end=\"467\">V\u1eadt li\u1ec7u \u0111\u1ec7m (cushion) <strong data-start=\"400\" data-end=\"423\">y\u00eau c\u1ea7u \u0111\u1ed9 c\u1ee9ng cao<\/strong>, ng\u00e0nh <strong data-start=\"431\" data-end=\"443\">gi\u00e0y d\u00e9p<\/strong>, <strong data-start=\"445\" data-end=\"466\">v\u1eadt li\u1ec7u \u0111\u00f3ng g\u00f3i<\/strong>.<\/p>\n<\/li>\n<\/ul>\n<p data-start=\"469\" data-end=\"488\"><strong data-start=\"469\" data-end=\"486\">V\u00ed d\u1ee5 s\u1eed d\u1ee5ng<\/strong><\/p>\n<ul data-start=\"489\" data-end=\"571\" data-is-last-node=\"\" data-is-only-node=\"\">\n<li data-start=\"489\" data-end=\"571\" data-is-last-node=\"\">\n<p data-start=\"491\" data-end=\"571\" data-is-last-node=\"\">C\u00e1c lo\u1ea1i <strong data-start=\"500\" data-end=\"528\">gio\u0103ng\/\u0111\u1ec7m k\u00edn (packing)<\/strong>, <strong data-start=\"530\" data-end=\"551\">l\u00f3t gi\u00e0y (insole)<\/strong>, <strong data-start=\"553\" data-end=\"560\">n\u1ec7m<\/strong>, <strong data-start=\"562\" data-end=\"570\">th\u1ea3m<\/strong>.<\/p>\n<\/li>\n<\/ul>\n","protected":false},"excerpt":{"rendered":"<p>\u0110\u1eb7c t\u00ednh \u0110\u1ed9 c\u1ee9ng n\u00e9n cao v\u00e0 r\u1ea5t d\u1ec5 gia c\u00f4ng\/c\u1eaft khu\u00f4n so v\u1edbi m\u00fat th\u01b0\u1eddng. \u0110\u1ed9 b\u1ec1n c\u01a1 h\u1ecdc cao, l\u1ef1c k\u00e9o v\u00e0 \u0111\u1ed9 \u0111\u00e0n h\u1ed3i t\u1ed1t, ch\u1ecbu t\u1ea3i \u1ed5n \u0111\u1ecbnh trong th\u1eddi gian d\u00e0i. Th\u01b0\u1eddng d\u00f9ng l\u00e0m v\u1eadt li\u1ec7u gi\u1ea3m ch\u1ea5n, n\u1ed5i b\u1eadt v\u1edbi \u0111\u1ed9 bi\u1ebfn d\u1ea1ng n\u00e9n v\u0129nh vi\u1ec5n th\u1ea5p (h\u1ed3i ph\u1ee5c&#8230;<\/p>\n","protected":false},"featured_media":823,"comment_status":"open","ping_status":"closed","template":"","meta":{"_acf_changed":false},"product_brand":[],"product_cat":[70],"product_tag":[],"class_list":{"0":"post-820","1":"product","2":"type-product","3":"status-publish","4":"has-post-thumbnail","6":"product_cat-mut-xop","8":"first","9":"instock","10":"shipping-taxable","11":"product-type-simple"},"acf":[],"_links":{"self":[{"href":"https:\/\/ktech1.k-tech-services.com\/info314\/wp-json\/wp\/v2\/product\/820","targetHints":{"allow":["GET"]}}],"collection":[{"href":"https:\/\/ktech1.k-tech-services.com\/info314\/wp-json\/wp\/v2\/product"}],"about":[{"href":"https:\/\/ktech1.k-tech-services.com\/info314\/wp-json\/wp\/v2\/types\/product"}],"replies":[{"embeddable":true,"href":"https:\/\/ktech1.k-tech-services.com\/info314\/wp-json\/wp\/v2\/comments?post=820"}],"wp:featuredmedia":[{"embeddable":true,"href":"https:\/\/ktech1.k-tech-services.com\/info314\/wp-json\/wp\/v2\/media\/823"}],"wp:attachment":[{"href":"https:\/\/ktech1.k-tech-services.com\/info314\/wp-json\/wp\/v2\/media?parent=820"}],"wp:term":[{"taxonomy":"product_brand","embeddable":true,"href":"https:\/\/ktech1.k-tech-services.com\/info314\/wp-json\/wp\/v2\/product_brand?post=820"},{"taxonomy":"product_cat","embeddable":true,"href":"https:\/\/ktech1.k-tech-services.com\/info314\/wp-json\/wp\/v2\/product_cat?post=820"},{"taxonomy":"product_tag","embeddable":true,"href":"https:\/\/ktech1.k-tech-services.com\/info314\/wp-json\/wp\/v2\/product_tag?post=820"}],"curies":[{"name":"wp","href":"https:\/\/api.w.org\/{rel}","templated":true}]}}