{"id":832,"date":"2025-09-11T10:04:41","date_gmt":"2025-09-11T10:04:41","guid":{"rendered":"https:\/\/ktech1.k-tech-services.com\/info314\/?post_type=product&#038;p=832"},"modified":"2025-09-11T10:04:41","modified_gmt":"2025-09-11T10:04:41","slug":"mut-dan-hoi-cao","status":"publish","type":"product","link":"https:\/\/ktech1.k-tech-services.com\/info314\/product\/mut-dan-hoi-cao\/","title":{"rendered":"M\u00fat \u0111\u00e0n h\u1ed3i cao"},"content":{"rendered":"<p data-start=\"44\" data-end=\"58\"><strong data-start=\"44\" data-end=\"56\">\u0110\u1eb7c t\u00ednh<\/strong><\/p>\n<ul data-start=\"59\" data-end=\"292\">\n<li data-start=\"59\" data-end=\"164\">\n<p data-start=\"61\" data-end=\"164\">C\u1ea5u tr\u00fac t\u1ebf b\u00e0o \u0111\u1eb7c tr\u01b0ng, <strong data-start=\"88\" data-end=\"119\">\u0111\u1ed9 \u0111\u00e0n h\u1ed3i ph\u1ee5c h\u1ed3i r\u1ea5t cao<\/strong>, t\u1ef7 l\u1ec7 bi\u1ebfn d\u1ea1ng khi n\u00e9n l\u1eb7p l\u1ea1i <strong data-start=\"153\" data-end=\"161\">th\u1ea5p<\/strong>.<\/p>\n<\/li>\n<li data-start=\"165\" data-end=\"211\">\n<p data-start=\"167\" data-end=\"211\"><strong data-start=\"167\" data-end=\"174\">Nh\u1eb9<\/strong> v\u00e0 <strong data-start=\"178\" data-end=\"204\">\u0111\u1ed9 b\u1ec1n\/\u0111\u1ed9 ch\u1ecbu m\u00e0i m\u00f2n<\/strong> t\u1ed1t.<\/p>\n<\/li>\n<li data-start=\"212\" data-end=\"292\">\n<p data-start=\"214\" data-end=\"292\"><strong data-start=\"214\" data-end=\"230\">Ch\u1ed1ng va \u0111\u1eadp<\/strong> t\u1ed1t, d\u00f9ng l\u00e0m v\u1eadt li\u1ec7u \u0111\u1ec7m cho <strong data-start=\"262\" data-end=\"291\">\u0111\u1ed9 \u00eam v\u00e0 tho\u1ea3i m\u00e1i t\u1ed1i \u01b0u<\/strong>.<\/p>\n<\/li>\n<\/ul>\n<p data-start=\"294\" data-end=\"308\"><strong data-start=\"294\" data-end=\"306\">\u1ee8ng d\u1ee5ng<\/strong><\/p>\n<ul data-start=\"309\" data-end=\"387\">\n<li data-start=\"309\" data-end=\"387\">\n<p data-start=\"311\" data-end=\"387\">\u0110\u1ed3 n\u1ed9i th\u1ea5t, \u0111\u1ed3 <strong data-start=\"327\" data-end=\"346\">ch\u0103n ga g\u1ed1i n\u1ec7m<\/strong>, v\u00e0 c\u00e1c lo\u1ea1i <strong data-start=\"360\" data-end=\"386\">v\u1eadt li\u1ec7u \u0111\u1ec7m (cushion)<\/strong>.<\/p>\n<\/li>\n<\/ul>\n<p data-start=\"389\" data-end=\"408\"><strong data-start=\"389\" data-end=\"406\">V\u00ed d\u1ee5 s\u1eed d\u1ee5ng<\/strong><\/p>\n<ul data-start=\"409\" data-end=\"459\" data-is-last-node=\"\" data-is-only-node=\"\">\n<li data-start=\"409\" data-end=\"459\" data-is-last-node=\"\">\n<p data-start=\"411\" data-end=\"459\" data-is-last-node=\"\"><strong data-start=\"411\" data-end=\"429\">N\u1ec7m (mattress)<\/strong>, <strong data-start=\"431\" data-end=\"458\">l\u00f3t\/nh\u1ed3i b\u00ean trong sofa<\/strong>.<\/p>\n<\/li>\n<\/ul>\n","protected":false},"excerpt":{"rendered":"<p>\u0110\u1eb7c t\u00ednh C\u1ea5u tr\u00fac t\u1ebf b\u00e0o \u0111\u1eb7c tr\u01b0ng, \u0111\u1ed9 \u0111\u00e0n h\u1ed3i ph\u1ee5c h\u1ed3i r\u1ea5t cao, t\u1ef7 l\u1ec7 bi\u1ebfn d\u1ea1ng khi n\u00e9n l\u1eb7p l\u1ea1i th\u1ea5p. Nh\u1eb9 v\u00e0 \u0111\u1ed9 b\u1ec1n\/\u0111\u1ed9 ch\u1ecbu m\u00e0i m\u00f2n t\u1ed1t. Ch\u1ed1ng va \u0111\u1eadp t\u1ed1t, d\u00f9ng l\u00e0m v\u1eadt li\u1ec7u \u0111\u1ec7m cho \u0111\u1ed9 \u00eam v\u00e0 tho\u1ea3i m\u00e1i t\u1ed1i \u01b0u. \u1ee8ng d\u1ee5ng \u0110\u1ed3 n\u1ed9i th\u1ea5t, \u0111\u1ed3&#8230;<\/p>\n","protected":false},"featured_media":837,"comment_status":"open","ping_status":"closed","template":"","meta":{"_acf_changed":false},"product_brand":[],"product_cat":[70],"product_tag":[],"class_list":{"0":"post-832","1":"product","2":"type-product","3":"status-publish","4":"has-post-thumbnail","6":"product_cat-mut-xop","8":"first","9":"instock","10":"shipping-taxable","11":"product-type-simple"},"acf":[],"_links":{"self":[{"href":"https:\/\/ktech1.k-tech-services.com\/info314\/wp-json\/wp\/v2\/product\/832","targetHints":{"allow":["GET"]}}],"collection":[{"href":"https:\/\/ktech1.k-tech-services.com\/info314\/wp-json\/wp\/v2\/product"}],"about":[{"href":"https:\/\/ktech1.k-tech-services.com\/info314\/wp-json\/wp\/v2\/types\/product"}],"replies":[{"embeddable":true,"href":"https:\/\/ktech1.k-tech-services.com\/info314\/wp-json\/wp\/v2\/comments?post=832"}],"wp:featuredmedia":[{"embeddable":true,"href":"https:\/\/ktech1.k-tech-services.com\/info314\/wp-json\/wp\/v2\/media\/837"}],"wp:attachment":[{"href":"https:\/\/ktech1.k-tech-services.com\/info314\/wp-json\/wp\/v2\/media?parent=832"}],"wp:term":[{"taxonomy":"product_brand","embeddable":true,"href":"https:\/\/ktech1.k-tech-services.com\/info314\/wp-json\/wp\/v2\/product_brand?post=832"},{"taxonomy":"product_cat","embeddable":true,"href":"https:\/\/ktech1.k-tech-services.com\/info314\/wp-json\/wp\/v2\/product_cat?post=832"},{"taxonomy":"product_tag","embeddable":true,"href":"https:\/\/ktech1.k-tech-services.com\/info314\/wp-json\/wp\/v2\/product_tag?post=832"}],"curies":[{"name":"wp","href":"https:\/\/api.w.org\/{rel}","templated":true}]}}