{"id":840,"date":"2025-09-11T10:10:22","date_gmt":"2025-09-11T10:10:22","guid":{"rendered":"https:\/\/ktech1.k-tech-services.com\/info314\/?post_type=product&#038;p=840"},"modified":"2025-09-11T10:10:22","modified_gmt":"2025-09-11T10:10:22","slug":"mut-lo-lon","status":"publish","type":"product","link":"https:\/\/ktech1.k-tech-services.com\/info314\/product\/mut-lo-lon\/","title":{"rendered":"M\u00fat l\u1ed7 l\u1edbn"},"content":{"rendered":"<p data-start=\"34\" data-end=\"48\"><strong data-start=\"34\" data-end=\"46\">\u0110\u1eb7c t\u00ednh<\/strong><\/p>\n<ul data-start=\"49\" data-end=\"148\">\n<li data-start=\"49\" data-end=\"148\">\n<p data-start=\"51\" data-end=\"148\">C\u1ea5u tr\u00fac b\u1ec1 m\u1eb7t\/cell th\u00f4 gi\u00fap <strong data-start=\"81\" data-end=\"100\">d\u1ec5 gia c\u00f4ng c\u1eaft<\/strong> v\u00e0 c\u00f3 <strong data-start=\"107\" data-end=\"147\">\u0111\u1ed9 th\u00f4ng tho\u00e1ng (tho\u00e1ng kh\u00ed) r\u1ea5t t\u1ed1t<\/strong>.<\/p>\n<\/li>\n<\/ul>\n<p data-start=\"150\" data-end=\"164\"><strong data-start=\"150\" data-end=\"162\">\u1ee8ng d\u1ee5ng<\/strong><\/p>\n<ul data-start=\"165\" data-end=\"257\">\n<li data-start=\"165\" data-end=\"257\">\n<p data-start=\"167\" data-end=\"257\"><strong data-start=\"167\" data-end=\"199\">Mi\u1ebfng \u0111\u1ec7m vai (shoulder pad)<\/strong>, <strong data-start=\"201\" data-end=\"227\">v\u1eadt li\u1ec7u \u0111\u1ec7m (cushion)<\/strong>, <strong data-start=\"229\" data-end=\"251\">\u0111\u1ed3 ch\u0103n ga g\u1ed1i n\u1ec7m<\/strong>, v.v.<\/p>\n<\/li>\n<\/ul>\n<p data-start=\"259\" data-end=\"278\"><strong data-start=\"259\" data-end=\"276\">V\u00ed d\u1ee5 s\u1eed d\u1ee5ng<\/strong><\/p>\n<ul data-start=\"279\" data-end=\"349\" data-is-last-node=\"\" data-is-only-node=\"\">\n<li data-start=\"279\" data-end=\"349\" data-is-last-node=\"\">\n<p data-start=\"281\" data-end=\"349\" data-is-last-node=\"\"><strong data-start=\"281\" data-end=\"312\">C\u00e1c lo\u1ea1i n\u1ec7m c\u1ea7n tho\u00e1ng kh\u00ed<\/strong> v\u00e0 <strong data-start=\"316\" data-end=\"348\">c\u00e1c s\u1ea3n ph\u1ea9m th\u00f4ng d\u1ee5ng kh\u00e1c<\/strong>.<\/p>\n<\/li>\n<\/ul>\n","protected":false},"excerpt":{"rendered":"<p>\u0110\u1eb7c t\u00ednh C\u1ea5u tr\u00fac b\u1ec1 m\u1eb7t\/cell th\u00f4 gi\u00fap d\u1ec5 gia c\u00f4ng c\u1eaft v\u00e0 c\u00f3 \u0111\u1ed9 th\u00f4ng tho\u00e1ng (tho\u00e1ng kh\u00ed) r\u1ea5t t\u1ed1t. \u1ee8ng d\u1ee5ng Mi\u1ebfng \u0111\u1ec7m vai (shoulder pad), v\u1eadt li\u1ec7u \u0111\u1ec7m (cushion), \u0111\u1ed3 ch\u0103n ga g\u1ed1i n\u1ec7m, v.v. V\u00ed d\u1ee5 s\u1eed d\u1ee5ng C\u00e1c lo\u1ea1i n\u1ec7m c\u1ea7n tho\u00e1ng kh\u00ed v\u00e0 c\u00e1c s\u1ea3n ph\u1ea9m th\u00f4ng d\u1ee5ng kh\u00e1c.<\/p>\n","protected":false},"featured_media":843,"comment_status":"open","ping_status":"closed","template":"","meta":{"_acf_changed":false},"product_brand":[],"product_cat":[70],"product_tag":[],"class_list":{"0":"post-840","1":"product","2":"type-product","3":"status-publish","4":"has-post-thumbnail","6":"product_cat-mut-xop","8":"first","9":"instock","10":"shipping-taxable","11":"product-type-simple"},"acf":[],"_links":{"self":[{"href":"https:\/\/ktech1.k-tech-services.com\/info314\/wp-json\/wp\/v2\/product\/840","targetHints":{"allow":["GET"]}}],"collection":[{"href":"https:\/\/ktech1.k-tech-services.com\/info314\/wp-json\/wp\/v2\/product"}],"about":[{"href":"https:\/\/ktech1.k-tech-services.com\/info314\/wp-json\/wp\/v2\/types\/product"}],"replies":[{"embeddable":true,"href":"https:\/\/ktech1.k-tech-services.com\/info314\/wp-json\/wp\/v2\/comments?post=840"}],"wp:featuredmedia":[{"embeddable":true,"href":"https:\/\/ktech1.k-tech-services.com\/info314\/wp-json\/wp\/v2\/media\/843"}],"wp:attachment":[{"href":"https:\/\/ktech1.k-tech-services.com\/info314\/wp-json\/wp\/v2\/media?parent=840"}],"wp:term":[{"taxonomy":"product_brand","embeddable":true,"href":"https:\/\/ktech1.k-tech-services.com\/info314\/wp-json\/wp\/v2\/product_brand?post=840"},{"taxonomy":"product_cat","embeddable":true,"href":"https:\/\/ktech1.k-tech-services.com\/info314\/wp-json\/wp\/v2\/product_cat?post=840"},{"taxonomy":"product_tag","embeddable":true,"href":"https:\/\/ktech1.k-tech-services.com\/info314\/wp-json\/wp\/v2\/product_tag?post=840"}],"curies":[{"name":"wp","href":"https:\/\/api.w.org\/{rel}","templated":true}]}}