{"id":846,"date":"2025-09-11T10:18:43","date_gmt":"2025-09-11T10:18:43","guid":{"rendered":"https:\/\/ktech1.k-tech-services.com\/info314\/?post_type=product&#038;p=846"},"modified":"2025-09-11T10:18:44","modified_gmt":"2025-09-11T10:18:44","slug":"mut-gia-cao-su","status":"publish","type":"product","link":"https:\/\/ktech1.k-tech-services.com\/info314\/product\/mut-gia-cao-su\/","title":{"rendered":"M\u00fat gi\u1ea3 cao su"},"content":{"rendered":"<p data-start=\"39\" data-end=\"53\"><strong data-start=\"39\" data-end=\"51\">\u0110\u1eb7c t\u00ednh<\/strong><\/p>\n<ul data-start=\"54\" data-end=\"341\">\n<li data-start=\"54\" data-end=\"228\">\n<p data-start=\"56\" data-end=\"228\">K\u1ebft h\u1ee3p \u01b0u \u0111i\u1ec3m c\u1ee7a <strong data-start=\"76\" data-end=\"96\">m\u00fat ch\u1ecbu t\u1ea3i cao<\/strong> v\u00e0 <strong data-start=\"100\" data-end=\"119\">m\u00fat \u0111\u00e0n h\u1ed3i cao<\/strong>: \u0111\u1ed9 b\u1ec1n v\u00e0 \u0111\u1ed9 \u0111\u00e0n h\u1ed3i v\u01b0\u1ee3t tr\u1ed9i, \u0111\u1eb7c bi\u1ec7t <strong data-start=\"162\" data-end=\"186\">\u0111\u00e0n h\u1ed3i ho\u00e0n tr\u1ea3 t\u1ed1t<\/strong> v\u00e0 <strong data-start=\"190\" data-end=\"225\">\u0111\u1ed9 bi\u1ebfn d\u1ea1ng n\u00e9n v\u0129nh vi\u1ec5n th\u1ea5p<\/strong>.<\/p>\n<\/li>\n<li data-start=\"229\" data-end=\"341\">\n<p data-start=\"231\" data-end=\"341\">Ph\u1ea1m vi \u1ee9ng d\u1ee5ng \u0111a d\u1ea1ng theo <strong data-start=\"261\" data-end=\"271\">m\u1eadt \u0111\u1ed9<\/strong> v\u00e0 <strong data-start=\"275\" data-end=\"286\">\u0111\u1ed9 c\u1ee9ng<\/strong>; ch\u1ee7 y\u1ebfu d\u00f9ng cho c\u00e1c s\u1ea3n ph\u1ea9m <strong data-start=\"318\" data-end=\"340\">y\u00eau c\u1ea7u \u0111\u1ed9 \u0111\u00e0n h\u1ed3i<\/strong>.<\/p>\n<\/li>\n<\/ul>\n<p data-start=\"343\" data-end=\"357\"><strong data-start=\"343\" data-end=\"355\">\u1ee8ng d\u1ee5ng<\/strong><\/p>\n<ul data-start=\"358\" data-end=\"417\">\n<li data-start=\"358\" data-end=\"417\">\n<p data-start=\"360\" data-end=\"417\">V\u1eadt li\u1ec7u <strong data-start=\"369\" data-end=\"380\">cushion<\/strong> v\u00e0 <strong data-start=\"384\" data-end=\"391\">pad<\/strong> c\u00f3 kh\u1ea3 n\u0103ng ph\u1ee5c h\u1ed3i cao.<\/p>\n<\/li>\n<\/ul>\n<p data-start=\"419\" data-end=\"438\"><strong data-start=\"419\" data-end=\"436\">V\u00ed d\u1ee5 s\u1eed d\u1ee5ng<\/strong><\/p>\n<ul data-start=\"439\" data-end=\"470\" data-is-last-node=\"\" data-is-only-node=\"\">\n<li data-start=\"439\" data-end=\"470\" data-is-last-node=\"\">\n<p data-start=\"441\" data-end=\"470\" data-is-last-node=\"\"><strong data-start=\"441\" data-end=\"457\">C\u00e1c lo\u1ea1i n\u1ec7m<\/strong> v\u00e0 <strong data-start=\"461\" data-end=\"469\">sofa<\/strong>.<\/p>\n<\/li>\n<\/ul>\n","protected":false},"excerpt":{"rendered":"<p>\u0110\u1eb7c t\u00ednh K\u1ebft h\u1ee3p \u01b0u \u0111i\u1ec3m c\u1ee7a m\u00fat ch\u1ecbu t\u1ea3i cao v\u00e0 m\u00fat \u0111\u00e0n h\u1ed3i cao: \u0111\u1ed9 b\u1ec1n v\u00e0 \u0111\u1ed9 \u0111\u00e0n h\u1ed3i v\u01b0\u1ee3t tr\u1ed9i, \u0111\u1eb7c bi\u1ec7t \u0111\u00e0n h\u1ed3i ho\u00e0n tr\u1ea3 t\u1ed1t v\u00e0 \u0111\u1ed9 bi\u1ebfn d\u1ea1ng n\u00e9n v\u0129nh vi\u1ec5n th\u1ea5p. Ph\u1ea1m vi \u1ee9ng d\u1ee5ng \u0111a d\u1ea1ng theo m\u1eadt \u0111\u1ed9 v\u00e0 \u0111\u1ed9 c\u1ee9ng; ch\u1ee7 y\u1ebfu d\u00f9ng cho&#8230;<\/p>\n","protected":false},"featured_media":849,"comment_status":"open","ping_status":"closed","template":"","meta":{"_acf_changed":false},"product_brand":[],"product_cat":[70],"product_tag":[],"class_list":{"0":"post-846","1":"product","2":"type-product","3":"status-publish","4":"has-post-thumbnail","6":"product_cat-mut-xop","8":"first","9":"instock","10":"shipping-taxable","11":"product-type-simple"},"acf":[],"_links":{"self":[{"href":"https:\/\/ktech1.k-tech-services.com\/info314\/wp-json\/wp\/v2\/product\/846","targetHints":{"allow":["GET"]}}],"collection":[{"href":"https:\/\/ktech1.k-tech-services.com\/info314\/wp-json\/wp\/v2\/product"}],"about":[{"href":"https:\/\/ktech1.k-tech-services.com\/info314\/wp-json\/wp\/v2\/types\/product"}],"replies":[{"embeddable":true,"href":"https:\/\/ktech1.k-tech-services.com\/info314\/wp-json\/wp\/v2\/comments?post=846"}],"wp:featuredmedia":[{"embeddable":true,"href":"https:\/\/ktech1.k-tech-services.com\/info314\/wp-json\/wp\/v2\/media\/849"}],"wp:attachment":[{"href":"https:\/\/ktech1.k-tech-services.com\/info314\/wp-json\/wp\/v2\/media?parent=846"}],"wp:term":[{"taxonomy":"product_brand","embeddable":true,"href":"https:\/\/ktech1.k-tech-services.com\/info314\/wp-json\/wp\/v2\/product_brand?post=846"},{"taxonomy":"product_cat","embeddable":true,"href":"https:\/\/ktech1.k-tech-services.com\/info314\/wp-json\/wp\/v2\/product_cat?post=846"},{"taxonomy":"product_tag","embeddable":true,"href":"https:\/\/ktech1.k-tech-services.com\/info314\/wp-json\/wp\/v2\/product_tag?post=846"}],"curies":[{"name":"wp","href":"https:\/\/api.w.org\/{rel}","templated":true}]}}