{"id":858,"date":"2025-09-11T10:43:28","date_gmt":"2025-09-11T10:43:28","guid":{"rendered":"https:\/\/ktech1.k-tech-services.com\/info314\/?post_type=product&#038;p=858"},"modified":"2025-09-11T10:43:28","modified_gmt":"2025-09-11T10:43:28","slug":"mut-it-tham-khi","status":"publish","type":"product","link":"https:\/\/ktech1.k-tech-services.com\/info314\/product\/mut-it-tham-khi\/","title":{"rendered":"M\u00fat \u00edt th\u1ea5m kh\u00ed"},"content":{"rendered":"<p data-start=\"45\" data-end=\"59\"><strong data-start=\"45\" data-end=\"57\">\u0110\u1eb7c t\u00ednh<\/strong><\/p>\n<ul data-start=\"60\" data-end=\"266\">\n<li data-start=\"60\" data-end=\"200\">\n<p data-start=\"62\" data-end=\"200\">T\u1ef7 l\u1ec7 <strong data-start=\"68\" data-end=\"94\">t\u1ebf b\u00e0o k\u00edn (\u00f4 \u0111\u1ed9c l\u1eadp)<\/strong> cao n\u00ean <strong data-start=\"103\" data-end=\"129\">kh\u00f4ng kh\u00ed kh\u00f3 th\u1ea5m qua<\/strong>; c\u00f3 hai d\u00f2ng s\u1ea3n ph\u1ea9m: <strong data-start=\"153\" data-end=\"168\">\u0111\u00e0n h\u1ed3i cao<\/strong> v\u00e0 <strong data-start=\"172\" data-end=\"197\">\u0111\u00e0n h\u1ed3i ho\u00e0n tr\u1ea3 th\u1ea5p<\/strong>.<\/p>\n<\/li>\n<li data-start=\"201\" data-end=\"266\">\n<p data-start=\"203\" data-end=\"266\"><strong data-start=\"203\" data-end=\"218\">Kh\u00e1ng khu\u1ea9n<\/strong>, h\u1ea1n ch\u1ebf s\u1ef1 ph\u00e1t tri\u1ec3n c\u1ee7a vi khu\u1ea9n v\u00e0 n\u1ea5m m\u1ed1c.<\/p>\n<\/li>\n<\/ul>\n<p data-start=\"268\" data-end=\"282\"><strong data-start=\"268\" data-end=\"280\">\u1ee8ng d\u1ee5ng<\/strong><\/p>\n<ul data-start=\"283\" data-end=\"444\">\n<li data-start=\"283\" data-end=\"444\">\n<p data-start=\"285\" data-end=\"444\">V\u1eadt li\u1ec7u <strong data-start=\"294\" data-end=\"308\">h\u1ea5p th\u1ee5 \u00e2m<\/strong>, <strong data-start=\"310\" data-end=\"321\">c\u00e1ch \u00e2m<\/strong>, s\u1ea3n ph\u1ea9m <strong data-start=\"332\" data-end=\"348\">\u0111i\u1ec7n\u2013\u0111i\u1ec7n t\u1eed<\/strong>, c\u00e1c <strong data-start=\"354\" data-end=\"370\">b\u1ed9 ph\u1eadn \u00f4 t\u00f4<\/strong>, v\u1eadt li\u1ec7u <strong data-start=\"381\" data-end=\"402\">l\u00e0m k\u00edn (sealing)<\/strong>, v\u00e0 <strong data-start=\"407\" data-end=\"438\">d\u00f9ng cho \u0111i\u1ec1u h\u00f2a kh\u00f4ng kh\u00ed<\/strong>, v.v.<\/p>\n<\/li>\n<\/ul>\n<p data-start=\"446\" data-end=\"465\"><strong data-start=\"446\" data-end=\"463\">V\u00ed d\u1ee5 s\u1eed d\u1ee5ng<\/strong><\/p>\n<ul data-start=\"466\" data-end=\"522\" data-is-last-node=\"\" data-is-only-node=\"\">\n<li data-start=\"466\" data-end=\"522\" data-is-last-node=\"\">\n<p data-start=\"468\" data-end=\"522\" data-is-last-node=\"\">\u1ee8ng d\u1ee5ng cho <strong data-start=\"481\" data-end=\"498\">h\u1ec7 th\u1ed1ng HVAC<\/strong> (\u00f4 t\u00f4 v\u00e0 m\u00e1y \u0111i\u1ec1u h\u00f2a).<\/p>\n<\/li>\n<\/ul>\n","protected":false},"excerpt":{"rendered":"<p>\u0110\u1eb7c t\u00ednh T\u1ef7 l\u1ec7 t\u1ebf b\u00e0o k\u00edn (\u00f4 \u0111\u1ed9c l\u1eadp) cao n\u00ean kh\u00f4ng kh\u00ed kh\u00f3 th\u1ea5m qua; c\u00f3 hai d\u00f2ng s\u1ea3n ph\u1ea9m: \u0111\u00e0n h\u1ed3i cao v\u00e0 \u0111\u00e0n h\u1ed3i ho\u00e0n tr\u1ea3 th\u1ea5p. Kh\u00e1ng khu\u1ea9n, h\u1ea1n ch\u1ebf s\u1ef1 ph\u00e1t tri\u1ec3n c\u1ee7a vi khu\u1ea9n v\u00e0 n\u1ea5m m\u1ed1c. \u1ee8ng d\u1ee5ng V\u1eadt li\u1ec7u h\u1ea5p th\u1ee5 \u00e2m, c\u00e1ch \u00e2m, s\u1ea3n ph\u1ea9m&#8230;<\/p>\n","protected":false},"featured_media":861,"comment_status":"open","ping_status":"closed","template":"","meta":{"_acf_changed":false},"product_brand":[],"product_cat":[70],"product_tag":[],"class_list":{"0":"post-858","1":"product","2":"type-product","3":"status-publish","4":"has-post-thumbnail","6":"product_cat-mut-xop","8":"first","9":"instock","10":"shipping-taxable","11":"product-type-simple"},"acf":[],"_links":{"self":[{"href":"https:\/\/ktech1.k-tech-services.com\/info314\/wp-json\/wp\/v2\/product\/858","targetHints":{"allow":["GET"]}}],"collection":[{"href":"https:\/\/ktech1.k-tech-services.com\/info314\/wp-json\/wp\/v2\/product"}],"about":[{"href":"https:\/\/ktech1.k-tech-services.com\/info314\/wp-json\/wp\/v2\/types\/product"}],"replies":[{"embeddable":true,"href":"https:\/\/ktech1.k-tech-services.com\/info314\/wp-json\/wp\/v2\/comments?post=858"}],"wp:featuredmedia":[{"embeddable":true,"href":"https:\/\/ktech1.k-tech-services.com\/info314\/wp-json\/wp\/v2\/media\/861"}],"wp:attachment":[{"href":"https:\/\/ktech1.k-tech-services.com\/info314\/wp-json\/wp\/v2\/media?parent=858"}],"wp:term":[{"taxonomy":"product_brand","embeddable":true,"href":"https:\/\/ktech1.k-tech-services.com\/info314\/wp-json\/wp\/v2\/product_brand?post=858"},{"taxonomy":"product_cat","embeddable":true,"href":"https:\/\/ktech1.k-tech-services.com\/info314\/wp-json\/wp\/v2\/product_cat?post=858"},{"taxonomy":"product_tag","embeddable":true,"href":"https:\/\/ktech1.k-tech-services.com\/info314\/wp-json\/wp\/v2\/product_tag?post=858"}],"curies":[{"name":"wp","href":"https:\/\/api.w.org\/{rel}","templated":true}]}}