{"id":865,"date":"2025-09-11T10:52:50","date_gmt":"2025-09-11T10:52:50","guid":{"rendered":"https:\/\/ktech1.k-tech-services.com\/info314\/?post_type=product&#038;p=865"},"modified":"2025-09-11T10:52:51","modified_gmt":"2025-09-11T10:52:51","slug":"mut-sieu-mem","status":"publish","type":"product","link":"https:\/\/ktech1.k-tech-services.com\/info314\/product\/mut-sieu-mem\/","title":{"rendered":"M\u00fat si\u00eau m\u1ec1m"},"content":{"rendered":"<p data-start=\"36\" data-end=\"50\"><strong data-start=\"36\" data-end=\"48\">\u0110\u1eb7c t\u00ednh<\/strong><\/p>\n<ul data-start=\"51\" data-end=\"215\">\n<li data-start=\"51\" data-end=\"215\">\n<p data-start=\"53\" data-end=\"215\">C\u1ea3m gi\u00e1c b\u1ec1 m\u1eb7t <strong data-start=\"69\" data-end=\"84\">r\u1ea5t m\u1ec1m m\u1ea1i<\/strong>, <strong data-start=\"86\" data-end=\"96\">\u0111\u1ed9 d\u1ebbo<\/strong> cao; <strong data-start=\"102\" data-end=\"113\">\u0111\u00e0n h\u1ed3i<\/strong>, <strong data-start=\"115\" data-end=\"126\">\u0111\u1ed9 gi\u00e3n<\/strong> v\u00e0 <strong data-start=\"130\" data-end=\"147\">\u0111\u1ed9 tho\u00e1ng kh\u00ed<\/strong> \u0111\u1ec1u v\u01b0\u1ee3t tr\u1ed9i, n\u00ean r\u1ea5t ph\u00f9 h\u1ee3p d\u00f9ng l\u00e0m <strong data-start=\"188\" data-end=\"214\">v\u1eadt li\u1ec7u \u0111\u1ec7m (cushion)<\/strong>.<\/p>\n<\/li>\n<\/ul>\n<p data-start=\"217\" data-end=\"231\"><strong data-start=\"217\" data-end=\"229\">\u1ee8ng d\u1ee5ng<\/strong><\/p>\n<ul data-start=\"232\" data-end=\"295\">\n<li data-start=\"232\" data-end=\"295\">\n<p data-start=\"234\" data-end=\"295\">V\u1eadt li\u1ec7u \u0111\u1ec7m mang c\u1ea3m gi\u00e1c m\u1ec1m, <strong data-start=\"266\" data-end=\"289\">\u0111\u1ed3 n\u1ed9i th\u1ea5t cao c\u1ea5p<\/strong>, v.v.<\/p>\n<\/li>\n<\/ul>\n<p data-start=\"297\" data-end=\"316\"><strong data-start=\"297\" data-end=\"314\">V\u00ed d\u1ee5 s\u1eed d\u1ee5ng<\/strong><\/p>\n<ul data-start=\"317\" data-end=\"408\" data-is-last-node=\"\" data-is-only-node=\"\">\n<li data-start=\"317\" data-end=\"408\" data-is-last-node=\"\">\n<p data-start=\"319\" data-end=\"408\" data-is-last-node=\"\"><strong data-start=\"319\" data-end=\"365\">V\u1eadt li\u1ec7u l\u00f3t b\u00ean trong \u0111\u1ed3 n\u1ed9i th\u1ea5t cao c\u1ea5p<\/strong>, <strong data-start=\"367\" data-end=\"374\">n\u1ec7m<\/strong>, v\u00e0 c\u00e1c lo\u1ea1i <strong data-start=\"388\" data-end=\"407\">ch\u0103n ga g\u1ed1i n\u1ec7m<\/strong>.<\/p>\n<\/li>\n<\/ul>\n","protected":false},"excerpt":{"rendered":"<p>\u0110\u1eb7c t\u00ednh C\u1ea3m gi\u00e1c b\u1ec1 m\u1eb7t r\u1ea5t m\u1ec1m m\u1ea1i, \u0111\u1ed9 d\u1ebbo cao; \u0111\u00e0n h\u1ed3i, \u0111\u1ed9 gi\u00e3n v\u00e0 \u0111\u1ed9 tho\u00e1ng kh\u00ed \u0111\u1ec1u v\u01b0\u1ee3t tr\u1ed9i, n\u00ean r\u1ea5t ph\u00f9 h\u1ee3p d\u00f9ng l\u00e0m v\u1eadt li\u1ec7u \u0111\u1ec7m (cushion). \u1ee8ng d\u1ee5ng V\u1eadt li\u1ec7u \u0111\u1ec7m mang c\u1ea3m gi\u00e1c m\u1ec1m, \u0111\u1ed3 n\u1ed9i th\u1ea5t cao c\u1ea5p, v.v. V\u00ed d\u1ee5 s\u1eed d\u1ee5ng V\u1eadt li\u1ec7u l\u00f3t&#8230;<\/p>\n","protected":false},"featured_media":868,"comment_status":"open","ping_status":"closed","template":"","meta":{"_acf_changed":false},"product_brand":[],"product_cat":[70],"product_tag":[],"class_list":{"0":"post-865","1":"product","2":"type-product","3":"status-publish","4":"has-post-thumbnail","6":"product_cat-mut-xop","8":"first","9":"instock","10":"shipping-taxable","11":"product-type-simple"},"acf":[],"_links":{"self":[{"href":"https:\/\/ktech1.k-tech-services.com\/info314\/wp-json\/wp\/v2\/product\/865","targetHints":{"allow":["GET"]}}],"collection":[{"href":"https:\/\/ktech1.k-tech-services.com\/info314\/wp-json\/wp\/v2\/product"}],"about":[{"href":"https:\/\/ktech1.k-tech-services.com\/info314\/wp-json\/wp\/v2\/types\/product"}],"replies":[{"embeddable":true,"href":"https:\/\/ktech1.k-tech-services.com\/info314\/wp-json\/wp\/v2\/comments?post=865"}],"wp:featuredmedia":[{"embeddable":true,"href":"https:\/\/ktech1.k-tech-services.com\/info314\/wp-json\/wp\/v2\/media\/868"}],"wp:attachment":[{"href":"https:\/\/ktech1.k-tech-services.com\/info314\/wp-json\/wp\/v2\/media?parent=865"}],"wp:term":[{"taxonomy":"product_brand","embeddable":true,"href":"https:\/\/ktech1.k-tech-services.com\/info314\/wp-json\/wp\/v2\/product_brand?post=865"},{"taxonomy":"product_cat","embeddable":true,"href":"https:\/\/ktech1.k-tech-services.com\/info314\/wp-json\/wp\/v2\/product_cat?post=865"},{"taxonomy":"product_tag","embeddable":true,"href":"https:\/\/ktech1.k-tech-services.com\/info314\/wp-json\/wp\/v2\/product_tag?post=865"}],"curies":[{"name":"wp","href":"https:\/\/api.w.org\/{rel}","templated":true}]}}