{"id":879,"date":"2025-09-12T03:11:09","date_gmt":"2025-09-12T03:11:09","guid":{"rendered":"https:\/\/ktech1.k-tech-services.com\/info314\/?post_type=product&#038;p=879"},"modified":"2025-09-12T03:11:09","modified_gmt":"2025-09-12T03:11:09","slug":"ban-cung-semi-rigid-foam","status":"publish","type":"product","link":"https:\/\/ktech1.k-tech-services.com\/info314\/product\/ban-cung-semi-rigid-foam\/","title":{"rendered":"B\u00e1n C\u1ee9ng (Semi Rigid Foam)"},"content":{"rendered":"<p data-start=\"81\" data-end=\"95\"><strong data-start=\"81\" data-end=\"93\">\u0110\u1eb7c t\u00ednh<\/strong><\/p>\n<ul data-start=\"96\" data-end=\"202\">\n<li data-start=\"96\" data-end=\"202\">\n<p data-start=\"98\" data-end=\"202\">L\u00e0 lo\u1ea1i foam c\u00f3 t\u00ednh ch\u1ea5t trung gian gi\u1eefa foam m\u1ec1m v\u00e0 foam c\u1ee9ng, \u0111\u1eb7c bi\u1ec7t n\u1ed5i b\u1eadt v\u1edbi \u0111\u1ed9 b\u1ec1n ch\u1eafc cao.<\/p>\n<\/li>\n<\/ul>\n<p data-start=\"204\" data-end=\"218\"><strong data-start=\"204\" data-end=\"216\">\u1ee8ng d\u1ee5ng<\/strong><\/p>\n<ul data-start=\"219\" data-end=\"286\">\n<li data-start=\"219\" data-end=\"286\">\n<p data-start=\"221\" data-end=\"286\">D\u00f9ng trong <strong data-start=\"232\" data-end=\"265\">t\u1ea5m che n\u1eafng \u00f4 t\u00f4 (Sun Visor)<\/strong>, \u0111\u1ed3 n\u1ed9i th\u1ea5t, v.v.<\/p>\n<\/li>\n<\/ul>\n<p data-start=\"288\" data-end=\"312\"><strong data-start=\"288\" data-end=\"310\">Tr\u01b0\u1eddng h\u1ee3p \u00e1p d\u1ee5ng<\/strong><\/p>\n<ul data-start=\"313\" data-end=\"381\">\n<li data-start=\"313\" data-end=\"381\">\n<p data-start=\"315\" data-end=\"381\">S\u1ea3n ph\u1ea9m <strong data-start=\"324\" data-end=\"345\">t\u1ea5m che n\u1eafng \u00f4 t\u00f4<\/strong> v\u00e0 <strong data-start=\"349\" data-end=\"378\">s\u1ea3n ph\u1ea9m d\u00f9ng cho nh\u00e0 h\u00e1t<\/strong>.<\/p>\n<\/li>\n<\/ul>\n","protected":false},"excerpt":{"rendered":"<p>\u0110\u1eb7c t\u00ednh L\u00e0 lo\u1ea1i foam c\u00f3 t\u00ednh ch\u1ea5t trung gian gi\u1eefa foam m\u1ec1m v\u00e0 foam c\u1ee9ng, \u0111\u1eb7c bi\u1ec7t n\u1ed5i b\u1eadt v\u1edbi \u0111\u1ed9 b\u1ec1n ch\u1eafc cao. \u1ee8ng d\u1ee5ng D\u00f9ng trong t\u1ea5m che n\u1eafng \u00f4 t\u00f4 (Sun Visor), \u0111\u1ed3 n\u1ed9i th\u1ea5t, v.v. Tr\u01b0\u1eddng h\u1ee3p \u00e1p d\u1ee5ng S\u1ea3n ph\u1ea9m t\u1ea5m che n\u1eafng \u00f4 t\u00f4 v\u00e0 s\u1ea3n ph\u1ea9m d\u00f9ng&#8230;<\/p>\n","protected":false},"featured_media":882,"comment_status":"open","ping_status":"closed","template":"","meta":{"_acf_changed":false},"product_brand":[],"product_cat":[70],"product_tag":[],"class_list":{"0":"post-879","1":"product","2":"type-product","3":"status-publish","4":"has-post-thumbnail","6":"product_cat-mut-xop","8":"first","9":"instock","10":"shipping-taxable","11":"product-type-simple"},"acf":[],"_links":{"self":[{"href":"https:\/\/ktech1.k-tech-services.com\/info314\/wp-json\/wp\/v2\/product\/879","targetHints":{"allow":["GET"]}}],"collection":[{"href":"https:\/\/ktech1.k-tech-services.com\/info314\/wp-json\/wp\/v2\/product"}],"about":[{"href":"https:\/\/ktech1.k-tech-services.com\/info314\/wp-json\/wp\/v2\/types\/product"}],"replies":[{"embeddable":true,"href":"https:\/\/ktech1.k-tech-services.com\/info314\/wp-json\/wp\/v2\/comments?post=879"}],"wp:featuredmedia":[{"embeddable":true,"href":"https:\/\/ktech1.k-tech-services.com\/info314\/wp-json\/wp\/v2\/media\/882"}],"wp:attachment":[{"href":"https:\/\/ktech1.k-tech-services.com\/info314\/wp-json\/wp\/v2\/media?parent=879"}],"wp:term":[{"taxonomy":"product_brand","embeddable":true,"href":"https:\/\/ktech1.k-tech-services.com\/info314\/wp-json\/wp\/v2\/product_brand?post=879"},{"taxonomy":"product_cat","embeddable":true,"href":"https:\/\/ktech1.k-tech-services.com\/info314\/wp-json\/wp\/v2\/product_cat?post=879"},{"taxonomy":"product_tag","embeddable":true,"href":"https:\/\/ktech1.k-tech-services.com\/info314\/wp-json\/wp\/v2\/product_tag?post=879"}],"curies":[{"name":"wp","href":"https:\/\/api.w.org\/{rel}","templated":true}]}}