{"id":889,"date":"2025-09-12T03:32:34","date_gmt":"2025-09-12T03:32:34","guid":{"rendered":"https:\/\/ktech1.k-tech-services.com\/info314\/?post_type=product&#038;p=889"},"modified":"2025-09-12T03:35:10","modified_gmt":"2025-09-12T03:35:10","slug":"mut-cao-su-hoa-hoc-chemical-latex-foam-2","status":"publish","type":"product","link":"https:\/\/ktech1.k-tech-services.com\/info314\/en\/product\/mut-cao-su-hoa-hoc-chemical-latex-foam-2\/","title":{"rendered":"Chemical Latex Foam"},"content":{"rendered":"<p data-start=\"91\" data-end=\"105\"><strong data-start=\"91\" data-end=\"103\">\u0110\u1eb7c t\u00ednh<\/strong><\/p>\n<ul data-start=\"106\" data-end=\"192\">\n<li data-start=\"106\" data-end=\"192\">\n<p data-start=\"108\" data-end=\"192\">C\u00f3 \u0111\u1ed9 \u0111\u00e0n h\u1ed3i cao v\u00e0 kh\u1ea3 n\u0103ng ph\u1ee5c h\u1ed3i v\u01b0\u1ee3t tr\u1ed9i so v\u1edbi c\u00e1c lo\u1ea1i m\u00fat th\u00f4ng th\u01b0\u1eddng.<\/p>\n<\/li>\n<\/ul>\n<p data-start=\"194\" data-end=\"208\"><strong data-start=\"194\" data-end=\"206\">\u1ee8ng d\u1ee5ng<\/strong><\/p>\n<ul data-start=\"209\" data-end=\"242\">\n<li data-start=\"209\" data-end=\"242\">\n<p data-start=\"211\" data-end=\"242\">D\u00f9ng cho n\u1ec7m (mattress), v.v.<\/p>\n<\/li>\n<\/ul>\n<p data-start=\"244\" data-end=\"268\"><strong data-start=\"244\" data-end=\"266\">Tr\u01b0\u1eddng h\u1ee3p \u00e1p d\u1ee5ng<\/strong><\/p>\n<ul data-start=\"269\" data-end=\"299\">\n<li data-start=\"269\" data-end=\"299\">\n<p data-start=\"271\" data-end=\"299\">N\u1ec7m gi\u01b0\u1eddng (mattress bed).<\/p>\n<\/li>\n<\/ul>\n","protected":false},"excerpt":{"rendered":"<p>\u0110\u1eb7c t\u00ednh C\u00f3 \u0111\u1ed9 \u0111\u00e0n h\u1ed3i cao v\u00e0 kh\u1ea3 n\u0103ng ph\u1ee5c h\u1ed3i v\u01b0\u1ee3t tr\u1ed9i so v\u1edbi c\u00e1c lo\u1ea1i m\u00fat th\u00f4ng th\u01b0\u1eddng. \u1ee8ng d\u1ee5ng D\u00f9ng cho n\u1ec7m (mattress), v.v. Tr\u01b0\u1eddng h\u1ee3p \u00e1p d\u1ee5ng N\u1ec7m gi\u01b0\u1eddng (mattress bed).<\/p>\n","protected":false},"featured_media":887,"comment_status":"open","ping_status":"closed","template":"","meta":{"_acf_changed":false},"product_brand":[],"product_cat":[74],"product_tag":[],"class_list":{"0":"post-889","1":"product","2":"type-product","3":"status-publish","4":"has-post-thumbnail","6":"product_cat-foam","8":"first","9":"instock","10":"shipping-taxable","11":"product-type-simple"},"acf":[],"_links":{"self":[{"href":"https:\/\/ktech1.k-tech-services.com\/info314\/wp-json\/wp\/v2\/product\/889","targetHints":{"allow":["GET"]}}],"collection":[{"href":"https:\/\/ktech1.k-tech-services.com\/info314\/wp-json\/wp\/v2\/product"}],"about":[{"href":"https:\/\/ktech1.k-tech-services.com\/info314\/wp-json\/wp\/v2\/types\/product"}],"replies":[{"embeddable":true,"href":"https:\/\/ktech1.k-tech-services.com\/info314\/wp-json\/wp\/v2\/comments?post=889"}],"wp:featuredmedia":[{"embeddable":true,"href":"https:\/\/ktech1.k-tech-services.com\/info314\/wp-json\/wp\/v2\/media\/887"}],"wp:attachment":[{"href":"https:\/\/ktech1.k-tech-services.com\/info314\/wp-json\/wp\/v2\/media?parent=889"}],"wp:term":[{"taxonomy":"product_brand","embeddable":true,"href":"https:\/\/ktech1.k-tech-services.com\/info314\/wp-json\/wp\/v2\/product_brand?post=889"},{"taxonomy":"product_cat","embeddable":true,"href":"https:\/\/ktech1.k-tech-services.com\/info314\/wp-json\/wp\/v2\/product_cat?post=889"},{"taxonomy":"product_tag","embeddable":true,"href":"https:\/\/ktech1.k-tech-services.com\/info314\/wp-json\/wp\/v2\/product_tag?post=889"}],"curies":[{"name":"wp","href":"https:\/\/api.w.org\/{rel}","templated":true}]}}