
{"id":1396,"date":"2025-09-26T03:50:14","date_gmt":"2025-09-26T03:50:14","guid":{"rendered":"https:\/\/ktech1.k-tech-services.com\/info356\/?post_type=product&#038;p=1396"},"modified":"2025-10-03T03:44:07","modified_gmt":"2025-10-03T03:44:07","slug":"bonita-cruise-lan-ha-bay","status":"publish","type":"product","link":"https:\/\/ktech1.k-tech-services.com\/info356\/bonita-cruise-lan-ha-bay\/","title":{"rendered":"Bonita Cruise &#8211; Lan Ha Bay"},"content":{"rendered":"","protected":false},"excerpt":{"rendered":"<p>Tr\u1edf th\u00e0nh du thuy\u1ec1n s\u1eaft hi\u1ec7n \u0111\u1ea1i v\u00e0 l\u1edbn nh\u1ea5t tr\u00ean\u00a0<b>V\u1ecbnh H\u1ea1 Long<\/b>, \u0111\u01b0\u1ee3c h\u1ea1 th\u1ee7y v\u00e0o th\u00e1ng 11 n\u0103m 2018,\u00a0<b>Du thuy\u1ec1n<\/b>\u00a0\u0111\u01b0\u1ee3c nhi\u1ec1u du kh\u00e1ch bi\u1ebft \u0111\u1ebfn v\u1edbi ch\u1ea5t l\u01b0\u1ee3ng d\u1ecbch v\u1ee5 th\u1ef1c s\u1ef1 cao c\u1ea5p. L\u00e0 du thuy\u1ec1n \u0111\u1ea7u ti\u00ean \u0111\u01b0\u1ee3c \u00e1p d\u1ee5ng th\u1ef1c \u0111\u01a1n 2 sao c\u1ee7a\u00a0<b>\u0111\u1ea7u b\u1ebfp n\u1ed1i ti\u1ebfng Michellin<\/b>&#8211;\u00a0<b>Du thuy\u1ec1n President<\/b>\u00a0t\u1ef1 h\u00e0o c\u00f3 th\u1ec3 ph\u1ee5c v\u1ee5\u00a0<b>h\u01a1n 40 m\u00f3n \u0103n n\u1ed5i ti\u1ebfng \u0111\u01b0\u1ee3c ch\u1ebf bi\u1ebfn b\u1edfi \u0111\u1ea7u b\u1ebfp John<\/b>\u00a0v\u1edbi h\u01b0\u01a1ng v\u1ecb mang \u0111\u1eadm phong c\u00e1ch ch\u00e2u \u00e2u v\u00e0 ch\u00e2u \u00e1.<\/p>\n<p>Kh\u00f4ng nh\u1eefng th\u1ebf, du thuy\u1ec1n c\u00f2n n\u1ed5i ti\u1ebfng v\u1edbi d\u1ecbch v\u1ee5 gi\u1ea3i tr\u00ed bu\u1ed5i t\u1ed1i \u0111\u1ed9c \u0111\u00e1o v\u1edbi\u00a0<b>ban nh\u1ea1c Jazz \u0111\u1ebfn t\u1eeb Brazillan v\u00e0 d\u1ecbch v\u1ee5 qu\u1ea3n gia chuy\u00ean nghi\u1ec7p<\/b>. V\u1edbi s\u1ef1 \u0111i\u1ec1u h\u00e0nh c\u1ee7a m\u1ed9t c\u00f4ng ty du thuy\u1ec1n h\u00e0ng \u0111\u1ea7u, ch\u00fang t\u00f4i c\u00f3 th\u1ec3 \u0111\u1ea3m b\u1ea3o r\u1eb3ng\u00a0<b>Du Thuy\u1ec1n President<\/b>\u00a0s\u1ebd mang \u0111\u1ebfn m\u1ed9t tr\u1ea3i nghi\u1ec7m tuy\u1ec7t v\u1eddi cho c\u00e1c d\u1ecbch v\u1ee5 cao c\u1ea5p v\u1edbi m\u1ed9t m\u1ee9c gi\u00e1 h\u1ee3p l\u00fd.<\/p>\n<p><b>Du thuy\u1ec1n President<\/b>\u00a0cung c\u1ea5p m\u1ed9t l\u1ecbch tr\u00ecnh v\u1edbi c\u00e1c \u0111i\u1ec3m \u0111\u1ebfn h\u1ea5p d\u1eabn v\u00e0 \u0111\u1eb9p nh\u1ea5t tr\u00ean v\u1ecbnh H\u1ea1 Long.\u00a0<b>Kh\u00e1m ph\u00e1 hang S\u1eedng S\u1ed1t<\/b>, th\u0103m hang lu\u1ed3n b\u1eb1ng thuy\u1ec1n th\u00fang ho\u1eb7c kayak. Di chuy\u1ec3n \u0111\u1ebfn \u0111\u1ea3o Titop (Soi Sim), kh\u00e1ch du l\u1ecbch c\u00f3 c\u01a1 h\u1ed9i \u0111\u1ec3\u00a0<b>leo l\u00ean \u0111\u1ec9nh Titop<\/b>\u00a0(ho\u1eb7c soi sim) v\u00e0 ng\u1eafm nh\u00ecn to\u00e0n b\u1ed9 khung c\u1ea3nh c\u1ee7a v\u1ecbnh H\u1ea1 Long.<\/p>\n","protected":false},"featured_media":1401,"comment_status":"open","ping_status":"closed","template":"","meta":{"_acf_changed":false},"product_brand":[],"product_cat":[17],"product_tag":[],"class_list":{"0":"post-1396","1":"product","2":"type-product","3":"status-publish","4":"has-post-thumbnail","6":"product_cat-du-thuyen-lan-ha","8":"first","9":"instock","10":"shipping-taxable","11":"product-type-simple"},"acf":[],"_links":{"self":[{"href":"https:\/\/ktech1.k-tech-services.com\/info356\/wp-json\/wp\/v2\/product\/1396","targetHints":{"allow":["GET"]}}],"collection":[{"href":"https:\/\/ktech1.k-tech-services.com\/info356\/wp-json\/wp\/v2\/product"}],"about":[{"href":"https:\/\/ktech1.k-tech-services.com\/info356\/wp-json\/wp\/v2\/types\/product"}],"replies":[{"embeddable":true,"href":"https:\/\/ktech1.k-tech-services.com\/info356\/wp-json\/wp\/v2\/comments?post=1396"}],"wp:featuredmedia":[{"embeddable":true,"href":"https:\/\/ktech1.k-tech-services.com\/info356\/wp-json\/wp\/v2\/media\/1401"}],"wp:attachment":[{"href":"https:\/\/ktech1.k-tech-services.com\/info356\/wp-json\/wp\/v2\/media?parent=1396"}],"wp:term":[{"taxonomy":"product_brand","embeddable":true,"href":"https:\/\/ktech1.k-tech-services.com\/info356\/wp-json\/wp\/v2\/product_brand?post=1396"},{"taxonomy":"product_cat","embeddable":true,"href":"https:\/\/ktech1.k-tech-services.com\/info356\/wp-json\/wp\/v2\/product_cat?post=1396"},{"taxonomy":"product_tag","embeddable":true,"href":"https:\/\/ktech1.k-tech-services.com\/info356\/wp-json\/wp\/v2\/product_tag?post=1396"}],"curies":[{"name":"wp","href":"https:\/\/api.w.org\/{rel}","templated":true}]}}