
{"id":1565,"date":"2025-10-05T08:40:25","date_gmt":"2025-10-05T08:40:25","guid":{"rendered":"https:\/\/ktech1.k-tech-services.com\/info356\/?post_type=product&#038;p=1565"},"modified":"2025-10-09T09:45:47","modified_gmt":"2025-10-09T09:45:47","slug":"la-pandora-cruise-du-thuyen-ngu-dem-5-sao-vinh-ha-long-vinh-lan-ha","status":"publish","type":"product","link":"https:\/\/ktech1.k-tech-services.com\/info356\/la-pandora-cruise-du-thuyen-ngu-dem-5-sao-vinh-ha-long-vinh-lan-ha\/","title":{"rendered":"La Pandora Cruise, Du thuy\u1ec1n ng\u1ee7 \u0111\u00eam 4 sao"},"content":{"rendered":"<p>N\u1ebfu b\u1ea1n \u0111ang t\u00ecm m\u1ed9t <strong data-start=\"273\" data-end=\"304\">du thuy\u1ec1n Lan H\u1ea1 gi\u00e1 h\u1ee3p l\u00fd<\/strong> nh\u01b0ng v\u1eabn gi\u1eef tr\u1ecdn n\u00e9t <strong data-start=\"328\" data-end=\"354\">sang tr\u1ecdng v\u00e0 ri\u00eang t\u01b0<\/strong>, th\u00ec <strong data-start=\"360\" data-end=\"381\">La Pandora Cruise<\/strong> ch\u1eafc ch\u1eafn s\u1ebd khi\u1ebfn b\u1ea1n h\u00e0i l\u00f2ng.<br data-start=\"414\" data-end=\"417\" \/>Thu\u1ed9c ph\u00e2n kh\u00fac <strong data-start=\"435\" data-end=\"454\">du thuy\u1ec1n 4 sao<\/strong>, La Pandora mang phong c\u00e1ch <strong data-start=\"483\" data-end=\"507\">c\u1ed5 \u0111i\u1ec3n pha hi\u1ec7n \u0111\u1ea1i<\/strong>, s\u1edf h\u1eefu 24 cabin c\u00f3 ban c\u00f4ng h\u01b0\u1edbng bi\u1ec3n.<br data-start=\"548\" data-end=\"551\" \/>H\u00e0nh tr\u00ecnh kh\u1edfi h\u00e0nh t\u1eeb <strong data-start=\"577\" data-end=\"593\">v\u1ecbnh H\u1ea1 Long<\/strong> sang v\u1ecbnh Lan H\u1ea1 \u0111\u01b0a qua nh\u1eefng v\u00f9ng n\u01b0\u1edbc ng\u1ecdc b\u00edch, kh\u00e1m ph\u00e1 v\u1ebb \u0111\u1eb9p hoang s\u01a1 v\u00e0 thanh b\u00ecnh thi\u00ean nhi\u00ean ban t\u1eb7ng n\u01a1i \u0111\u00e2y<\/p>\n","protected":false},"excerpt":{"rendered":"<p>N\u1ebfu b\u1ea1n \u0111ang t\u00ecm m\u1ed9t du thuy\u1ec1n Lan H\u1ea1 gi\u00e1 h\u1ee3p l\u00fd nh\u01b0ng v\u1eabn gi\u1eef tr\u1ecdn n\u00e9t sang tr\u1ecdng v\u00e0 ri\u00eang t\u01b0, th\u00ec La Pandora Cruise ch\u1eafc ch\u1eafn s\u1ebd khi\u1ebfn b\u1ea1n h\u00e0i l\u00f2ng.Thu\u1ed9c ph\u00e2n kh\u00fac du thuy\u1ec1n 4 sao, La Pandora mang phong c\u00e1ch c\u1ed5 \u0111i\u1ec3n pha hi\u1ec7n \u0111\u1ea1i, s\u1edf h\u1eefu 24 cabin c\u00f3 ban&#8230;<\/p>\n","protected":false},"featured_media":1703,"comment_status":"open","ping_status":"closed","template":"","meta":{"_acf_changed":false},"product_brand":[],"product_cat":[15],"product_tag":[],"class_list":{"0":"post-1565","1":"product","2":"type-product","3":"status-publish","4":"has-post-thumbnail","6":"product_cat-du-thuyen-ha-long","8":"first","9":"instock","10":"sale","11":"shipping-taxable","12":"purchasable","13":"product-type-simple"},"acf":[],"_links":{"self":[{"href":"https:\/\/ktech1.k-tech-services.com\/info356\/wp-json\/wp\/v2\/product\/1565","targetHints":{"allow":["GET"]}}],"collection":[{"href":"https:\/\/ktech1.k-tech-services.com\/info356\/wp-json\/wp\/v2\/product"}],"about":[{"href":"https:\/\/ktech1.k-tech-services.com\/info356\/wp-json\/wp\/v2\/types\/product"}],"replies":[{"embeddable":true,"href":"https:\/\/ktech1.k-tech-services.com\/info356\/wp-json\/wp\/v2\/comments?post=1565"}],"wp:featuredmedia":[{"embeddable":true,"href":"https:\/\/ktech1.k-tech-services.com\/info356\/wp-json\/wp\/v2\/media\/1703"}],"wp:attachment":[{"href":"https:\/\/ktech1.k-tech-services.com\/info356\/wp-json\/wp\/v2\/media?parent=1565"}],"wp:term":[{"taxonomy":"product_brand","embeddable":true,"href":"https:\/\/ktech1.k-tech-services.com\/info356\/wp-json\/wp\/v2\/product_brand?post=1565"},{"taxonomy":"product_cat","embeddable":true,"href":"https:\/\/ktech1.k-tech-services.com\/info356\/wp-json\/wp\/v2\/product_cat?post=1565"},{"taxonomy":"product_tag","embeddable":true,"href":"https:\/\/ktech1.k-tech-services.com\/info356\/wp-json\/wp\/v2\/product_tag?post=1565"}],"curies":[{"name":"wp","href":"https:\/\/api.w.org\/{rel}","templated":true}]}}