
{"id":1698,"date":"2025-10-08T10:27:12","date_gmt":"2025-10-08T10:27:12","guid":{"rendered":"https:\/\/ktech1.k-tech-services.com\/info356\/?post_type=product&#038;p=1698"},"modified":"2025-10-16T10:08:17","modified_gmt":"2025-10-16T10:08:17","slug":"peony-cruise-du-thuyen-4-sao-vinh-ha-long","status":"publish","type":"product","link":"https:\/\/ktech1.k-tech-services.com\/info356\/peony-cruise-du-thuyen-4-sao-vinh-ha-long\/","title":{"rendered":"Peony Cruise, Du thuy\u1ec1n 5 sao v\u1ecbnh H\u1ea1 Long"},"content":{"rendered":"<p>Du thuy\u1ec1n Peony Cruise l\u00e0 m\u1ed9t trong nh\u1eefng du thuy\u1ec1n 4 sao cao c\u1ea5p \u0111\u01b0\u1ee3c y\u00eau th\u00edch nh\u1ea5t tr\u00ean v\u1ecbnh Lan H\u1ea1 &#8211; H\u1ea1 Long. V\u1edbi thi\u1ebft k\u1ebf sang tr\u1ecdng, 20 cabin t\u1ea5t c\u1ea3 \u0111\u1ec1u c\u00f3 ban c\u00f4ng ri\u00eang h\u01b0\u1edbng bi\u1ec3n. C\u00f3 b\u1ec3 b\u01a1i tr\u00ean t\u00e0u mang \u0111\u1ebfn cho Qu\u00fd kh\u00e1ch h\u00e0nh tr\u00ecnh ngh\u1ec9 d\u01b0\u1ee1ng \u0111\u1eb3ng c\u1ea5p.<\/p>\n","protected":false},"excerpt":{"rendered":"<p data-start=\"173\" data-end=\"587\">Du thuy\u1ec1n Peony Cruise l\u00e0 du thuy\u1ec1n 4 sao \u0111\u01b0\u1ee3c nhi\u1ec1u du kh\u00e1ch l\u1ef1a ch\u1ecdn y\u00eau th\u00edch nh\u1ea5t tr\u00ean v\u1ecbnh H\u1ea1 Long<\/p>\n","protected":false},"featured_media":1725,"comment_status":"open","ping_status":"closed","template":"","meta":{"_acf_changed":false},"product_brand":[],"product_cat":[15],"product_tag":[],"class_list":{"0":"post-1698","1":"product","2":"type-product","3":"status-publish","4":"has-post-thumbnail","6":"product_cat-du-thuyen-ha-long","8":"first","9":"instock","10":"sale","11":"shipping-taxable","12":"purchasable","13":"product-type-simple"},"acf":[],"_links":{"self":[{"href":"https:\/\/ktech1.k-tech-services.com\/info356\/wp-json\/wp\/v2\/product\/1698","targetHints":{"allow":["GET"]}}],"collection":[{"href":"https:\/\/ktech1.k-tech-services.com\/info356\/wp-json\/wp\/v2\/product"}],"about":[{"href":"https:\/\/ktech1.k-tech-services.com\/info356\/wp-json\/wp\/v2\/types\/product"}],"replies":[{"embeddable":true,"href":"https:\/\/ktech1.k-tech-services.com\/info356\/wp-json\/wp\/v2\/comments?post=1698"}],"wp:featuredmedia":[{"embeddable":true,"href":"https:\/\/ktech1.k-tech-services.com\/info356\/wp-json\/wp\/v2\/media\/1725"}],"wp:attachment":[{"href":"https:\/\/ktech1.k-tech-services.com\/info356\/wp-json\/wp\/v2\/media?parent=1698"}],"wp:term":[{"taxonomy":"product_brand","embeddable":true,"href":"https:\/\/ktech1.k-tech-services.com\/info356\/wp-json\/wp\/v2\/product_brand?post=1698"},{"taxonomy":"product_cat","embeddable":true,"href":"https:\/\/ktech1.k-tech-services.com\/info356\/wp-json\/wp\/v2\/product_cat?post=1698"},{"taxonomy":"product_tag","embeddable":true,"href":"https:\/\/ktech1.k-tech-services.com\/info356\/wp-json\/wp\/v2\/product_tag?post=1698"}],"curies":[{"name":"wp","href":"https:\/\/api.w.org\/{rel}","templated":true}]}}