
{"id":334,"date":"2025-08-21T10:05:12","date_gmt":"2025-08-21T10:05:12","guid":{"rendered":"https:\/\/ktech1.k-tech-services.com\/info356\/?post_type=product&#038;p=334"},"modified":"2025-09-30T09:12:49","modified_gmt":"2025-09-30T09:12:49","slug":"du-thuyen-grand-pioneers","status":"publish","type":"product","link":"https:\/\/ktech1.k-tech-services.com\/info356\/du-thuyen-grand-pioneers\/","title":{"rendered":"Du Thuy\u1ec1n Grand Pioneers"},"content":{"rendered":"<p>H\u1ea1 th\u1ee7y v\u00e0o th\u00e1ng 11 n\u0103m\u00a02023,\u00a0<b>2<\/b>\u00a0<b>si\u00eau du thuy\u1ec1n Grand Pioneers\u00a0<\/b>l\u00e0 m\u1ed9t ki\u1ec7t t\u00e1c m\u1edbi c\u1ee7a\u00a0Vi\u1ec7t Thu\u1eadn Group &#8211; doanh nghi\u1ec7p h\u00e0ng \u0111\u1ea7u v\u1ec1 l\u0129nh v\u1ef1c v\u1eadn t\u1ea3i \u0111\u01b0\u1eddng thu\u1ef7, \u0111\u01b0\u1eddng bi\u1ec3n n\u1ed9i \u0111\u1ecba v\u00e0 v\u1eadn t\u1ea3i bi\u1ec3n qu\u1ed1c t\u1ebf, ph\u1ed1i h\u1ee3p c\u00f9ng c\u00f4ng ty \u0111\u00f3ng t\u00e0u H\u1ea1 Long, du thuy\u1ec1n Grand Pioneers\u00a0t\u1ef1 h\u00e0o l\u00e0 si\u00eau du thuy\u1ec1n xanh, an to\u00e0n v\u00e0 hi\u1ec7n \u0111\u1ea1i \u0111\u1ea7u ti\u00ean tr\u00ean V\u1ecbnh di s\u1ea3n. Du thuy\u1ec1n th\u00e9p 5 t\u1ea7ng n\u00e0y l\u00e0 du thuy\u1ec1n ngh\u1ec9 \u0111\u00eam l\u1edbn nh\u1ea5t \u1edf V\u1ecbnh H\u1ea1 Long, \u0111\u01b0\u1ee3c thi\u1ebft k\u1ebf v\u1edbi 56 ph\u00f2ng kh\u00e1ch trang nh\u00e3 v\u00e0 r\u1ed9ng r\u00e3i. Du thuy\u1ec1n h\u1ea5p d\u1eabn v\u1edbi l\u1ecbch tr\u00ecnh \u0111\u1ed9c \u0111\u00e1o kh\u00e1m ph\u00e1 V\u1ecbnh H\u1ea1 Long ch\u1eafc ch\u1eafn s\u1ebd mang \u0111\u1ebfn nh\u1eefng tr\u1ea3i nghi\u1ec7m tuy\u1ec7t v\u1eddi cho t\u1ea5t c\u1ea3 du kh\u00e1ch tr\u00ean t\u00e0u. \u0110i\u1ec1u s\u1ebd l\u00e0m b\u1ea1n ng\u1ea1c nhi\u00ean h\u01a1n c\u1ea3 l\u00e0 m\u1ed9t lo\u1ea1t c\u00e1c ti\u1ec7n \u00edch hi\u1ec7n \u0111\u1ea1i tr\u00ean du thuy\u1ec1n ph\u00f9 h\u1ee3p v\u1edbi m\u1ecdi nhu c\u1ea7u, bao g\u1ed3m b\u1ec3 b\u01a1i n\u01b0\u1edbc m\u1eb7n v\u00f4 c\u1ef1c, m\u00e0n h\u00ecnh t\u00e1c \u0111\u1ed9ng m\u00f4 ph\u1ecfng ch\u01a1i golf, ph\u00f2ng t\u1eadp th\u1ec3 d\u1ee5c v\u00e0 yoga, ph\u00f2ng h\u1ed9i ngh\u1ecb, ph\u00f2ng r\u01b0\u1ee3u vang &amp; x\u00ec g\u00e0, th\u01b0 vi\u1ec7n nh\u1ecf v\u00e0 khu \u0111\u1ecdc s\u00e1ch; c\u00e2u l\u1ea1c b\u1ed9 tr\u1ebb em, v.v. \u0110\u1eafm ch\u00ecm trong tr\u1ea3i nghi\u1ec7m ngo\u1ea1n m\u1ee5c v\u1ec1 s\u1ef1 tho\u1ea3i m\u00e1i, sang tr\u1ecdng v\u00e0 phong c\u00e1ch v\u1edbi si\u00eau du thuy\u1ec1n Grand Pioneers.<\/p>\n","protected":false},"excerpt":{"rendered":"<p><b>Du thuy\u1ec1n Essence Grand<\/b>\u00a0l\u00e0 m\u1ed9t trong nh\u1eefng Si\u00eau Du Thuy\u1ec1n to nh\u1ea5t v\u1ecbnh h\u1ea1 long v\u1edbi 55 ph\u00f2ng Ph\u00f2ng ngh\u1ec9 cao c\u1ea5p tr\u00ean si\u00eau du thuy\u1ec1n v\u1edbi thi\u1ebft k\u1ebf t\u1ed5ng th\u1ec3 theo ti\u00eau chu\u1ea9n an to\u00e0n qu\u1ed1c t\u1ebf b\u1eadc nh\u1ea5t trong khu v\u1ef1c v\u1edbi nh\u00e0 h\u00e0ng Dining Bay The Bay sang tr\u1ecdng v\u1edbi di\u1ec7n t\u00edch l\u00ean t\u1edbi 300m2 ph\u00f9 h\u1ee3p cho c\u00f4ng ty l\u1edbn h\u1ed9i ngh\u1ecb, h\u1ed9i th\u1ea3o s\u1ee9c ch\u1ee9a l\u00ean t\u1edbi 120 kh\u00e1ch.<\/p>\n<p><b>Du Thuy\u1ec1n Essence Grand<\/b>\u00a0s\u1ebd l\u00e0 m\u1ed9t l\u1ef1a ch\u1ecdn l\u00fd t\u01b0\u1edfng cho nh\u1eefng du kh\u00e1ch \u0111ang t\u00ecm ki\u1ebfm d\u1ecbch v\u1ee5 \u0111\u1eb3ng c\u1ea5p hay mu\u1ed1n tr\u1ea3i nghi\u1ec7m k\u00ec ngh\u1ec9 d\u01b0\u1ee1ng th\u01b0\u1ee3ng l\u01b0u, kh\u00e1m ph\u00e1 c\u00e1c kh\u00f4ng gian gi\u1ea3i tr\u00ed xa hoa b\u1eadc nh\u1ea5t nh\u01b0 h\u1ec7 th\u1ed1ng spa \u0111\u1eb3ng c\u1ea5p 5 *, check in t\u1ea1i Skybar tr\u00ean Sundeck, h\u1ea7m r\u01b0\u1ee3u, Cigar sang tr\u1ecdng, ph\u00f2ng t\u1eadp 3D Golf v\u00e0 Fitness Center r\u1ed9ng r\u00e3i v\u1edbi trang thi\u1ebft b\u1ecb t\u1eadp luy\u1ec7n cao c\u1ea5p.<\/p>\n","protected":false},"featured_media":335,"comment_status":"open","ping_status":"closed","template":"","meta":{"_acf_changed":false},"product_brand":[],"product_cat":[15,17],"product_tag":[],"class_list":{"0":"post-334","1":"product","2":"type-product","3":"status-publish","4":"has-post-thumbnail","6":"product_cat-du-thuyen-ha-long","7":"product_cat-du-thuyen-lan-ha","9":"first","10":"instock","11":"sale","12":"shipping-taxable","13":"purchasable","14":"product-type-simple"},"acf":[],"_links":{"self":[{"href":"https:\/\/ktech1.k-tech-services.com\/info356\/wp-json\/wp\/v2\/product\/334","targetHints":{"allow":["GET"]}}],"collection":[{"href":"https:\/\/ktech1.k-tech-services.com\/info356\/wp-json\/wp\/v2\/product"}],"about":[{"href":"https:\/\/ktech1.k-tech-services.com\/info356\/wp-json\/wp\/v2\/types\/product"}],"replies":[{"embeddable":true,"href":"https:\/\/ktech1.k-tech-services.com\/info356\/wp-json\/wp\/v2\/comments?post=334"}],"wp:featuredmedia":[{"embeddable":true,"href":"https:\/\/ktech1.k-tech-services.com\/info356\/wp-json\/wp\/v2\/media\/335"}],"wp:attachment":[{"href":"https:\/\/ktech1.k-tech-services.com\/info356\/wp-json\/wp\/v2\/media?parent=334"}],"wp:term":[{"taxonomy":"product_brand","embeddable":true,"href":"https:\/\/ktech1.k-tech-services.com\/info356\/wp-json\/wp\/v2\/product_brand?post=334"},{"taxonomy":"product_cat","embeddable":true,"href":"https:\/\/ktech1.k-tech-services.com\/info356\/wp-json\/wp\/v2\/product_cat?post=334"},{"taxonomy":"product_tag","embeddable":true,"href":"https:\/\/ktech1.k-tech-services.com\/info356\/wp-json\/wp\/v2\/product_tag?post=334"}],"curies":[{"name":"wp","href":"https:\/\/api.w.org\/{rel}","templated":true}]}}