{"id":1389,"date":"2026-02-02T15:59:32","date_gmt":"2026-02-02T15:59:32","guid":{"rendered":"https:\/\/ktech1.k-tech-services.com\/info526\/san-pham\/mau-gach-gia-da-mai-mat-gd01-2-2\/"},"modified":"2026-02-02T16:00:36","modified_gmt":"2026-02-02T16:00:36","slug":"mau-gach-gia-da-mai-mat-gd01-2-2","status":"publish","type":"product","link":"https:\/\/ktech1.k-tech-services.com\/info526\/san-pham\/mau-gach-gia-da-mai-mat-gd01-2-2\/","title":{"rendered":"M\u1eabu g\u1ea1ch gi\u1ea3 \u0111\u00e1 m\u00e0i m\u1eb7t \u2013 G\u011003"},"content":{"rendered":"<ul>\n<li data-start=\"3143\" data-end=\"3175\">\n<p data-start=\"3145\" data-end=\"3175\">B\u1ec1 m\u1eb7t m\u00e0i nh\u1eb5n, v\u00e2n \u0111\u00e1 r\u00f5 n\u00e9t<\/p>\n<\/li>\n<li data-start=\"3176\" data-end=\"3206\">\n<p data-start=\"3178\" data-end=\"3206\">Mang l\u1ea1i c\u1ea3m gi\u00e1c sang tr\u1ecdng<\/p>\n<\/li>\n<li data-start=\"3207\" data-end=\"3228\">\n<p data-start=\"3209\" data-end=\"3228\">D\u1ec5 v\u1ec7 sinh, b\u1ea3o tr\u00ec<\/p>\n<\/li>\n<li data-start=\"3229\" data-end=\"3267\">\n<p data-start=\"3231\" data-end=\"3267\">Ch\u1ecbu m\u00e0i m\u00f2n v\u00e0 th\u1eddi ti\u1ebft ngo\u00e0i tr\u1eddi<\/p>\n<\/li>\n<li data-start=\"3268\" data-end=\"3306\">\n<p data-start=\"3270\" data-end=\"3306\">Ph\u00f9 h\u1ee3p c\u00f4ng tr\u00ecnh c\u1ea3nh quan cao c\u1ea5p<\/p>\n<\/li>\n<\/ul>\n","protected":false},"excerpt":{"rendered":"<ul>\n<li data-start=\"2325\" data-end=\"2361\">\n<p data-start=\"2327\" data-end=\"2361\">B\u1ec1 m\u1eb7t \u0111\u01b0\u1ee3c m\u00e0i nh\u1eb5n, v\u00e2n \u0111\u00e1 \u0111\u1eb9p<\/p>\n<\/li>\n<li data-start=\"2362\" data-end=\"2390\">\n<p data-start=\"2364\" data-end=\"2390\">\u0110\u1ed9 b\u1ec1n cao, \u00edt tr\u1ea7y x\u01b0\u1edbc<\/p>\n<\/li>\n<li data-start=\"2391\" data-end=\"2443\">\n<p data-start=\"2393\" data-end=\"2443\">Th\u00edch h\u1ee3p s\u00e2n v\u01b0\u1eddn, v\u1ec9a h\u00e8, c\u00f4ng tr\u00ecnh c\u00f4ng c\u1ed9ng<\/p>\n<\/li>\n<li data-start=\"2444\" data-end=\"2488\">\n<p data-start=\"2446\" data-end=\"2488\">Mang l\u1ea1i v\u1ebb ngo\u00e0i sang tr\u1ecdng v\u00e0 hi\u1ec7n \u0111\u1ea1i<\/p>\n<\/li>\n<\/ul>\n","protected":false},"featured_media":1386,"template":"","meta":[],"product_brand":[],"product_cat":[66],"product_tag":[],"class_list":{"0":"post-1389","1":"product","2":"type-product","3":"status-publish","4":"has-post-thumbnail","6":"product_cat-gach-be-tong-cuong-do-cao","8":"first","9":"instock","10":"shipping-taxable","11":"product-type-simple"},"_links":{"self":[{"href":"https:\/\/ktech1.k-tech-services.com\/info526\/wp-json\/wp\/v2\/product\/1389","targetHints":{"allow":["GET"]}}],"collection":[{"href":"https:\/\/ktech1.k-tech-services.com\/info526\/wp-json\/wp\/v2\/product"}],"about":[{"href":"https:\/\/ktech1.k-tech-services.com\/info526\/wp-json\/wp\/v2\/types\/product"}],"wp:featuredmedia":[{"embeddable":true,"href":"https:\/\/ktech1.k-tech-services.com\/info526\/wp-json\/wp\/v2\/media\/1386"}],"wp:attachment":[{"href":"https:\/\/ktech1.k-tech-services.com\/info526\/wp-json\/wp\/v2\/media?parent=1389"}],"wp:term":[{"taxonomy":"product_brand","embeddable":true,"href":"https:\/\/ktech1.k-tech-services.com\/info526\/wp-json\/wp\/v2\/product_brand?post=1389"},{"taxonomy":"product_cat","embeddable":true,"href":"https:\/\/ktech1.k-tech-services.com\/info526\/wp-json\/wp\/v2\/product_cat?post=1389"},{"taxonomy":"product_tag","embeddable":true,"href":"https:\/\/ktech1.k-tech-services.com\/info526\/wp-json\/wp\/v2\/product_tag?post=1389"}],"curies":[{"name":"wp","href":"https:\/\/api.w.org\/{rel}","templated":true}]}}