{"id":12,"date":"2025-06-15T09:49:08","date_gmt":"2025-06-15T09:49:08","guid":{"rendered":"http:\/\/localhost:8888\/info262\/?page_id=12"},"modified":"2026-04-13T04:33:45","modified_gmt":"2026-04-13T04:33:45","slug":"lien-he","status":"publish","type":"page","link":"https:\/\/ktech1.k-tech-services.com\/info684\/lien-he\/","title":{"rendered":"Li\u00ean h\u1ec7"},"content":{"rendered":"<div class=\"row row-collapse row-full-width obelix-contact--five\"  id=\"row-1599055348\">\n\n\t<div id=\"col-1922128049\" class=\"col small-12 large-12\"  >\n\t\t\t\t<div class=\"col-inner\"  >\n\t\t\t\n\t\t\t\n  <div id=\"page-header-1387406815\" class=\"page-header-wrapper\">\n  <div class=\"page-title dark simple-title\">\n\n        <div class=\"page-title-bg\">\n      <div class=\"title-bg fill bg-fill\"\n        data-parallax-container=\".page-title\"\n        data-parallax-background\n        data-parallax=\"-\">\n      <\/div>\n      <div class=\"title-overlay fill\"><\/div>\n    <\/div>\n    \n    <div class=\"page-title-inner container align-center text-center flex-row-col medium-flex-wrap\" >\n              <div class=\"title-wrapper is-xxlarge flex-col\">\n          <h1 class=\"entry-title mb-0\">\n            Li\u00ean h\u1ec7 v\u1edbi ch\u00fang t\u00f4i          <\/h1>\n        <\/div>\n                    <div class=\"title-content flex-col\">\n        <div class=\"title-breadcrumbs pb-half pt-half\"><\/div>      <\/div>\n    <\/div>\n\n     \n<style>\n#page-header-1387406815 .page-title-inner {\n  min-height: 231px;\n}\n#page-header-1387406815 .title-bg {\n  background-image: url(https:\/\/ktech1.k-tech-services.com\/info684\/wp-content\/uploads\/2026\/03\/202916288572334245928.jpg);\n}\n#page-header-1387406815 .title-overlay {\n  background-color: rgba(0,0,0,.5);\n}\n@media (min-width:550px) {\n  #page-header-1387406815 .page-title-inner {\n    min-height: 325px;\n  }\n}\n@media (min-width:850px) {\n  #page-header-1387406815 .page-title-inner {\n    min-height: 435px;\n  }\n}\n<\/style>\n  <\/div>\n    <\/div>\n  \n\t\t<\/div>\n\t\t\t\t\n<style>\n#col-1922128049 > .col-inner {\n  border-radius: 15px;\n}\n<\/style>\n\t<\/div>\n\n\t\n\n<style>\n#row-1599055348 > .col > .col-inner {\n  background-color: rgb(244, 244, 244);\n}\n<\/style>\n<\/div>\n\n\t<section class=\"section obelix-contact--five\" id=\"section_288812572\">\n\t\t<div class=\"section-bg fill\" >\n\t\t\t\t\t\t\t\t\t\n\t\t\t\n\n\t\t<\/div>\n\n\t\t\n\n\t\t<div class=\"section-content relative\">\n\t\t\t\n<div class=\"row row-large align-equal align-center contact-us-box\"  id=\"row-1517501066\">\n\n\t<div id=\"col-1708030157\" class=\"col medium-5 small-12 large-6\"  >\n\t\t\t\t<div class=\"col-inner\"  >\n\t\t\t\n\t\t\t\n\t<div class=\"img has-hover x md-x lg-x y md-y lg-y\" id=\"image_1215977256\">\n\t\t\t\t\t\t\t\t<div class=\"img-inner image-cover dark\" style=\"padding-top:70%;\">\n\t\t\t<img loading=\"lazy\" decoding=\"async\" width=\"1280\" height=\"960\" src=\"https:\/\/ktech1.k-tech-services.com\/info684\/wp-content\/uploads\/2026\/04\/19790312264753180833.jpg\" class=\"attachment-original size-original\" alt=\"\" srcset=\"https:\/\/ktech1.k-tech-services.com\/info684\/wp-content\/uploads\/2026\/04\/19790312264753180833.jpg 1280w, https:\/\/ktech1.k-tech-services.com\/info684\/wp-content\/uploads\/2026\/04\/19790312264753180833-300x225.jpg 300w, https:\/\/ktech1.k-tech-services.com\/info684\/wp-content\/uploads\/2026\/04\/19790312264753180833-1024x768.jpg 1024w, https:\/\/ktech1.k-tech-services.com\/info684\/wp-content\/uploads\/2026\/04\/19790312264753180833-768x576.jpg 768w\" sizes=\"auto, (max-width: 1280px) 100vw, 1280px\" \/>\t\t\t\t\t\t\n\t\t\t\t\t<\/div>\n\t\t\t\t\t\t\t\t\n<style>\n#image_1215977256 {\n  width: 100%;\n}\n<\/style>\n\t<\/div>\n\t\n\t<div id=\"gap-1435011998\" class=\"gap-element clearfix\" style=\"display:block; height:auto;\">\n\t\t\n<style>\n#gap-1435011998 {\n  padding-top: 16px;\n}\n@media (min-width:550px) {\n  #gap-1435011998 {\n    padding-top: 30px;\n  }\n}\n<\/style>\n\t<\/div>\n\t\n\n\t\t<div class=\"icon-box featured-box icon-box-left text-left\"  >\n\t\t\t\t\t<div class=\"icon-box-img\" style=\"width: 55px\">\n\t\t\t\t<div class=\"icon\">\n\t\t\t\t\t<div class=\"icon-inner\" >\n\t\t\t\t\t\t<svg xmlns=\"http:\/\/www.w3.org\/2000\/svg\" viewBox=\"0 0 512 512\"><!--! Font Awesome Pro 6.4.2 by @fontawesome - https:\/\/fontawesome.com License - https:\/\/fontawesome.com\/license (Commercial License) Copyright 2023 Fonticons, Inc. --><path d=\"M375.8 275.2c-16.4-7-35.4-2.4-46.7 11.4l-33.2 40.6c-46-26.7-84.4-65.1-111.1-111.1L225.3 183c13.8-11.3 18.5-30.3 11.4-46.7l-48-112C181.2 6.7 162.3-3.1 143.6 .9l-112 24C13.2 28.8 0 45.1 0 64v0C0 300.7 183.5 494.5 416 510.9c4.5 .3 9.1 .6 13.7 .8c0 0 0 0 0 0c0 0 0 0 .1 0c6.1 .2 12.1 .4 18.3 .4l0 0c18.9 0 35.2-13.2 39.1-31.6l24-112c4-18.7-5.8-37.6-23.4-45.1l-112-48zM447.7 480C218.1 479.8 32 293.7 32 64v0 0 0 0 0 0 0 0 0 0 0 0 0 0 0 0 0 0 0 0 0 0 0 0c0-3.8 2.6-7 6.3-7.8l112-24c3.7-.8 7.5 1.2 9 4.7l48 112c1.4 3.3 .5 7.1-2.3 9.3l-40.6 33.2c-12.1 9.9-15.3 27.2-7.4 40.8c29.5 50.9 71.9 93.3 122.7 122.7c13.6 7.9 30.9 4.7 40.8-7.4l33.2-40.6c2.3-2.8 6.1-3.7 9.3-2.3l112 48c3.5 1.5 5.5 5.3 4.7 9l-24 112c-.8 3.7-4.1 6.3-7.8 6.3c-.1 0-.2 0-.3 0z\"\/><\/svg>\t\t\t\t\t<\/div>\n\t\t\t\t<\/div>\n\t\t\t<\/div>\n\t\t\t\t<div class=\"icon-box-text last-reset\">\n\t\t\t\t\t\t\t\t\t\n\t<div id=\"text-3442545860\" class=\"text\">\n\t\t\n<p>Contact Details<\/p>\n\t\t\n<style>\n#text-3442545860 {\n  font-size: 1rem;\n}\n<\/style>\n\t<\/div>\n\t\n\t<div id=\"text-3722830861\" class=\"text\">\n\t\t\n<p>0943353974<\/p>\n\t\t\n<style>\n#text-3722830861 {\n  font-size: 1.8rem;\n}\n<\/style>\n\t<\/div>\n\t\n\t\t<\/div>\n\t<\/div>\n\t\n\t\n\n\t\t<div class=\"icon-box featured-box icon-box-left text-left\"  >\n\t\t\t\t\t<div class=\"icon-box-img\" style=\"width: 55px\">\n\t\t\t\t<div class=\"icon\">\n\t\t\t\t\t<div class=\"icon-inner\" >\n\t\t\t\t\t\t<svg xmlns=\"http:\/\/www.w3.org\/2000\/svg\" viewBox=\"0 0 384 512\"><!--! Font Awesome Pro 6.4.2 by @fontawesome - https:\/\/fontawesome.com License - https:\/\/fontawesome.com\/license (Commercial License) Copyright 2023 Fonticons, Inc. --><path d=\"M352 192c0-88.4-71.6-160-160-160S32 103.6 32 192c0 15.6 5.4 37 16.6 63.4c10.9 25.9 26.2 54 43.6 82.1c34.1 55.3 74.4 108.2 99.9 140c25.4-31.8 65.8-84.7 99.9-140c17.3-28.1 32.7-56.3 43.6-82.1C346.6 229 352 207.6 352 192zm32 0c0 87.4-117 243-168.3 307.2c-12.3 15.3-35.1 15.3-47.4 0C117 435 0 279.4 0 192C0 86 86 0 192 0S384 86 384 192zm-240 0a48 48 0 1 0 96 0 48 48 0 1 0 -96 0zm48 80a80 80 0 1 1 0-160 80 80 0 1 1 0 160z\"\/><\/svg>\t\t\t\t\t<\/div>\n\t\t\t\t<\/div>\n\t\t\t<\/div>\n\t\t\t\t<div class=\"icon-box-text last-reset\">\n\t\t\t\t\t\t\t\t\t\n\t<div id=\"text-2946656577\" class=\"text\">\n\t\t\n<p>Address<br \/>\n\t\t\n<style>\n#text-2946656577 {\n  font-size: 1rem;\n}\n<\/style>\n\t<\/div>\n\t\n\t<div id=\"text-2079920797\" class=\"text\">\n\t\t\n<p>Th\u00f4n \u0110o\u00e0n X\u00e1, x\u00e3 V\u00e2n \u0110\u00ecnh, th\u00e0nh ph\u1ed1 H\u00e0 N\u1ed9i, Vi\u1ec7t Nam<\/p>\n\t\t\n<style>\n#text-2079920797 {\n  font-size: 1.8rem;\n}\n<\/style>\n\t<\/div>\n\t\n\t\t<\/div>\n\t<\/div>\n\t\n\t\n\n\t\t<div class=\"icon-box featured-box icon-box-left text-left\"  >\n\t\t\t\t\t<div class=\"icon-box-img\" style=\"width: 55px\">\n\t\t\t\t<div class=\"icon\">\n\t\t\t\t\t<div class=\"icon-inner\" >\n\t\t\t\t\t\t<svg xmlns=\"http:\/\/www.w3.org\/2000\/svg\" viewBox=\"0 0 512 512\"><!--! Font Awesome Pro 6.4.2 by @fontawesome - https:\/\/fontawesome.com License - https:\/\/fontawesome.com\/license (Commercial License) Copyright 2023 Fonticons, Inc. --><path d=\"M64 96c-17.7 0-32 14.3-32 32v39.9L227.6 311.3c16.9 12.4 39.9 12.4 56.8 0L480 167.9V128c0-17.7-14.3-32-32-32H64zM32 207.6V384c0 17.7 14.3 32 32 32H448c17.7 0 32-14.3 32-32V207.6L303.3 337.1c-28.2 20.6-66.5 20.6-94.6 0L32 207.6zM0 128C0 92.7 28.7 64 64 64H448c35.3 0 64 28.7 64 64V384c0 35.3-28.7 64-64 64H64c-35.3 0-64-28.7-64-64V128z\"\/><\/svg>\t\t\t\t\t<\/div>\n\t\t\t\t<\/div>\n\t\t\t<\/div>\n\t\t\t\t<div class=\"icon-box-text last-reset\">\n\t\t\t\t\t\t\t\t\t\n\t<div id=\"text-235116497\" class=\"text\">\n\t\t\n<p>Email Us<br \/>\n\t\t\n<style>\n#text-235116497 {\n  font-size: 1rem;\n}\n<\/style>\n\t<\/div>\n\t\n\t<div id=\"text-587769919\" class=\"text\">\n\t\t\n<p>kt.xaydungkiemdinhchatluong@gmail.com<\/p>\n\t\t\n<style>\n#text-587769919 {\n  font-size: 1.8rem;\n}\n<\/style>\n\t<\/div>\n\t\n\t\t<\/div>\n\t<\/div>\n\t\n\t\n<div class=\"social-icons follow-icons full-width text-left\" style=\"font-size:101%\"><span>Follow Us:<\/span><a href=\"http:\/\/url\" target=\"_blank\" data-label=\"Facebook\" class=\"icon primary button circle tooltip facebook\" title=\"Theo d\u00f5i tr\u00ean Facebook\" aria-label=\"Theo d\u00f5i tr\u00ean Facebook\" rel=\"noopener nofollow\"><i class=\"icon-facebook\" aria-hidden=\"true\"><\/i><\/a><a href=\"http:\/\/url\" target=\"_blank\" data-label=\"Instagram\" class=\"icon primary button circle tooltip instagram\" title=\"Theo d\u00f5i tr\u00ean Instagram\" aria-label=\"Theo d\u00f5i tr\u00ean Instagram\" rel=\"noopener nofollow\"><i class=\"icon-instagram\" aria-hidden=\"true\"><\/i><\/a><a href=\"http:\/\/url\" data-label=\"Twitter\" target=\"_blank\" class=\"icon primary button circle tooltip twitter\" title=\"Theo d\u00f5i tr\u00ean Twitter\" aria-label=\"Theo d\u00f5i tr\u00ean Twitter\" rel=\"noopener nofollow\"><i class=\"icon-twitter\" aria-hidden=\"true\"><\/i><\/a><a href=\"mailto:your@email\" data-label=\"E-mail\" target=\"_blank\" class=\"icon primary button circle tooltip email\" title=\"G\u1eedi email cho ch\u00fang t\u00f4i\" aria-label=\"G\u1eedi email cho ch\u00fang t\u00f4i\" rel=\"nofollow noopener\"><i class=\"icon-envelop\" aria-hidden=\"true\"><\/i><\/a><\/div>\n\t\t<\/div>\n\t\t\t\t\n<style>\n#col-1708030157 > .col-inner {\n  padding: 13px 0px 0px 0px;\n  margin: 0px 0px 16px 0px;\n  border-radius: 30px;\n}\n@media (min-width:550px) {\n  #col-1708030157 > .col-inner {\n    padding: 28px 0px 0px 0px;\n  }\n}\n@media (min-width:850px) {\n  #col-1708030157 > .col-inner {\n    padding: 38px 0px 0px 16px;\n  }\n}\n<\/style>\n\t<\/div>\n\n\t\n\n\t<div id=\"col-1730559776\" class=\"col medium-7 small-12 large-6\"  >\n\t\t\t\t<div class=\"col-inner\"  >\n\t\t\t\n\t\t\t\n\t<div id=\"text-3867844166\" class=\"text theme-title-block\">\n\t\t\n<p>Li\u00ean h\u1ec7 v\u1edbi ch\u00fang t\u00f4i<\/p>\n\t\t\n<style>\n#text-3867844166 {\n  font-size: 1.1rem;\n  text-align: left;\n}\n@media (min-width:550px) {\n  #text-3867844166 {\n    font-size: 1.25rem;\n  }\n}\n<\/style>\n\t<\/div>\n\t\n\t<div id=\"text-1240455822\" class=\"text theme-title-block\">\n\t\t\n<h4>C\u00d4NG TY C\u1ed4 PH\u1ea6N X\u00c2Y D\u1ef0NG V\u00c0 KI\u1ec2M \u0110\u1ecaNH CH\u1ea4T L\u01af\u1ee2NG C\u00d4NG TR\u00ccNH<\/h4>\n\t\t\n<style>\n#text-1240455822 {\n  font-size: 1.9rem;\n  text-align: left;\n}\n@media (min-width:550px) {\n  #text-1240455822 {\n    font-size: 1.55rem;\n  }\n}\n<\/style>\n\t<\/div>\n\t\n\n<div class=\"wpcf7 no-js\" id=\"wpcf7-f140-o1\" lang=\"vi\" dir=\"ltr\" data-wpcf7-id=\"140\">\n<div class=\"screen-reader-response\"><p role=\"status\" aria-live=\"polite\" aria-atomic=\"true\"><\/p> <ul><\/ul><\/div>\n<form action=\"\/info684\/wp-json\/wp\/v2\/pages\/12#wpcf7-f140-o1\" method=\"post\" class=\"wpcf7-form init\" aria-label=\"Form li\u00ean h\u1ec7\" novalidate=\"novalidate\" data-status=\"init\">\n<fieldset class=\"hidden-fields-container\"><input type=\"hidden\" name=\"_wpcf7\" value=\"140\" \/><input type=\"hidden\" name=\"_wpcf7_version\" value=\"6.1.5\" \/><input type=\"hidden\" name=\"_wpcf7_locale\" value=\"vi\" \/><input type=\"hidden\" name=\"_wpcf7_unit_tag\" value=\"wpcf7-f140-o1\" \/><input type=\"hidden\" name=\"_wpcf7_container_post\" value=\"0\" \/><input type=\"hidden\" name=\"_wpcf7_posted_data_hash\" value=\"\" \/>\n<\/fieldset>\n<!-- Contact form 7 template -->\n<div class=\"row row-colapsed\" style=\"margin: 0 auto\">\n\t<div class=\"col medium-6 small-12 large-6\">\n\t\t<div class=\"col-inner\">\n\t\t\t<p><span class=\"wpcf7-form-control-wrap\" data-name=\"customer-name\"><input size=\"40\" maxlength=\"400\" class=\"wpcf7-form-control wpcf7-text wpcf7-validates-as-required\" aria-required=\"true\" aria-invalid=\"false\" placeholder=\"Your Name (required)\" value=\"\" type=\"text\" name=\"customer-name\" \/><\/span>\n\t\t\t<\/p>\n\t\t<\/div>\n\t<\/div>\n\t<div class=\"col medium-6 small-12 large-6\">\n\t\t<div class=\"col-inner\">\n\t\t\t<p><span class=\"wpcf7-form-control-wrap\" data-name=\"phone-number\"><input size=\"40\" maxlength=\"11\" minlength=\"10\" class=\"wpcf7-form-control wpcf7-tel wpcf7-validates-as-required wpcf7-text wpcf7-validates-as-tel\" aria-required=\"true\" aria-invalid=\"false\" placeholder=\"Phone Number (required)\" value=\"\" type=\"tel\" name=\"phone-number\" \/><\/span>\n\t\t\t<\/p>\n\t\t<\/div>\n\t<\/div>\n\t<div class=\"col medium-6 small-12 large-6\">\n\t\t<div class=\"col-inner\">\n\t\t\t<p><span class=\"wpcf7-form-control-wrap\" data-name=\"email\"><input size=\"40\" maxlength=\"400\" class=\"wpcf7-form-control wpcf7-email wpcf7-validates-as-required wpcf7-text wpcf7-validates-as-email\" aria-required=\"true\" aria-invalid=\"false\" placeholder=\"Your Email (required)\" value=\"\" type=\"email\" name=\"email\" \/><\/span>\n\t\t\t<\/p>\n\t\t<\/div>\n\t<\/div>\n\t<div class=\"col medium-6 small-12 large-6\">\n\t\t<div class=\"col-inner\">\n\t\t\t<p><span class=\"wpcf7-form-control-wrap\" data-name=\"subject\"><input size=\"40\" maxlength=\"400\" class=\"wpcf7-form-control wpcf7-text wpcf7-validates-as-required\" aria-required=\"true\" aria-invalid=\"false\" placeholder=\"Title\" value=\"\" type=\"text\" name=\"subject\" \/><\/span>\n\t\t\t<\/p>\n\t\t<\/div>\n\t<\/div>\n\t<div class=\"col medium-12 small-12 large-12\">\n\t\t<div class=\"col-inner\">\n\t\t\t<p><span class=\"wpcf7-form-control-wrap\" data-name=\"message\"><textarea cols=\"40\" rows=\"10\" maxlength=\"2000\" class=\"wpcf7-form-control wpcf7-textarea wpcf7-validates-as-required\" aria-required=\"true\" aria-invalid=\"false\" placeholder=\"Your Message (required)\" name=\"message\"><\/textarea><\/span>\n\t\t\t<\/p>\n\t\t<\/div>\n\t<\/div>\n\t<div class=\"col medium-12 small-12 large-12\">\n\t\t<div class=\"col-inner\">\n\t\t\t<p><span class=\"wpcf7-form-control-wrap\" data-name=\"acceptance\"><span class=\"wpcf7-form-control wpcf7-acceptance optional\"><span class=\"wpcf7-list-item\"><label><input type=\"checkbox\" name=\"acceptance\" value=\"1\" aria-invalid=\"false\" \/><span class=\"wpcf7-list-item-label\">By clicking here, I state that I have read and understood the terms and conditions.<\/span><\/label><\/span><\/span><\/span><br \/>\n<button type=\"submit\" class=\"button primary btn-custom reveal-icon wpcf7-form-control wpcf7-submit has-spinner\">G\u1eedi<\/button>\n\t\t\t<\/p>\n\t\t<\/div>\n\t<\/div>\n<\/div><div class=\"wpcf7-response-output\" aria-hidden=\"true\"><\/div>\n<\/form>\n<\/div>\n\n\t\t<\/div>\n\t\t\t\t\n<style>\n#col-1730559776 > .col-inner {\n  padding: 0px 0px 0px 0px;\n  margin: 0px 0px 0px 0px;\n  border-radius: 30px;\n}\n@media (min-width:550px) {\n  #col-1730559776 > .col-inner {\n    padding: 28px 0px 0px 0px;\n  }\n}\n@media (min-width:850px) {\n  #col-1730559776 > .col-inner {\n    padding: 38px 16px 0px 0px;\n  }\n}\n<\/style>\n\t<\/div>\n\n\t\n<\/div>\n<div class=\"row row-large align-equal align-center\"  id=\"row-142570123\">\n\n\t<div id=\"col-1470320223\" class=\"col small-12 large-12\"  >\n\t\t\t\t<div class=\"col-inner\"  >\n\t\t\t\n\t\t\t\n\t<div id=\"gap-2040508782\" class=\"gap-element clearfix\" style=\"display:block; height:auto;\">\n\t\t\n<style>\n#gap-2040508782 {\n  padding-top: 45px;\n}\n@media (min-width:550px) {\n  #gap-2040508782 {\n    padding-top: 74px;\n  }\n}\n<\/style>\n\t<\/div>\n\t\n\t<div id=\"text-2003303087\" class=\"text theme-title-block center\">\n\t\t\n<h3>Ch\u1ec9 \u0111\u01b0\u1eddng<\/h3>\n\t\t\n<style>\n#text-2003303087 {\n  font-size: 1.9rem;\n  text-align: center;\n}\n@media (min-width:550px) {\n  #text-2003303087 {\n    font-size: 1.55rem;\n  }\n}\n<\/style>\n\t<\/div>\n\t\n\t\t<div class=\"google-map-iframe\">\n\t\t\t\t\n<p><iframe src=\"https:\/\/www.google.com\/maps\/embed?pb=!1m16!1m12!1m3!1d14925.41997571461!2d105.73337966585852!3d20.736400858977948!2m3!1f0!2f0!3f0!3m2!1i1024!2i768!4f13.1!2m1!1zVGjDtG4gxJBvw6BuIFjDoSwgWMOjIFbDom4gxJDDrG5oLCBUUCBIw6AgTuG7mWksIFZp4buHdCBOYW0!5e0!3m2!1svi!2s!4v1774855047979!5m2!1svi!2s\" width=\"100%\" height=\"450\" style=\"border:0;\" allowfullscreen=\"\" loading=\"lazy\" referrerpolicy=\"no-referrer-when-downgrade\"><\/iframe><br \/>\n\t\t<\/div>\n\t\n\t\t<\/div>\n\t\t\t\t\t<\/div>\n\n\t\n<\/div>\n\t\t<\/div>\n\n\t\t\n<style>\n#section_288812572 {\n  padding-top: 0px;\n  padding-bottom: 0px;\n}\n@media (min-width:550px) {\n  #section_288812572 {\n    padding-top: 31px;\n    padding-bottom: 31px;\n  }\n}\n@media (min-width:850px) {\n  #section_288812572 {\n    padding-top: 47px;\n    padding-bottom: 47px;\n  }\n}\n<\/style>\n\t<\/section>\n\t\n","protected":false},"excerpt":{"rendered":"","protected":false},"author":1,"featured_media":0,"parent":0,"menu_order":0,"comment_status":"closed","ping_status":"closed","template":"","meta":{"_acf_changed":false,"footnotes":""},"class_list":["post-12","page","type-page","status-publish","hentry"],"acf":[],"_links":{"self":[{"href":"https:\/\/ktech1.k-tech-services.com\/info684\/wp-json\/wp\/v2\/pages\/12","targetHints":{"allow":["GET"]}}],"collection":[{"href":"https:\/\/ktech1.k-tech-services.com\/info684\/wp-json\/wp\/v2\/pages"}],"about":[{"href":"https:\/\/ktech1.k-tech-services.com\/info684\/wp-json\/wp\/v2\/types\/page"}],"author":[{"embeddable":true,"href":"https:\/\/ktech1.k-tech-services.com\/info684\/wp-json\/wp\/v2\/users\/1"}],"replies":[{"embeddable":true,"href":"https:\/\/ktech1.k-tech-services.com\/info684\/wp-json\/wp\/v2\/comments?post=12"}],"version-history":[{"count":13,"href":"https:\/\/ktech1.k-tech-services.com\/info684\/wp-json\/wp\/v2\/pages\/12\/revisions"}],"predecessor-version":[{"id":320,"href":"https:\/\/ktech1.k-tech-services.com\/info684\/wp-json\/wp\/v2\/pages\/12\/revisions\/320"}],"wp:attachment":[{"href":"https:\/\/ktech1.k-tech-services.com\/info684\/wp-json\/wp\/v2\/media?parent=12"}],"curies":[{"name":"wp","href":"https:\/\/api.w.org\/{rel}","templated":true}]}}