{"id":14,"date":"2025-06-15T09:49:53","date_gmt":"2025-06-15T09:49:53","guid":{"rendered":"http:\/\/localhost:8888\/info262\/?page_id=14"},"modified":"2026-04-09T10:22:00","modified_gmt":"2026-04-09T10:22:00","slug":"gioi-thieu","status":"publish","type":"page","link":"https:\/\/ktech1.k-tech-services.com\/info684\/gioi-thieu\/","title":{"rendered":"Gi\u1edbi thi\u1ec7u"},"content":{"rendered":"\n<div class=\"nav-breadcrumb-wrap\"><div class=\"custom-breadcrumb\"><a href=\"https:\/\/ktech1.k-tech-services.com\/info684\">Trang ch\u1ee7<\/a> \u00bb <\/div><\/div>\n\n\n\t<section class=\"section\" id=\"section_319836440\">\n\t\t<div class=\"section-bg fill\" >\n\t\t\t\t\t\t\t\t\t\n\t\t\t\n\n\t\t<\/div>\n\n\t\t\n\n\t\t<div class=\"section-content relative\">\n\t\t\t\n<div class=\"row\"  id=\"row-1906692161\">\n\n\t<div id=\"col-323697235\" class=\"col small-12 large-12\"  >\n\t\t\t\t<div class=\"col-inner\"  >\n\t\t\t\n\t\t\t\n<h1 data-path-to-node=\"2\"><b data-path-to-node=\"2\" data-index-in-node=\"0\">GI\u1edaI THI\u1ec6U CHUNG<\/b><\/h1>\n<p data-path-to-node=\"3\"><b data-path-to-node=\"3\" data-index-in-node=\"0\">C\u00f4ng ty C\u1ed5 ph\u1ea7n X\u00e2y d\u1ef1ng v\u00e0 Ki\u1ec3m \u0111\u1ecbnh Ch\u1ea5t l\u01b0\u1ee3ng C\u00f4ng tr\u00ecnh<\/b> l\u00e0 \u0111\u01a1n v\u1ecb uy t\u00edn trong l\u0129nh v\u1ef1c t\u01b0 v\u1ea5n, gi\u00e1m s\u00e1t v\u00e0 ki\u1ec3m so\u00e1t ch\u1ea5t l\u01b0\u1ee3ng x\u00e2y d\u1ef1ng. V\u1edbi gi\u00e1 tr\u1ecb c\u1ed1t l\u00f5i <b data-path-to-node=\"3\" data-index-in-node=\"163\"><br \/>\u201cCh\u00ednh x\u00e1c &#8211; Trung th\u1ef1c &#8211; T\u1eadn t\u00e2m\u201d<\/b>, ch\u00fang t\u00f4i cam k\u1ebft mang l\u1ea1i s\u1ef1 an t\u00e2m tuy\u1ec7t \u0111\u1ed1i cho m\u1ecdi c\u00f4ng tr\u00ecnh th\u00f4ng qua c\u00e1c gi\u1ea3i ph\u00e1p k\u1ef9 thu\u1eadt t\u1ed1i \u01b0u v\u00e0 k\u1ebft qu\u1ea3 ki\u1ec3m \u0111\u1ecbnh kh\u00e1ch quan.<\/p>\n<hr data-path-to-node=\"4\" \/>\n<h3 data-path-to-node=\"5\">\ud83d\udd2c <b data-path-to-node=\"5\" data-index-in-node=\"3\">N\u0103ng l\u1ef1c K\u1ef9 thu\u1eadt &amp; H\u1ec7 th\u1ed1ng Qu\u1ea3n l\u00fd<\/b><\/h3>\n<p data-path-to-node=\"6\">Tr\u1ef1c thu\u1ed9c c\u00f4ng ty l\u00e0 <b data-path-to-node=\"6\" data-index-in-node=\"22\">Trung t\u00e2m Th\u00ed nghi\u1ec7m v\u00e0 Ki\u1ec3m \u0111\u1ecbnh Ch\u1ea5t l\u01b0\u1ee3ng C\u00f4ng tr\u00ecnh<\/b>. \u0110\u00e2y l\u00e0 ph\u00f2ng th\u00ed nghi\u1ec7m chuy\u00ean ng\u00e0nh \u0111\u01b0\u1ee3c \u0111\u1ea7u t\u01b0 hi\u1ec7n \u0111\u1ea1i, v\u1eadn h\u00e0nh nghi\u00eam ng\u1eb7t theo:<\/p>\n<ul data-path-to-node=\"7\">\n<li>\n<p data-path-to-node=\"7,0,0\"><b data-path-to-node=\"7,0,0\" data-index-in-node=\"0\">H\u1ec7 th\u1ed1ng qu\u1ea3n l\u00fd ch\u1ea5t l\u01b0\u1ee3ng:<\/b> ISO 9001:2015<\/p>\n<\/li>\n<li>\n<p data-path-to-node=\"7,1,0\"><b data-path-to-node=\"7,1,0\" data-index-in-node=\"0\">N\u0103ng l\u1ef1c k\u1ef9 thu\u1eadt ph\u00f9 h\u1ee3p:<\/b> TCVN ISO\/IEC 17025:2017<\/p>\n<\/li>\n<\/ul>\n<hr data-path-to-node=\"8\" \/>\n<h3 data-path-to-node=\"9\">\ud83c\udfd7\ufe0f <b data-path-to-node=\"9\" data-index-in-node=\"4\">L\u0129nh v\u1ef1c Ho\u1ea1t \u0111\u1ed9ng Ch\u00ednh<\/b><\/h3>\n<ul data-path-to-node=\"10\">\n<li>\n<p data-path-to-node=\"10,0,0\"><b data-path-to-node=\"10,0,0\" data-index-in-node=\"0\">Th\u00ed nghi\u1ec7m chuy\u00ean ng\u00e0nh v\u1eadt li\u1ec7u x\u00e2y d\u1ef1ng:<\/b> Ki\u1ec3m tra \u0111\u1eb7c t\u00ednh k\u1ef9 thu\u1eadt c\u1ee7a b\u00ea t\u00f4ng, c\u1ed1t th\u00e9p, xi m\u0103ng, nh\u1ef1a \u0111\u01b0\u1eddng, c\u1ed1t li\u1ec7u v\u00e0 c\u00e1c lo\u1ea1i v\u1eadt li\u1ec7u x\u00e2y d\u1ef1ng m\u1edbi.<\/p>\n<\/li>\n<li>\n<p data-path-to-node=\"10,1,0\"><b data-path-to-node=\"10,1,0\" data-index-in-node=\"0\">Ki\u1ec3m \u0111\u1ecbnh ch\u1ea5t l\u01b0\u1ee3ng c\u00f4ng tr\u00ecnh:<\/b> \u0110\u00e1nh gi\u00e1 \u0111\u1ed9 an to\u00e0n k\u1ebft c\u1ea5u, th\u1eed t\u1ea3i v\u00e0 quan tr\u1eafc bi\u1ebfn d\u1ea1ng cho c\u00e1c c\u00f4ng tr\u00ecnh d\u00e2n d\u1ee5ng, giao th\u00f4ng, th\u1ee7y l\u1ee3i.<\/p>\n<\/li>\n<li>\n<p data-path-to-node=\"10,2,0\"><b data-path-to-node=\"10,2,0\" data-index-in-node=\"0\">T\u01b0 v\u1ea5n gi\u1ea3i ph\u00e1p k\u1ef9 thu\u1eadt:<\/b> \u0110\u01b0a ra c\u00e1c gi\u1ea3i ph\u00e1p kh\u1eafc ph\u1ee5c, gia c\u1ed1 v\u00e0 n\u00e2ng cao ch\u1ea5t l\u01b0\u1ee3ng c\u00f4ng tr\u00ecnh d\u1ef1a tr\u00ean d\u1eef li\u1ec7u th\u1ef1c t\u1ebf.<\/p>\n<\/li>\n<\/ul>\n<hr data-path-to-node=\"11\" \/>\n<h3 data-path-to-node=\"12\">\ud83e\udd1d <b data-path-to-node=\"12\" data-index-in-node=\"3\">Cam k\u1ebft \u0110\u1ed3ng h\u00e0nh<\/b><\/h3>\n<p data-path-to-node=\"13\">V\u1edbi \u0111\u1ed9i ng\u0169 k\u1ef9 s\u01b0 gi\u00e0u kinh nghi\u1ec7m v\u00e0 h\u1ec7 th\u1ed1ng thi\u1ebft b\u1ecb \u0111o l\u01b0\u1eddng chu\u1ea9n x\u00e1c, ch\u00fang t\u00f4i t\u1ef1 h\u00e0o l\u00e0 \u0111\u1ed1i t\u00e1c tin c\u1eady c\u1ee7a c\u00e1c nh\u00e0 th\u1ea7u v\u00e0 ch\u1ee7 \u0111\u1ea7u t\u01b0 tr\u00ean to\u00e0n qu\u1ed1c.<\/p>\n<p>\u00a0<img loading=\"lazy\" decoding=\"async\" class=\"alignnone wp-image-215 size-full\" src=\"https:\/\/ktech1.k-tech-services.com\/info684\/wp-content\/uploads\/2026\/04\/41547433514762541635.jpg\" alt=\"\" width=\"960\" height=\"1280\" srcset=\"https:\/\/ktech1.k-tech-services.com\/info684\/wp-content\/uploads\/2026\/04\/41547433514762541635.jpg 960w, https:\/\/ktech1.k-tech-services.com\/info684\/wp-content\/uploads\/2026\/04\/41547433514762541635-225x300.jpg 225w, https:\/\/ktech1.k-tech-services.com\/info684\/wp-content\/uploads\/2026\/04\/41547433514762541635-768x1024.jpg 768w\" sizes=\"auto, (max-width: 960px) 100vw, 960px\" \/> <img loading=\"lazy\" decoding=\"async\" class=\"alignnone wp-image-216 size-full\" src=\"https:\/\/ktech1.k-tech-services.com\/info684\/wp-content\/uploads\/2026\/04\/32048170930511981069.jpg\" alt=\"\" width=\"960\" height=\"1280\" srcset=\"https:\/\/ktech1.k-tech-services.com\/info684\/wp-content\/uploads\/2026\/04\/32048170930511981069.jpg 960w, https:\/\/ktech1.k-tech-services.com\/info684\/wp-content\/uploads\/2026\/04\/32048170930511981069-225x300.jpg 225w, https:\/\/ktech1.k-tech-services.com\/info684\/wp-content\/uploads\/2026\/04\/32048170930511981069-768x1024.jpg 768w\" sizes=\"auto, (max-width: 960px) 100vw, 960px\" \/> <img loading=\"lazy\" decoding=\"async\" class=\"alignnone wp-image-217 size-full\" src=\"https:\/\/ktech1.k-tech-services.com\/info684\/wp-content\/uploads\/2026\/04\/275227038511039455712.jpg\" alt=\"\" width=\"960\" height=\"1280\" srcset=\"https:\/\/ktech1.k-tech-services.com\/info684\/wp-content\/uploads\/2026\/04\/275227038511039455712.jpg 960w, https:\/\/ktech1.k-tech-services.com\/info684\/wp-content\/uploads\/2026\/04\/275227038511039455712-225x300.jpg 225w, https:\/\/ktech1.k-tech-services.com\/info684\/wp-content\/uploads\/2026\/04\/275227038511039455712-768x1024.jpg 768w\" sizes=\"auto, (max-width: 960px) 100vw, 960px\" \/>\u00a0<\/p>\n<p>\u00a0<\/p>\n\t\t<\/div>\n\t\t\t\t\t<\/div>\n\n\t\n<\/div>\n\t\t<\/div>\n\n\t\t\n<style>\n#section_319836440 {\n  padding-top: 30px;\n  padding-bottom: 30px;\n}\n<\/style>\n\t<\/section>\n\t\n","protected":false},"excerpt":{"rendered":"","protected":false},"author":1,"featured_media":0,"parent":0,"menu_order":0,"comment_status":"closed","ping_status":"closed","template":"","meta":{"_acf_changed":false,"footnotes":""},"class_list":["post-14","page","type-page","status-publish","hentry"],"acf":[],"_links":{"self":[{"href":"https:\/\/ktech1.k-tech-services.com\/info684\/wp-json\/wp\/v2\/pages\/14","targetHints":{"allow":["GET"]}}],"collection":[{"href":"https:\/\/ktech1.k-tech-services.com\/info684\/wp-json\/wp\/v2\/pages"}],"about":[{"href":"https:\/\/ktech1.k-tech-services.com\/info684\/wp-json\/wp\/v2\/types\/page"}],"author":[{"embeddable":true,"href":"https:\/\/ktech1.k-tech-services.com\/info684\/wp-json\/wp\/v2\/users\/1"}],"replies":[{"embeddable":true,"href":"https:\/\/ktech1.k-tech-services.com\/info684\/wp-json\/wp\/v2\/comments?post=14"}],"version-history":[{"count":8,"href":"https:\/\/ktech1.k-tech-services.com\/info684\/wp-json\/wp\/v2\/pages\/14\/revisions"}],"predecessor-version":[{"id":274,"href":"https:\/\/ktech1.k-tech-services.com\/info684\/wp-json\/wp\/v2\/pages\/14\/revisions\/274"}],"wp:attachment":[{"href":"https:\/\/ktech1.k-tech-services.com\/info684\/wp-json\/wp\/v2\/media?parent=14"}],"curies":[{"name":"wp","href":"https:\/\/api.w.org\/{rel}","templated":true}]}}